{"id":783379,"date":"2026-02-26T03:07:25","date_gmt":"2026-02-26T00:07:25","guid":{"rendered":"https:\/\/roveyayinevi.com.tr\/index.php\/urun\/ogrenciler-icin-ataturk-ilke-ve-inkilaplari\/"},"modified":"2026-02-27T02:57:16","modified_gmt":"2026-02-26T23:57:16","slug":"ogrenciler-icin-ataturk-ilke-ve-inkilaplari","status":"publish","type":"product","link":"https:\/\/roveyayinevi.com.tr\/index.php\/urun\/ogrenciler-icin-ataturk-ilke-ve-inkilaplari\/","title":{"rendered":"\u00d6\u011frenciler \u0130\u00e7in Atat\u00fcrk \u0130lke ve \u0130nk\u0131laplar\u0131"},"content":{"rendered":"<p>Kitap Tan\u0131t\u0131m Yaz\u0131s\u0131:Milletimiz g\u00fc\u00e7l\u00fc bir millet olmaya azmetmi\u015ftir. Bunun gereklerinden biri de kad\u0131nlar\u0131m\u0131z\u0131n her konuday\u00fckselmelerini sa\u011flamakt\u0131r. Bundan dolay\u0131 kad\u0131nlar\u0131m\u0131z ilim ve fen sahibi olacaklar ve erkekleringe\u00e7tikleri b\u00fct\u00fcn \u00f6\u011fretim basamaklar\u0131ndan ge\u00e7eceklerdir.Mustafa Kemal Atat\u00fcrkB\u00fcy\u00fck dinimiz \u00e7al\u0131\u015fmayan\u0131n insanl\u0131kla hi\u00e7 ilgisi olmad\u0131\u011f\u0131n\u0131 bildiriyor. Baz\u0131 kimseler \u00e7a\u011fda\u015f olmay\u0131 k\u00e2firolmak say\u0131yorlar. As\u0131l k\u00fcf\u00fcr onlar\u0131n bu zann\u0131d\u0131r. Bu yanl\u0131\u015f tefsiri yapanlar\u0131n maksad\u0131 \u0130sl\u00e2mlar\u0131n k\u00e2firlereesir olmas\u0131n\u0131 istemek de\u011fil de nedir? Her sar\u0131kl\u0131y\u0131 hoca sanmay\u0131n, hoca olmak sar\u0131kla de\u011fil, dima\u011flad\u0131r.Mustafa Kemal Atat\u00fcrkBenim na\u00e7iz v\u00fccudum, bir g\u00fcn elbet toprak olacakt\u0131r. Fakat T\u00fcrkiye Cumhuriyeti, ilelebet payidarkalacakt\u0131r.Mustafa Kemal Atat\u00fcrk<\/p>\n","protected":false},"excerpt":{"rendered":"<p>Kitap Tan\u0131t\u0131m Yaz\u0131s\u0131:Milletimiz g\u00fc\u00e7l\u00fc bir millet olmaya azmetmi\u015ftir. Bunun gereklerinden biri de kad\u0131nlar\u0131m\u0131z\u0131n her konuday\u00fckselmelerini sa\u011flamakt\u0131r. Bundan dolay\u0131 kad\u0131nlar\u0131m\u0131z ilim ve fen sahibi olacaklar ve erkekleringe\u00e7tikleri<span class=\"excerpt-hellip\"> [\u2026]<\/span><\/p>\n","protected":false},"featured_media":0,"template":"","meta":{"_monsterinsights_skip_tracking":false,"_monsterinsights_sitenote_active":false,"_monsterinsights_sitenote_note":"","_monsterinsights_sitenote_category":0},"product_brand":[],"product_cat":[12312,12304],"product_tag":[],"class_list":{"0":"post-783379","1":"product","2":"type-product","3":"status-publish","5":"product_cat-diger","6":"product_cat-tarih","7":"pa_cilt-ciltsiz","8":"pa_tur-kitap","9":"pa_yayinevi-parana-yayinlari","10":"pa_yazar-serkan-kurt","12":"first","13":"instock","14":"sale","15":"shipping-taxable","16":"purchasable","17":"product-type-simple"},"_links":{"self":[{"href":"https:\/\/roveyayinevi.com.tr\/index.php\/wp-json\/wp\/v2\/product\/783379","targetHints":{"allow":["GET"]}}],"collection":[{"href":"https:\/\/roveyayinevi.com.tr\/index.php\/wp-json\/wp\/v2\/product"}],"about":[{"href":"https:\/\/roveyayinevi.com.tr\/index.php\/wp-json\/wp\/v2\/types\/product"}],"wp:attachment":[{"href":"https:\/\/roveyayinevi.com.tr\/index.php\/wp-json\/wp\/v2\/media?parent=783379"}],"wp:term":[{"taxonomy":"product_brand","embeddable":true,"href":"https:\/\/roveyayinevi.com.tr\/index.php\/wp-json\/wp\/v2\/product_brand?post=783379"},{"taxonomy":"product_cat","embeddable":true,"href":"https:\/\/roveyayinevi.com.tr\/index.php\/wp-json\/wp\/v2\/product_cat?post=783379"},{"taxonomy":"product_tag","embeddable":true,"href":"https:\/\/roveyayinevi.com.tr\/index.php\/wp-json\/wp\/v2\/product_tag?post=783379"}],"curies":[{"name":"wp","href":"https:\/\/api.w.org\/{rel}","templated":true}]}}