{"id":783378,"date":"2026-02-26T03:07:16","date_gmt":"2026-02-26T00:07:16","guid":{"rendered":"https:\/\/roveyayinevi.com.tr\/index.php\/urun\/muzik-sorunlarina-bakista-ataturkun-izleri\/"},"modified":"2026-02-27T02:57:08","modified_gmt":"2026-02-26T23:57:08","slug":"muzik-sorunlarina-bakista-ataturkun-izleri","status":"publish","type":"product","link":"https:\/\/roveyayinevi.com.tr\/index.php\/urun\/muzik-sorunlarina-bakista-ataturkun-izleri\/","title":{"rendered":"M\u00fczik Sorunlar\u0131na Bak\u0131\u015fta Atat\u00fcrk\u2019\u00fcn \u0130zleri"},"content":{"rendered":"<p>Bu kitapta ele al\u0131nan konular, kavramlar ve tan\u0131mlamalar bize 18. y\u00fczy\u0131l\u0131n ikinci yar\u0131s\u0131ndan ba\u015flayarak m\u00fczik k\u00fclt\u00fcr\u00fcnde etkin olan Ayd\u0131nlanma \u00c7a\u011f\u0131\u2019ndan g\u00fcn\u00fcm\u00fcze kadarki geli\u015fmeleri ve temel \u00f6zellikleri i\u015faret eder. Otantik ve klasik yakla\u015f\u0131mlar ise m\u00fczik k\u00fclt\u00fcr\u00fcn\u00fcn olu\u015fum ve geli\u015fim a\u015famalar\u0131nda do\u011frudan belirleyici rol\u00fc olan \u00f6geleri i\u00e7erir. Atat\u00fcrk&#8217;\u00fcn m\u00fczik sorunlar\u0131na bak\u0131\u015f\u0131, \u00e7a\u011fda\u015f anlamda \u00f6nemlidir. Cumhuriyet&#8217;in kurulu\u015f d\u00f6neminde Atat\u00fcrk&#8217;\u00fcn m\u00fczi\u011fin \u00fclkemizdeki geli\u015fimine katk\u0131lar\u0131 ve b\u0131rakt\u0131\u011f\u0131 izlerle birlikte ele al\u0131nan geni\u015f kapsaml\u0131 konular, kitab\u0131n s\u00f6z\u00fc edilen i\u00e7eri\u011fine katk\u0131 sa\u011flamaktad\u0131r. G\u00fcncel sosyal, k\u00fclt\u00fcrel ve politik geli\u015fmeler g\u00f6z ard\u0131 edilmeden, hem m\u00fczik k\u00fclt\u00fcr\u00fcm\u00fcz\u00fcn daha derinli\u011fine irdelenebilece\u011fi hem de k\u00fcresel dayatmalar\u0131n m\u00fczik k\u00fclt\u00fcr\u00fcm\u00fcze verebilece\u011fi zararlar\u0131 ve \u00e7\u00f6z\u00fcmlerini daha sa\u011fl\u0131kl\u0131 de\u011ferlendirebilece\u011fimiz d\u00fc\u015f\u00fcn\u00fclm\u00fc\u015ft\u00fcr.<\/p>\n","protected":false},"excerpt":{"rendered":"<p>Bu kitapta ele al\u0131nan konular, kavramlar ve tan\u0131mlamalar bize 18. y\u00fczy\u0131l\u0131n ikinci yar\u0131s\u0131ndan ba\u015flayarak m\u00fczik k\u00fclt\u00fcr\u00fcnde etkin olan Ayd\u0131nlanma \u00c7a\u011f\u0131\u2019ndan g\u00fcn\u00fcm\u00fcze kadarki geli\u015fmeleri ve temel \u00f6zellikleri<span class=\"excerpt-hellip\"> [\u2026]<\/span><\/p>\n","protected":false},"featured_media":0,"template":"","meta":{"_monsterinsights_skip_tracking":false,"_monsterinsights_sitenote_active":false,"_monsterinsights_sitenote_note":"","_monsterinsights_sitenote_category":0},"product_brand":[],"product_cat":[14556,20810],"product_tag":[],"class_list":{"0":"post-783378","1":"product","2":"type-product","3":"status-publish","5":"product_cat-muzik","6":"product_cat-ogrenim-kitaplari","7":"pa_cilt-ciltsiz","8":"pa_tur-kitap","9":"pa_yayinevi-nobel-akademik-yayincilik","10":"pa_yazar-ugur-alpagut","12":"first","13":"instock","14":"sale","15":"shipping-taxable","16":"purchasable","17":"product-type-simple"},"_links":{"self":[{"href":"https:\/\/roveyayinevi.com.tr\/index.php\/wp-json\/wp\/v2\/product\/783378","targetHints":{"allow":["GET"]}}],"collection":[{"href":"https:\/\/roveyayinevi.com.tr\/index.php\/wp-json\/wp\/v2\/product"}],"about":[{"href":"https:\/\/roveyayinevi.com.tr\/index.php\/wp-json\/wp\/v2\/types\/product"}],"wp:attachment":[{"href":"https:\/\/roveyayinevi.com.tr\/index.php\/wp-json\/wp\/v2\/media?parent=783378"}],"wp:term":[{"taxonomy":"product_brand","embeddable":true,"href":"https:\/\/roveyayinevi.com.tr\/index.php\/wp-json\/wp\/v2\/product_brand?post=783378"},{"taxonomy":"product_cat","embeddable":true,"href":"https:\/\/roveyayinevi.com.tr\/index.php\/wp-json\/wp\/v2\/product_cat?post=783378"},{"taxonomy":"product_tag","embeddable":true,"href":"https:\/\/roveyayinevi.com.tr\/index.php\/wp-json\/wp\/v2\/product_tag?post=783378"}],"curies":[{"name":"wp","href":"https:\/\/api.w.org\/{rel}","templated":true}]}}