{"id":783377,"date":"2026-02-26T03:05:46","date_gmt":"2026-02-26T00:05:46","guid":{"rendered":"https:\/\/roveyayinevi.com.tr\/index.php\/urun\/ataturkun-savaronada-56-gunu\/"},"modified":"2026-02-27T02:55:56","modified_gmt":"2026-02-26T23:55:56","slug":"ataturkun-savaronada-56-gunu","status":"publish","type":"product","link":"https:\/\/roveyayinevi.com.tr\/index.php\/urun\/ataturkun-savaronada-56-gunu\/","title":{"rendered":"Atat\u00fcrk\u2019\u00fcn Savarona\u2019da 56 G\u00fcn\u00fc"},"content":{"rendered":"<p>Atat\u00fcrk\u2019\u00fcn son nefesini verdi\u011fi Dolmabah\u00e7e\u2019de neler ya\u015fad\u0131\u011f\u0131 bir\u00e7ok eserde ayr\u0131nt\u0131l\u0131 olarak yer almaktad\u0131r. Ancak bu s\u00fcrece gidilirken Atat\u00fcrk\u2019\u00fcn \u201c\u00e7ocuklar gibi heyecan i\u00e7inde\u201d geli\u015fini bekledi\u011fi Savarona yat\u0131nda ge\u00e7irdi\u011fi 56 g\u00fcn ve orada ya\u015fad\u0131klar\u0131 neredeyse hi\u00e7 bilinmemektedir. Oysa Savarona yat\u0131ndaki bu 56 g\u00fcn, T\u00fcrkiye Cumhuriyeti\u2019nin y\u00fcce kurucusunun \u00f6zel tarihinde \u00f6nemli anlar\u0131 bar\u0131nd\u0131rmaktad\u0131r. Elinizdeki kitapta yer alan bu anlardan biri, Barbaros Hayrettin\u2019in t\u00fcrbesinin etraf\u0131n\u0131n yan\u0131 s\u0131ra Emi-n\u00f6n\u00fc\u2019ndeki Yeni Cami\u2019nin \u00e7evresinin de d\u00fczenlenmesidir. Ebed\u00ee \u015eef, Savarona\u2019da kald\u0131\u011f\u0131 d\u00f6nemde \u0130stanbul Valisi\u2019ni birden fazla kez yata davet ederek \u0130stanbul\u2019un imar i\u015flerini takip etti. \u0130lk olarak da Yeni Cami\u2019nin etraf\u0131ndaki binalar\u0131n y\u0131k\u0131lmas\u0131n\u0131 emretti. Mimar Davud\u2019un as\u0131rlara meydan okuyan Koca Sinan sisteminde in\u015fa etti\u011fi caminin etraf\u0131ndaki binalar, Ebed\u00ee \u015eef\u2019e g\u00f6re, eseri g\u00f6lgeliyordu. 1939 y\u0131l\u0131nda \u0130kdam gazetesinde yay\u0131mlanan \u201cAtat\u00fcrk\u2019\u00fcn Savarona\u2019daki 56 G\u00fcn\u00fc\u201d yeniden yay\u0131na haz\u0131rlan\u0131rken dizi yaz\u0131da anlat\u0131lanlar, d\u00f6nemin ba\u015fka gazetelerinden kup\u00fcrler ve foto\u011fraflarla desteklenmi\u015f, b\u00f6ylece okur tarihte bir yolculu\u011fa \u00e7\u0131kar\u0131lm\u0131\u015ft\u0131r.<\/p>\n","protected":false},"excerpt":{"rendered":"<p>Atat\u00fcrk\u2019\u00fcn son nefesini verdi\u011fi Dolmabah\u00e7e\u2019de neler ya\u015fad\u0131\u011f\u0131 bir\u00e7ok eserde ayr\u0131nt\u0131l\u0131 olarak yer almaktad\u0131r. Ancak bu s\u00fcrece gidilirken Atat\u00fcrk\u2019\u00fcn \u201c\u00e7ocuklar gibi heyecan i\u00e7inde\u201d geli\u015fini bekledi\u011fi Savarona yat\u0131nda<span class=\"excerpt-hellip\"> [\u2026]<\/span><\/p>\n","protected":false},"featured_media":0,"template":"","meta":{"_monsterinsights_skip_tracking":false,"_monsterinsights_sitenote_active":false,"_monsterinsights_sitenote_note":"","_monsterinsights_sitenote_category":0},"product_brand":[],"product_cat":[12312,12304],"product_tag":[],"class_list":{"0":"post-783377","1":"product","2":"type-product","3":"status-publish","5":"product_cat-diger","6":"product_cat-tarih","7":"pa_cilt-ciltsiz","8":"pa_tur-kitap","9":"pa_yayinevi-frekans-kitap","10":"pa_yazar-sinan-onus","12":"first","13":"instock","14":"sale","15":"shipping-taxable","16":"purchasable","17":"product-type-simple"},"_links":{"self":[{"href":"https:\/\/roveyayinevi.com.tr\/index.php\/wp-json\/wp\/v2\/product\/783377","targetHints":{"allow":["GET"]}}],"collection":[{"href":"https:\/\/roveyayinevi.com.tr\/index.php\/wp-json\/wp\/v2\/product"}],"about":[{"href":"https:\/\/roveyayinevi.com.tr\/index.php\/wp-json\/wp\/v2\/types\/product"}],"wp:attachment":[{"href":"https:\/\/roveyayinevi.com.tr\/index.php\/wp-json\/wp\/v2\/media?parent=783377"}],"wp:term":[{"taxonomy":"product_brand","embeddable":true,"href":"https:\/\/roveyayinevi.com.tr\/index.php\/wp-json\/wp\/v2\/product_brand?post=783377"},{"taxonomy":"product_cat","embeddable":true,"href":"https:\/\/roveyayinevi.com.tr\/index.php\/wp-json\/wp\/v2\/product_cat?post=783377"},{"taxonomy":"product_tag","embeddable":true,"href":"https:\/\/roveyayinevi.com.tr\/index.php\/wp-json\/wp\/v2\/product_tag?post=783377"}],"curies":[{"name":"wp","href":"https:\/\/api.w.org\/{rel}","templated":true}]}}