{"id":783372,"date":"2026-02-26T02:49:58","date_gmt":"2026-02-25T23:49:58","guid":{"rendered":"https:\/\/roveyayinevi.com.tr\/index.php\/urun\/tarihi-nutuklar-1922-1924\/"},"modified":"2026-02-27T02:41:15","modified_gmt":"2026-02-26T23:41:15","slug":"tarihi-nutuklar-1922-1924","status":"publish","type":"product","link":"https:\/\/roveyayinevi.com.tr\/index.php\/urun\/tarihi-nutuklar-1922-1924\/","title":{"rendered":"Tarihi Nutuklar 1922-1924"},"content":{"rendered":"<p>Mustafa Kemal Atat\u00fcrk\u2019\u00fcn 1922-1924 y\u0131llar\u0131 aras\u0131nda verdi\u011fi k\u0131sa nutuklardan kitap\u00e7\u0131k h\u00e2linde yay\u0131mlanan be\u015f eseri bir araya getirdi\u011fimiz bu \u00e7al\u0131\u015fma, Harf Devrimi (1928) \u00f6ncesi yay\u0131mland\u0131klar\u0131 i\u00e7in eski harflerle bas\u0131lan bu nutuklar\u0131 tarih s\u0131ras\u0131na g\u00f6re bir araya getirme \u00e7abas\u0131n\u0131n bir sonucudur. Bu nutuklardan ilki Mill\u00ee Meclis\u2019in \u00fc\u00e7\u00fcnc\u00fc seneidevriyesi m\u00fcnasebetiyle 1 Mart 1922\u2019de; ikincisi B\u00fcy\u00fck Zafer\u2019e dair B\u00fcy\u00fck Millet Meclisinde 3 Ekim 1922\u2019de; \u00fc\u00e7\u00fcnc\u00fcs\u00fc Meclisin d\u00f6rd\u00fcnc\u00fc i\u00e7tima senesinin a\u00e7\u0131\u015f nutku olarak 1 Mart 1923\u2019te; d\u00f6rd\u00fcnc\u00fcs\u00fc TBMM\u2019nin \u0130kinci Se\u00e7im Devresinde Meclis Ba\u015fkanl\u0131\u011f\u0131na se\u00e7ili\u015flerini m\u00fcteakip 13 A\u011fustos 1923\u2019te; be\u015fincisi ise Dumlup\u0131nar\u2019da Me\u00e7hul \u015eehit Abidesi\u2019nin temel atma t\u00f6reninde 30 A\u011fustos 1924\u2019te irat edilmi\u015ftir.Bu metinler \u00fczerinde bu bi\u00e7imiyle ilk kez bir \u00e7al\u0131\u015fma yay\u0131mlanm\u0131\u015f olmaktad\u0131r. Dolay\u0131s\u0131yla bu k\u00fc\u00e7\u00fck nutuklar, Atat\u00fcrk\u2019\u00fcn b\u00fct\u00fcn yaz\u0131lar\u0131n\u0131 toplayan kitaplar i\u00e7inde da\u011f\u0131n\u0131k bir g\u00f6r\u00fcn\u00fcmdedir. Bu h\u00e2liyle bir araya getirilmeleri ise \u00f6ncelikle m\u00fcstakil kitap olarak bas\u0131lm\u0131\u015f olmalar\u0131 sebebiyledir. Ayr\u0131ca kronolojik s\u0131ray\u0131 takip etti\u011fimizde bu k\u0131sa metinler Cumhuriyet\u2019in ilan\u0131ndan hemen \u00f6nceki y\u0131llarda Mustafa Kemal Atat\u00fcrk\u2019\u00fcn milletiyle hasbihali \u015feklindedir ve bir t\u00fcr say\u0131m d\u00f6k\u00fcm de i\u00e7erir. Nutuklardaki samimi \u00fcslup olduk\u00e7a dikkat \u00e7ekicidir. Atat\u00fcrk\u2019\u00fcn matbu olarak yay\u0131mlanm\u0131\u015f k\u0131sa nutuk metinlerinden ilkinde kullan\u0131lan \u201cTarih\u00ee Bir Nutuk\u201d nitelemesini kitab\u0131n geneline te\u015fmil ederek bu 5 adet nutuk metnini topluca \u201cTarih\u00ee Nutuklar\u201d \u015feklinde adland\u0131r\u0131lm\u0131\u015ft\u0131r. Kopernik Yay\u0131nlar\u0131 da b\u00f6ylece Atat\u00fcrk\u2019\u00fcn matbu olarak bas\u0131lm\u0131\u015f eserlerine yeni bir halka eklemi\u015f oluyor<\/p>\n","protected":false},"excerpt":{"rendered":"<p>Mustafa Kemal Atat\u00fcrk\u2019\u00fcn 1922-1924 y\u0131llar\u0131 aras\u0131nda verdi\u011fi k\u0131sa nutuklardan kitap\u00e7\u0131k h\u00e2linde yay\u0131mlanan be\u015f eseri bir araya getirdi\u011fimiz bu \u00e7al\u0131\u015fma, Harf Devrimi (1928) \u00f6ncesi yay\u0131mland\u0131klar\u0131 i\u00e7in eski<span class=\"excerpt-hellip\"> [\u2026]<\/span><\/p>\n","protected":false},"featured_media":0,"template":"","meta":{"_monsterinsights_skip_tracking":false,"_monsterinsights_sitenote_active":false,"_monsterinsights_sitenote_note":"","_monsterinsights_sitenote_category":0},"product_brand":[],"product_cat":[12530,12304],"product_tag":[],"class_list":{"0":"post-783372","1":"product","2":"type-product","3":"status-publish","5":"product_cat-mustafa-kemal-ataturk","6":"product_cat-tarih","7":"pa_cilt-ciltsiz","8":"pa_tur-kitap","9":"pa_yayinevi-kopernik-kitap","10":"pa_yazar-mustafa-kemal-ataturk","12":"first","13":"instock","14":"sale","15":"shipping-taxable","16":"purchasable","17":"product-type-simple"},"_links":{"self":[{"href":"https:\/\/roveyayinevi.com.tr\/index.php\/wp-json\/wp\/v2\/product\/783372","targetHints":{"allow":["GET"]}}],"collection":[{"href":"https:\/\/roveyayinevi.com.tr\/index.php\/wp-json\/wp\/v2\/product"}],"about":[{"href":"https:\/\/roveyayinevi.com.tr\/index.php\/wp-json\/wp\/v2\/types\/product"}],"wp:attachment":[{"href":"https:\/\/roveyayinevi.com.tr\/index.php\/wp-json\/wp\/v2\/media?parent=783372"}],"wp:term":[{"taxonomy":"product_brand","embeddable":true,"href":"https:\/\/roveyayinevi.com.tr\/index.php\/wp-json\/wp\/v2\/product_brand?post=783372"},{"taxonomy":"product_cat","embeddable":true,"href":"https:\/\/roveyayinevi.com.tr\/index.php\/wp-json\/wp\/v2\/product_cat?post=783372"},{"taxonomy":"product_tag","embeddable":true,"href":"https:\/\/roveyayinevi.com.tr\/index.php\/wp-json\/wp\/v2\/product_tag?post=783372"}],"curies":[{"name":"wp","href":"https:\/\/api.w.org\/{rel}","templated":true}]}}