{"id":783371,"date":"2026-02-26T02:43:10","date_gmt":"2026-02-25T23:43:10","guid":{"rendered":"https:\/\/roveyayinevi.com.tr\/index.php\/urun\/ataturk-aramizda\/"},"modified":"2026-02-27T02:36:02","modified_gmt":"2026-02-26T23:36:02","slug":"ataturk-aramizda","status":"publish","type":"product","link":"https:\/\/roveyayinevi.com.tr\/index.php\/urun\/ataturk-aramizda\/","title":{"rendered":"Atat\u00fcrk Aram\u0131zda"},"content":{"rendered":"<p>Bir alt\u0131n g\u00fcn\u00fcn sabah\u0131nda ordular Ba\u015flar\u0131nda iman kesilmi\u015f komutanlar G\u00f6zlerinde kurtulu\u015f inanc\u0131, elleri yumruk yumruk Zaferi i\u015faret ediyordu turnalar. Anadolu\u2019da bir isyan ba\u015flar \u0130stikl\u00e2l ve h\u00fcrriyet ad\u0131na Ka\u011fn\u0131 tekerlerinde yol yol \u00fcmitler Uzan\u0131r b\u00fct\u00fcn vatan sath\u0131naD\u00fc\u015fmana ilk kur\u015fun s\u0131k\u0131l\u0131r \u0130zmir\u2019de Nice Hasan Tahsin\u2019ler \u015fehit edilir g\u00fcn a\u015f\u0131r\u0131 Antep\u2019te \u015eahin\u2019in martininden h\u00fcrriyet f\u0131\u015fk\u0131r\u0131r Mara\u015f, \u015eanl\u0131 Mara\u015f olur S\u00fct\u00e7\u00fc \u0130mam\u2019la Ve dalga dalga b\u00fct\u00fcn vatan ufuklar\u0131nda Bir g\u00fcne\u015f do\u011far, Alt\u0131n yeleli, mavi g\u00f6zl\u00fc G\u00f6n\u00fcller \u00e7arpar, kalpler \u00e7arpar Dillerde bir \u015fark\u0131d\u0131r s\u00f6ylenir: &#8211; Ya istikl\u00e2l, ya \u00f6l\u00fcm! Mavzerler ate\u015f p\u00fcsk\u00fcr\u00fcr h\u00fcrriyet ad\u0131na Afyon\u2019da s\u00fcng\u00fcler konu\u015fur Mehmet\u00e7iklerin g\u00f6zlerinde oylum oylum \u0130zmir\u2019de bir dokuz eyl\u00fcl sabah\u0131nda \u0130stikl\u00e2l t\u00fcrk\u00fcleri okunur!<\/p>\n","protected":false},"excerpt":{"rendered":"<p>Bir alt\u0131n g\u00fcn\u00fcn sabah\u0131nda ordular Ba\u015flar\u0131nda iman kesilmi\u015f komutanlar G\u00f6zlerinde kurtulu\u015f inanc\u0131, elleri yumruk yumruk Zaferi i\u015faret ediyordu turnalar. Anadolu\u2019da bir isyan ba\u015flar \u0130stikl\u00e2l ve h\u00fcrriyet<span class=\"excerpt-hellip\"> [\u2026]<\/span><\/p>\n","protected":false},"featured_media":0,"template":"","meta":{"_monsterinsights_skip_tracking":false,"_monsterinsights_sitenote_active":false,"_monsterinsights_sitenote_note":"","_monsterinsights_sitenote_category":0},"product_brand":[],"product_cat":[14060,12291],"product_tag":[],"class_list":{"0":"post-783371","1":"product","2":"type-product","3":"status-publish","5":"product_cat-antoloji","6":"product_cat-edebiyat","7":"pa_cilt-ciltsiz","8":"pa_tur-kitap","9":"pa_yayinevi-dorlion-yayinevi","10":"pa_yazar-oyhan-hasan-bildirki","12":"first","13":"instock","14":"sale","15":"shipping-taxable","16":"purchasable","17":"product-type-simple"},"_links":{"self":[{"href":"https:\/\/roveyayinevi.com.tr\/index.php\/wp-json\/wp\/v2\/product\/783371","targetHints":{"allow":["GET"]}}],"collection":[{"href":"https:\/\/roveyayinevi.com.tr\/index.php\/wp-json\/wp\/v2\/product"}],"about":[{"href":"https:\/\/roveyayinevi.com.tr\/index.php\/wp-json\/wp\/v2\/types\/product"}],"wp:attachment":[{"href":"https:\/\/roveyayinevi.com.tr\/index.php\/wp-json\/wp\/v2\/media?parent=783371"}],"wp:term":[{"taxonomy":"product_brand","embeddable":true,"href":"https:\/\/roveyayinevi.com.tr\/index.php\/wp-json\/wp\/v2\/product_brand?post=783371"},{"taxonomy":"product_cat","embeddable":true,"href":"https:\/\/roveyayinevi.com.tr\/index.php\/wp-json\/wp\/v2\/product_cat?post=783371"},{"taxonomy":"product_tag","embeddable":true,"href":"https:\/\/roveyayinevi.com.tr\/index.php\/wp-json\/wp\/v2\/product_tag?post=783371"}],"curies":[{"name":"wp","href":"https:\/\/api.w.org\/{rel}","templated":true}]}}