{"id":783370,"date":"2026-02-26T02:42:54","date_gmt":"2026-02-25T23:42:54","guid":{"rendered":"https:\/\/roveyayinevi.com.tr\/index.php\/urun\/osmanli-mirasi-ile-ataturk-donemi-1920-1929\/"},"modified":"2026-02-27T02:35:31","modified_gmt":"2026-02-26T23:35:31","slug":"osmanli-mirasi-ile-ataturk-donemi-1920-1929","status":"publish","type":"product","link":"https:\/\/roveyayinevi.com.tr\/index.php\/urun\/osmanli-mirasi-ile-ataturk-donemi-1920-1929\/","title":{"rendered":"Osmanl\u0131 Miras\u0131 ile Atat\u00fcrk D\u00f6nemi (1920-1929)"},"content":{"rendered":"<p>Osmanl\u0131 Miras\u0131 ile Sanayile\u015fme \u00c7abalar\u0131Osmanl\u0131 ekonomisinin \u00e7a\u011f\u0131n geli\u015fmelerini yakalayamamas\u0131n\u0131n nedenlerini anlamaya \u00e7al\u0131\u015fan Prof. Mehmet Gen\u00e7 \u015f\u00f6yle bir soru sorar: \u201c\u2026 Osmanl\u0131 h\u00fcviyetinin, iktisadi hayat\u0131 az veya \u00e7ok etkilemesi m\u00fcmk\u00fcn belirli ilkelerini tespit etmemiz m\u00fcmk\u00fcn m\u00fcd\u00fcr?\u201d &#8220;Belirlenecek ilkeler ne i\u015fe yarayacak?&#8221; diye d\u00fc\u015f\u00fcnenler i\u00e7in yer\u00e7ekimi yasas\u0131n\u0131 \u00f6rnek vererek bir a\u00e7\u0131klama yapar.\u201cYer\u00e7ekimi kanununu bilmedi\u011fimiz m\u00fcddet\u00e7e, havaya at\u0131lan her cismin kendine \u00f6zg\u00fc bi\u00e7imde de\u011fi\u015fik h\u0131zlarda d\u00fc\u015ft\u00fc\u011f\u00fcn\u00fc, hatta baz\u0131 cisimlerin (balon, u\u00e7urtma gibi) d\u00fc\u015fmelerini gerektiren herhangi bir etken bulunmad\u0131\u011f\u0131n\u0131 zanneder, d\u00fc\u015fme olay\u0131nda belirli bir d\u00fczen olmad\u0131\u011f\u0131n\u0131 d\u00fc\u015f\u00fcn\u00fcr\u00fcz. Ama \u00e7ekim kanununu ke\u015ffettikten sonra, b\u00fct\u00fcn bu karma\u015fan\u0131n son buldu\u011funu g\u00f6r\u00fcr; d\u00fczensiz zannetti\u011fimiz d\u00fc\u015fme olay\u0131n\u0131n \u00e7ok kesin bir d\u00fczen i\u00e7inde cereyan etti\u011fini anlar\u0131z.\u201dBu kitapta, Prof. Gen\u00e7&#8217;in s\u00f6z\u00fcn\u00fc etti\u011fi \u00e7ekim yasas\u0131na benzer \u00f6l\u00e7\u00fctlerimiz, bir ba\u015fka deyi\u015fle sanayile\u015ferek kalk\u0131nmay\u0131 analiz etmek i\u00e7in ba\u015fvuraca\u011f\u0131m\u0131z \u00fc\u00e7 olmazsa olmaz \u00f6l\u00e7\u00fct\u00fcm\u00fcz var:1- \u0130\u015fg\u00fcc\u00fcn\u00fcn ve toplumun e\u011fitim d\u00fczeyi,2- K\u00fcresel rekabet\u00e7i teknolojilere sahip i\u015fletmeler,3- \u00c7a\u011fda\u015f geli\u015fmelere \u201cdo\u011fru\u201d y\u00f6n verebilecek kurumlar.Uzun d\u00f6nem kalk\u0131nma i\u00e7in gerekli g\u00f6r\u00fclen yukar\u0131daki \u00fc\u00e7 olmazsa olmaz, Osmanl\u0131&#8217;dan beri T\u00fcrkiye&#8217;de b\u00fcy\u00fck sorun olan iktisadi geri kalm\u0131\u015fl\u0131\u011f\u0131n nedenlerini anlamak i\u00e7in Prof. Gen\u00e7&#8217;in s\u00f6z\u00fcn\u00fc etti\u011fi \u00e7ekim yasalar\u0131 gibi kullan\u0131labilir.<\/p>\n","protected":false},"excerpt":{"rendered":"<p>Osmanl\u0131 Miras\u0131 ile Sanayile\u015fme \u00c7abalar\u0131Osmanl\u0131 ekonomisinin \u00e7a\u011f\u0131n geli\u015fmelerini yakalayamamas\u0131n\u0131n nedenlerini anlamaya \u00e7al\u0131\u015fan Prof. Mehmet Gen\u00e7 \u015f\u00f6yle bir soru sorar: \u201c\u2026 Osmanl\u0131 h\u00fcviyetinin, iktisadi hayat\u0131 az veya<span class=\"excerpt-hellip\"> [\u2026]<\/span><\/p>\n","protected":false},"featured_media":0,"template":"","meta":{"_monsterinsights_skip_tracking":false,"_monsterinsights_sitenote_active":false,"_monsterinsights_sitenote_note":"","_monsterinsights_sitenote_category":0},"product_brand":[],"product_cat":[13517,12304],"product_tag":[],"class_list":{"0":"post-783370","1":"product","2":"type-product","3":"status-publish","5":"product_cat-osmanli-tarihi","6":"product_cat-tarih","7":"pa_cilt-ciltsiz","8":"pa_tur-kitap","9":"pa_yayinevi-nobel-akademik-yayincilik","10":"pa_yazar-hasan-gurak","12":"first","13":"instock","14":"sale","15":"shipping-taxable","16":"purchasable","17":"product-type-simple"},"_links":{"self":[{"href":"https:\/\/roveyayinevi.com.tr\/index.php\/wp-json\/wp\/v2\/product\/783370","targetHints":{"allow":["GET"]}}],"collection":[{"href":"https:\/\/roveyayinevi.com.tr\/index.php\/wp-json\/wp\/v2\/product"}],"about":[{"href":"https:\/\/roveyayinevi.com.tr\/index.php\/wp-json\/wp\/v2\/types\/product"}],"wp:attachment":[{"href":"https:\/\/roveyayinevi.com.tr\/index.php\/wp-json\/wp\/v2\/media?parent=783370"}],"wp:term":[{"taxonomy":"product_brand","embeddable":true,"href":"https:\/\/roveyayinevi.com.tr\/index.php\/wp-json\/wp\/v2\/product_brand?post=783370"},{"taxonomy":"product_cat","embeddable":true,"href":"https:\/\/roveyayinevi.com.tr\/index.php\/wp-json\/wp\/v2\/product_cat?post=783370"},{"taxonomy":"product_tag","embeddable":true,"href":"https:\/\/roveyayinevi.com.tr\/index.php\/wp-json\/wp\/v2\/product_tag?post=783370"}],"curies":[{"name":"wp","href":"https:\/\/api.w.org\/{rel}","templated":true}]}}