{"id":783363,"date":"2026-02-26T02:36:09","date_gmt":"2026-02-25T23:36:09","guid":{"rendered":"https:\/\/roveyayinevi.com.tr\/index.php\/urun\/ataturkculer-yenildi\/"},"modified":"2026-02-27T02:29:08","modified_gmt":"2026-02-26T23:29:08","slug":"ataturkculer-yenildi","status":"publish","type":"product","link":"https:\/\/roveyayinevi.com.tr\/index.php\/urun\/ataturkculer-yenildi\/","title":{"rendered":"Atat\u00fcrk\u00e7\u00fcler Yenildi"},"content":{"rendered":"<p>10 A\u011fustos 2014 Cumhurba\u015fkan\u0131 se\u00e7imlerinde, Cumhuriyet kar\u015f\u0131tlar\u0131n\u0131n sahneye koydu\u011fu &#8220;Kar\u015f\u0131 Devrimin&#8221; son perdesi oynanacakt\u0131r.Sahnedeki akt\u00f6rler: -Recep Tayyip Erdo\u011fan: Osmanl\u0131 \u015eeriat\u00e7\u0131s\u0131 Prof. Dr. Ekmeleddin \u0130hsano\u011flu: Osmanl\u0131 \u015eeriat\u00e7\u0131s\u0131 Selahattin Demirta\u015f: B\u00f6l\u00fcc\u00fc Ter\u00f6r \u00d6rg\u00fct\u00fc P KK&#8217;n\u0131n Aday\u0131 T\u00fcrk milletine, bunlardan birini se\u00e7, diyorlar! Gazi Mustafa Kemal Atat\u00fcrk&#8217;\u00fcn \u00c7ankaya&#8217;daki koltu\u011funa bunlardan biri oturacak, diyorlar! Siz bu sahneye bak\u0131p h\u00e2l\u00e2 Atat\u00fcrk\u00e7\u00fcler yenilmedi mi diyorsunuz?<\/p>\n","protected":false},"excerpt":{"rendered":"<p>10 A\u011fustos 2014 Cumhurba\u015fkan\u0131 se\u00e7imlerinde, Cumhuriyet kar\u015f\u0131tlar\u0131n\u0131n sahneye koydu\u011fu &#8220;Kar\u015f\u0131 Devrimin&#8221; son perdesi oynanacakt\u0131r.Sahnedeki akt\u00f6rler: -Recep Tayyip Erdo\u011fan: Osmanl\u0131 \u015eeriat\u00e7\u0131s\u0131 Prof. Dr. Ekmeleddin \u0130hsano\u011flu: Osmanl\u0131 \u015eeriat\u00e7\u0131s\u0131<span class=\"excerpt-hellip\"> [\u2026]<\/span><\/p>\n","protected":false},"featured_media":0,"template":"","meta":{"_monsterinsights_skip_tracking":false,"_monsterinsights_sitenote_active":false,"_monsterinsights_sitenote_note":"","_monsterinsights_sitenote_category":0},"product_brand":[],"product_cat":[12337,14543],"product_tag":[],"class_list":{"0":"post-783363","1":"product","2":"type-product","3":"status-publish","5":"product_cat-politika-siyaset","6":"product_cat-turkiye-siyaseti-ve-politikasi","7":"pa_cilt-ciltsiz","8":"pa_tur-kitap","9":"pa_yayinevi-nergiz-yayinlari","10":"pa_yazar-yilmaz-dikbas","12":"first","13":"instock","14":"sale","15":"shipping-taxable","16":"purchasable","17":"product-type-simple"},"_links":{"self":[{"href":"https:\/\/roveyayinevi.com.tr\/index.php\/wp-json\/wp\/v2\/product\/783363","targetHints":{"allow":["GET"]}}],"collection":[{"href":"https:\/\/roveyayinevi.com.tr\/index.php\/wp-json\/wp\/v2\/product"}],"about":[{"href":"https:\/\/roveyayinevi.com.tr\/index.php\/wp-json\/wp\/v2\/types\/product"}],"wp:attachment":[{"href":"https:\/\/roveyayinevi.com.tr\/index.php\/wp-json\/wp\/v2\/media?parent=783363"}],"wp:term":[{"taxonomy":"product_brand","embeddable":true,"href":"https:\/\/roveyayinevi.com.tr\/index.php\/wp-json\/wp\/v2\/product_brand?post=783363"},{"taxonomy":"product_cat","embeddable":true,"href":"https:\/\/roveyayinevi.com.tr\/index.php\/wp-json\/wp\/v2\/product_cat?post=783363"},{"taxonomy":"product_tag","embeddable":true,"href":"https:\/\/roveyayinevi.com.tr\/index.php\/wp-json\/wp\/v2\/product_tag?post=783363"}],"curies":[{"name":"wp","href":"https:\/\/api.w.org\/{rel}","templated":true}]}}