{"id":783362,"date":"2026-02-26T02:35:08","date_gmt":"2026-02-25T23:35:08","guid":{"rendered":"https:\/\/roveyayinevi.com.tr\/index.php\/urun\/benim-adim-ataturk\/"},"modified":"2026-02-27T02:28:06","modified_gmt":"2026-02-26T23:28:06","slug":"benim-adim-ataturk","status":"publish","type":"product","link":"https:\/\/roveyayinevi.com.tr\/index.php\/urun\/benim-adim-ataturk\/","title":{"rendered":"Benim Ad\u0131m Atat\u00fcrk"},"content":{"rendered":"<p>Sevgili \u00c7ocuklar ; Benim ad\u0131m Mustafa\u2026 Siz, beni Mustafa Kemal Atat\u00fcrk olarak tan\u0131yorsunuz. T\u00fcrkiye Cumhuriyeti\u2019nin kurucusu ve Kurtulu\u015f Sava\u015f\u0131\u2019n\u0131n ba\u015f mimar\u0131y\u0131m. 57 y\u0131la s\u0131\u011fd\u0131r\u0131lm\u0131\u015f bir\u00e7ok an\u0131 ve olay\u2026 Ya\u015fad\u0131klar\u0131m sadece benim de\u011fil, bir ulusun in\u015fa edilmesinin kaderiyle birle\u015fti.   Balkanlar\u0131n so\u011fuk co\u011frafyas\u0131nda d\u00fcnyaya gelmi\u015f bir \u00e7ocu\u011fun, Anadolu topraklar\u0131nda filizlenecek yeni bir T\u00fcrk Devleti\u2019nin kurulma ve geli\u015fmesine do\u011fru \u015fekillenen ya\u015fam\u0131d\u0131r okuyacaklar\u0131n\u0131z\u2026 <\/p>\n","protected":false},"excerpt":{"rendered":"<p>Sevgili \u00c7ocuklar ; Benim ad\u0131m Mustafa\u2026 Siz, beni Mustafa Kemal Atat\u00fcrk olarak tan\u0131yorsunuz. T\u00fcrkiye Cumhuriyeti\u2019nin kurucusu ve Kurtulu\u015f Sava\u015f\u0131\u2019n\u0131n ba\u015f mimar\u0131y\u0131m. 57 y\u0131la s\u0131\u011fd\u0131r\u0131lm\u0131\u015f bir\u00e7ok an\u0131<span class=\"excerpt-hellip\"> [\u2026]<\/span><\/p>\n","protected":false},"featured_media":0,"template":"","meta":{"_monsterinsights_skip_tracking":false,"_monsterinsights_sitenote_active":false,"_monsterinsights_sitenote_note":"","_monsterinsights_sitenote_category":0},"product_brand":[],"product_cat":[12530,12304],"product_tag":[],"class_list":{"0":"post-783362","1":"product","2":"type-product","3":"status-publish","5":"product_cat-mustafa-kemal-ataturk","6":"product_cat-tarih","7":"pa_cilt-ciltsiz","8":"pa_tur-kitap","9":"pa_yayinevi-puslu-yayinlari","10":"pa_yazar-murat-cavga","12":"first","13":"instock","14":"sale","15":"shipping-taxable","16":"purchasable","17":"product-type-simple"},"_links":{"self":[{"href":"https:\/\/roveyayinevi.com.tr\/index.php\/wp-json\/wp\/v2\/product\/783362","targetHints":{"allow":["GET"]}}],"collection":[{"href":"https:\/\/roveyayinevi.com.tr\/index.php\/wp-json\/wp\/v2\/product"}],"about":[{"href":"https:\/\/roveyayinevi.com.tr\/index.php\/wp-json\/wp\/v2\/types\/product"}],"wp:attachment":[{"href":"https:\/\/roveyayinevi.com.tr\/index.php\/wp-json\/wp\/v2\/media?parent=783362"}],"wp:term":[{"taxonomy":"product_brand","embeddable":true,"href":"https:\/\/roveyayinevi.com.tr\/index.php\/wp-json\/wp\/v2\/product_brand?post=783362"},{"taxonomy":"product_cat","embeddable":true,"href":"https:\/\/roveyayinevi.com.tr\/index.php\/wp-json\/wp\/v2\/product_cat?post=783362"},{"taxonomy":"product_tag","embeddable":true,"href":"https:\/\/roveyayinevi.com.tr\/index.php\/wp-json\/wp\/v2\/product_tag?post=783362"}],"curies":[{"name":"wp","href":"https:\/\/api.w.org\/{rel}","templated":true}]}}