{"id":783360,"date":"2026-02-26T02:34:30","date_gmt":"2026-02-25T23:34:30","guid":{"rendered":"https:\/\/roveyayinevi.com.tr\/index.php\/urun\/gencler-icin-nutuk-9\/"},"modified":"2026-02-27T02:26:40","modified_gmt":"2026-02-26T23:26:40","slug":"gencler-icin-nutuk-9","status":"publish","type":"product","link":"https:\/\/roveyayinevi.com.tr\/index.php\/urun\/gencler-icin-nutuk-9\/","title":{"rendered":"Gen\u00e7ler \u0130\u00e7in Nutuk"},"content":{"rendered":"<p>Ba\u015ftan sona, bir polisiye roman gibi, heyecanla okunacak, ak\u0131c\u0131 bir k\u0131saltma ve sadele\u015ftirme&#8230;\u201cMuhterem efendiler, sizi g\u00fcnlerce i\u015fgal eden, uzun ve ayr\u0131nt\u0131l\u0131 a\u00e7\u0131klamalar\u0131m, en nihayet mazi olmu\u015f bir devrin hik\u00e2yesidir. Bunda milletim i\u00e7in ve gelecekteki evlatlar\u0131m\u0131z i\u00e7in dikkat ve uyan\u0131kl\u0131\u011f\u0131 davet edebilecek baz\u0131 noktalar g\u00f6sterebilmi\u015fsem, kendimi bahtiyar sayaca\u011f\u0131m.Bu a\u00e7\u0131klamalar\u0131mla, milli hayat\u0131 sona ermi\u015f varsay\u0131lan b\u00fcy\u00fck bir milletin, ba\u011f\u0131ms\u0131zl\u0131\u011f\u0131n\u0131 nas\u0131l kazand\u0131\u011f\u0131n\u0131 ve bilim ve tekni\u011fin en son temellerine dayanan, ulusal ve modern bir devleti nas\u0131l kurdu\u011funu anlatmaya \u00e7al\u0131\u015ft\u0131m.Bug\u00fcn vard\u0131\u011f\u0131m\u0131z sonu\u00e7, y\u00fczy\u0131llard\u0131r \u00e7ekilen milli musibetlerden uyan\u0131\u015f ve bu aziz vatan\u0131n, her k\u00f6\u015fesini sulayan kanlar\u0131n bedelidir.Bu sonucu T\u00fcrk Gen\u00e7li\u011fi\u2019ne emanet ediyorum.\u201d<\/p>\n","protected":false},"excerpt":{"rendered":"<p>Ba\u015ftan sona, bir polisiye roman gibi, heyecanla okunacak, ak\u0131c\u0131 bir k\u0131saltma ve sadele\u015ftirme&#8230;\u201cMuhterem efendiler, sizi g\u00fcnlerce i\u015fgal eden, uzun ve ayr\u0131nt\u0131l\u0131 a\u00e7\u0131klamalar\u0131m, en nihayet mazi olmu\u015f<span class=\"excerpt-hellip\"> [\u2026]<\/span><\/p>\n","protected":false},"featured_media":0,"template":"","meta":{"_monsterinsights_skip_tracking":false,"_monsterinsights_sitenote_active":false,"_monsterinsights_sitenote_note":"","_monsterinsights_sitenote_category":0},"product_brand":[],"product_cat":[12530,12304],"product_tag":[],"class_list":{"0":"post-783360","1":"product","2":"type-product","3":"status-publish","5":"product_cat-mustafa-kemal-ataturk","6":"product_cat-tarih","7":"pa_cilt-ciltsiz","8":"pa_tur-kitap","9":"pa_yayinevi-oglak-yayincilik","10":"pa_yazar-kollektif","12":"first","13":"instock","14":"sale","15":"shipping-taxable","16":"purchasable","17":"product-type-simple"},"_links":{"self":[{"href":"https:\/\/roveyayinevi.com.tr\/index.php\/wp-json\/wp\/v2\/product\/783360","targetHints":{"allow":["GET"]}}],"collection":[{"href":"https:\/\/roveyayinevi.com.tr\/index.php\/wp-json\/wp\/v2\/product"}],"about":[{"href":"https:\/\/roveyayinevi.com.tr\/index.php\/wp-json\/wp\/v2\/types\/product"}],"wp:attachment":[{"href":"https:\/\/roveyayinevi.com.tr\/index.php\/wp-json\/wp\/v2\/media?parent=783360"}],"wp:term":[{"taxonomy":"product_brand","embeddable":true,"href":"https:\/\/roveyayinevi.com.tr\/index.php\/wp-json\/wp\/v2\/product_brand?post=783360"},{"taxonomy":"product_cat","embeddable":true,"href":"https:\/\/roveyayinevi.com.tr\/index.php\/wp-json\/wp\/v2\/product_cat?post=783360"},{"taxonomy":"product_tag","embeddable":true,"href":"https:\/\/roveyayinevi.com.tr\/index.php\/wp-json\/wp\/v2\/product_tag?post=783360"}],"curies":[{"name":"wp","href":"https:\/\/api.w.org\/{rel}","templated":true}]}}