{"id":783358,"date":"2026-02-26T02:33:23","date_gmt":"2026-02-25T23:33:23","guid":{"rendered":"https:\/\/roveyayinevi.com.tr\/index.php\/urun\/anafartalar-muharebatina-ait-tarihce\/"},"modified":"2026-02-27T02:25:51","modified_gmt":"2026-02-26T23:25:51","slug":"anafartalar-muharebatina-ait-tarihce","status":"publish","type":"product","link":"https:\/\/roveyayinevi.com.tr\/index.php\/urun\/anafartalar-muharebatina-ait-tarihce\/","title":{"rendered":"Anafartalar Muharebat\u0131na Ait Tarih\u00e7e"},"content":{"rendered":"<p>Conkbay\u0131r\u0131 Tepesi askerlerimizin eline ge\u00e7tikten sonra d\u00fc\u015fman karadan ve denizden y\u00f6neltti\u011fi seri ve yo\u011fun top\u00e7u ate\u015fleriyle Conkbay\u0131r\u0131\u2019n\u0131 cehenneme \u00e7evirmi\u015fti. G\u00f6kten \u015farapnel, demir par\u00e7alar\u0131 ya\u011fmur olup ya\u011f\u0131yordu. B\u00fcy\u00fck \u00e7apl\u0131 deniz toplar\u0131n\u0131n tam isabetli taneleri yerin i\u00e7ine girdikten sonra patl\u0131yor, yan\u0131m\u0131zda, kenar\u0131m\u0131zda b\u00fcy\u00fck \u00e7ukur giderleri a\u00e7\u0131l\u0131yordu. B\u00fct\u00fcn Conkbay\u0131r\u0131 yo\u011fun dumanlar ve ate\u015fler i\u00e7inde kald\u0131. Herkes kaderine raz\u0131 olmu\u015f, tevekk\u00fcl i\u00e7inde ak\u0131betini bekliyordu. Etraf\u0131m\u0131z \u015fehitler ve yaral\u0131larla doluydu. Sava\u015f meydan\u0131nda cereyan eden [bu] h\u00e2li izlerken bir \u015farapnel par\u00e7as\u0131 g\u00f6\u011fs\u00fcm\u00fcn sa\u011f taraf\u0131na \u00e7arpt\u0131. Cebimde bulunan saati parampar\u00e7a etti. V\u00fccudumun i\u00e7ine girmediyse de derince bir kan lekesi b\u0131rakt\u0131. (Enkaz olup d\u00f6k\u00fclen bu saati, bug\u00fcn\u00fcn hat\u0131ras\u0131 olarak, Liman Pa\u015fa\u2019ya verdim. O da, aile asalet armas\u0131n\u0131 i\u00e7eren kendi saatini bana verdi.) Mustafa Kemal Atat\u00fcrk\u2019\u00fcn sava\u015f meydan\u0131nda kendi el yaz\u0131s\u0131yla kaleme ald\u0131\u011f\u0131 bu notlar, bir okul defterine yaz\u0131lm\u0131\u015ft\u0131r. Eserin \u015f\u00fcphesiz en de\u011ferli taraf\u0131, olaylar\u0131 s\u0131ca\u011f\u0131 s\u0131ca\u011f\u0131na hatta dakikas\u0131 dakikas\u0131na tespit etmesidir. \u00d6yle ki metnin kendi s\u0131cakl\u0131\u011f\u0131 i\u00e7inde m\u00fcellifin heyecan\u0131n\u0131, kayg\u0131lar\u0131n\u0131, sevin\u00e7lerini ve \u00fcz\u00fcnt\u00fclerini g\u00f6rmek ve hissetmek m\u00fcmk\u00fcnd\u00fcr. <\/p>\n","protected":false},"excerpt":{"rendered":"<p>Conkbay\u0131r\u0131 Tepesi askerlerimizin eline ge\u00e7tikten sonra d\u00fc\u015fman karadan ve denizden y\u00f6neltti\u011fi seri ve yo\u011fun top\u00e7u ate\u015fleriyle Conkbay\u0131r\u0131\u2019n\u0131 cehenneme \u00e7evirmi\u015fti. G\u00f6kten \u015farapnel, demir par\u00e7alar\u0131 ya\u011fmur olup ya\u011f\u0131yordu.<span class=\"excerpt-hellip\"> [\u2026]<\/span><\/p>\n","protected":false},"featured_media":0,"template":"","meta":{"_monsterinsights_skip_tracking":false,"_monsterinsights_sitenote_active":false,"_monsterinsights_sitenote_note":"","_monsterinsights_sitenote_category":0},"product_brand":[],"product_cat":[12312,12304],"product_tag":[],"class_list":{"0":"post-783358","1":"product","2":"type-product","3":"status-publish","5":"product_cat-diger","6":"product_cat-tarih","7":"pa_cilt-ciltsiz","8":"pa_tur-kitap","9":"pa_yayinevi-kopernik-kitap","10":"pa_yazar-mustafa-kemal-ataturk","12":"first","13":"instock","14":"sale","15":"shipping-taxable","16":"purchasable","17":"product-type-simple"},"_links":{"self":[{"href":"https:\/\/roveyayinevi.com.tr\/index.php\/wp-json\/wp\/v2\/product\/783358","targetHints":{"allow":["GET"]}}],"collection":[{"href":"https:\/\/roveyayinevi.com.tr\/index.php\/wp-json\/wp\/v2\/product"}],"about":[{"href":"https:\/\/roveyayinevi.com.tr\/index.php\/wp-json\/wp\/v2\/types\/product"}],"wp:attachment":[{"href":"https:\/\/roveyayinevi.com.tr\/index.php\/wp-json\/wp\/v2\/media?parent=783358"}],"wp:term":[{"taxonomy":"product_brand","embeddable":true,"href":"https:\/\/roveyayinevi.com.tr\/index.php\/wp-json\/wp\/v2\/product_brand?post=783358"},{"taxonomy":"product_cat","embeddable":true,"href":"https:\/\/roveyayinevi.com.tr\/index.php\/wp-json\/wp\/v2\/product_cat?post=783358"},{"taxonomy":"product_tag","embeddable":true,"href":"https:\/\/roveyayinevi.com.tr\/index.php\/wp-json\/wp\/v2\/product_tag?post=783358"}],"curies":[{"name":"wp","href":"https:\/\/api.w.org\/{rel}","templated":true}]}}