{"id":783354,"date":"2026-02-26T02:31:47","date_gmt":"2026-02-25T23:31:47","guid":{"rendered":"https:\/\/roveyayinevi.com.tr\/index.php\/urun\/21-yuzyilda-ataturk-hesaplasma\/"},"modified":"2026-02-27T02:25:17","modified_gmt":"2026-02-26T23:25:17","slug":"21-yuzyilda-ataturk-hesaplasma","status":"publish","type":"product","link":"https:\/\/roveyayinevi.com.tr\/index.php\/urun\/21-yuzyilda-ataturk-hesaplasma\/","title":{"rendered":"21. Y\u00fczy\u0131lda Atat\u00fcrk Hesapla\u015fma"},"content":{"rendered":"<p>\u201cH\u00fcrriyet, insan\u0131n, d\u00fc\u015f\u00fcnd\u00fc\u011f\u00fc ve diledi\u011fini tam olarak yapabilmesidir\u201d diyen de \u201cVicdan h\u00fcrriyeti, her istedi\u011fini d\u00fc\u015f\u00fcnmek, istedi\u011fine inanmak, kendine g\u00f6re bir siyasi fikre sahip olmak, se\u00e7ti\u011fi bir dinin \u015fartlar\u0131n\u0131 yerine getirmek veya getirmemek hak ve h\u00fcrriyetine sahiptir. Kimsenin fikrine ve vicdan\u0131na egemen olunamaz. Mutlak ve taarruz edilmez olan (varl\u0131\u011f\u0131 \u015f\u00fcphe g\u00f6t\u00fcrmeyen ve dokunulmazl\u0131\u011f\u0131, olan) vicdan h\u00fcrriyetinin; ki\u015finin do\u011fal haklar\u0131n\u0131n en \u00f6nemlilerinden oldu\u011fu bilinmelidir. Medeniyetin geri oldu\u011fu cehalet devirlerinde, fikir ve vicdan h\u00fcrriyeti zorbal\u0131k ve bask\u0131 alt\u0131nda idi, insanl\u0131k bundan \u00e7ok zarar g\u00f6rm\u00fc\u015ft\u00fcr. \u00d6zellikle din koruyuculu\u011fu k\u0131l\u0131\u011f\u0131na b\u00fcr\u00fcnenlerin, ger\u00e7e\u011fi d\u00fc\u015f\u00fcnebilenler, s\u00f6yleyebilenler hakk\u0131nda uygun g\u00f6rd\u00fckleri zul\u00fcm ve i\u015fkenceler, insanl\u0131k tarihinde daima kirli facialar olarak kalacakt\u0131r&#8230;<\/p>\n","protected":false},"excerpt":{"rendered":"<p>\u201cH\u00fcrriyet, insan\u0131n, d\u00fc\u015f\u00fcnd\u00fc\u011f\u00fc ve diledi\u011fini tam olarak yapabilmesidir\u201d diyen de \u201cVicdan h\u00fcrriyeti, her istedi\u011fini d\u00fc\u015f\u00fcnmek, istedi\u011fine inanmak, kendine g\u00f6re bir siyasi fikre sahip olmak, se\u00e7ti\u011fi bir<span class=\"excerpt-hellip\"> [\u2026]<\/span><\/p>\n","protected":false},"featured_media":0,"template":"","meta":{"_monsterinsights_skip_tracking":false,"_monsterinsights_sitenote_active":false,"_monsterinsights_sitenote_note":"","_monsterinsights_sitenote_category":0},"product_brand":[],"product_cat":[12530,12304],"product_tag":[],"class_list":{"0":"post-783354","1":"product","2":"type-product","3":"status-publish","5":"product_cat-mustafa-kemal-ataturk","6":"product_cat-tarih","7":"pa_cilt-ciltsiz","8":"pa_tur-kitap","9":"pa_yayinevi-halk-kitabevi","10":"pa_yazar-tuncay-ozkan","12":"first","13":"instock","14":"sale","15":"shipping-taxable","16":"purchasable","17":"product-type-simple"},"_links":{"self":[{"href":"https:\/\/roveyayinevi.com.tr\/index.php\/wp-json\/wp\/v2\/product\/783354","targetHints":{"allow":["GET"]}}],"collection":[{"href":"https:\/\/roveyayinevi.com.tr\/index.php\/wp-json\/wp\/v2\/product"}],"about":[{"href":"https:\/\/roveyayinevi.com.tr\/index.php\/wp-json\/wp\/v2\/types\/product"}],"wp:attachment":[{"href":"https:\/\/roveyayinevi.com.tr\/index.php\/wp-json\/wp\/v2\/media?parent=783354"}],"wp:term":[{"taxonomy":"product_brand","embeddable":true,"href":"https:\/\/roveyayinevi.com.tr\/index.php\/wp-json\/wp\/v2\/product_brand?post=783354"},{"taxonomy":"product_cat","embeddable":true,"href":"https:\/\/roveyayinevi.com.tr\/index.php\/wp-json\/wp\/v2\/product_cat?post=783354"},{"taxonomy":"product_tag","embeddable":true,"href":"https:\/\/roveyayinevi.com.tr\/index.php\/wp-json\/wp\/v2\/product_tag?post=783354"}],"curies":[{"name":"wp","href":"https:\/\/api.w.org\/{rel}","templated":true}]}}