{"id":783348,"date":"2026-02-26T02:30:15","date_gmt":"2026-02-25T23:30:15","guid":{"rendered":"https:\/\/roveyayinevi.com.tr\/index.php\/urun\/ataturkun-ekonomi-devleti-vizyonu\/"},"modified":"2026-02-27T02:23:36","modified_gmt":"2026-02-26T23:23:36","slug":"ataturkun-ekonomi-devleti-vizyonu","status":"publish","type":"product","link":"https:\/\/roveyayinevi.com.tr\/index.php\/urun\/ataturkun-ekonomi-devleti-vizyonu\/","title":{"rendered":"Atat\u00fcrk&#8217;\u00fcn Ekonomi Devleti Vizyonu"},"content":{"rendered":"<p>Atat\u00fcrk\u00e7\u00fcler olarak en b\u00fcy\u00fck hatam\u0131z: Atat\u00fcrk\u2019\u00fcn izi\u2019nden gitmek oldu. Yolu\u2019ndan gitmeliydik.    Atat\u00fcrk bize bir alt\u0131n anahtar b\u0131rakm\u0131\u015ft\u0131; fark etmedik!  \u201cEkonomi devleti\u201d kavram\u0131 sadece T\u00fcrkiye\u2019de de\u011fil, d\u00fcnyada da ilk kez Atat\u00fcrk\u2019\u00fcn 1923\u2019te kulland\u0131\u011f\u0131 bir kavramd\u0131r. Bu\u201cbulu\u015f\u201dt\u0131pk\u0131 Kristof Kolomb\u2019un Amerika k\u0131tas\u0131n\u0131 bulmas\u0131 fakat Hindistan sanmas\u0131 gibi oldu! Oran\u0131n bir 4. K\u0131ta oldu\u011fu \u00e7ok sonra anla\u015f\u0131ld\u0131.   Elinizdeki kitapta: ekonomi devleti kavram\u0131 ekseninde Atat\u00fcrk\u2019\u00fcn ekonomiye ili\u015fkin Vizyonu\u2019nuO\u2019nun s\u00f6zleri ve yaz\u0131lar\u0131ndan hareketle ve Ekonomi ile Finans ba\u011flam\u0131nda ilginize ve bilginize sunuyoruz.  Tezimiz o ki: Atat\u00fcrk\u2019\u00fcn Ekonomi Devleti Vizyonu  d\u00f6ne d\u00f6ne iflas eden Kapitalizm;  \u00e7\u0131kmaz bir yol oldu\u011fu ortaya \u00e7\u0131kan Devlet Sosyalizmi; anca d\u00fcz arazide i\u015fe yarayabilen Sosyal Demokrasi d\u0131\u015f\u0131nda Ekonomi \u2013 Finans \u2013 Giri\u015fimci \u2013 Devlet e\u015fg\u00fcd\u00fcm\u00fcnde  bir \u201cYEN\u0130 SENTEZ\u201d, bir 4. YOL olmak de\u011ferindedir. Okuyunca sizin de ikna olaca\u011f\u0131n\u0131za g\u00fcveniyoruz. <\/p>\n","protected":false},"excerpt":{"rendered":"<p>Atat\u00fcrk\u00e7\u00fcler olarak en b\u00fcy\u00fck hatam\u0131z: Atat\u00fcrk\u2019\u00fcn izi\u2019nden gitmek oldu. Yolu\u2019ndan gitmeliydik. Atat\u00fcrk bize bir alt\u0131n anahtar b\u0131rakm\u0131\u015ft\u0131; fark etmedik! \u201cEkonomi devleti\u201d kavram\u0131 sadece T\u00fcrkiye\u2019de de\u011fil, d\u00fcnyada<span class=\"excerpt-hellip\"> [\u2026]<\/span><\/p>\n","protected":false},"featured_media":0,"template":"","meta":{"_monsterinsights_skip_tracking":false,"_monsterinsights_sitenote_active":false,"_monsterinsights_sitenote_note":"","_monsterinsights_sitenote_category":0},"product_brand":[],"product_cat":[12304,13493],"product_tag":[],"class_list":{"0":"post-783348","1":"product","2":"type-product","3":"status-publish","5":"product_cat-tarih","6":"product_cat-turkiye-ve-cumhuriyet-tarihi","7":"pa_cilt-ciltsiz","8":"pa_tur-kitap","9":"pa_yayinevi-anahtar-yayinlari","10":"pa_yazar-nazim-guvenc","12":"first","13":"instock","14":"sale","15":"shipping-taxable","16":"purchasable","17":"product-type-simple"},"_links":{"self":[{"href":"https:\/\/roveyayinevi.com.tr\/index.php\/wp-json\/wp\/v2\/product\/783348","targetHints":{"allow":["GET"]}}],"collection":[{"href":"https:\/\/roveyayinevi.com.tr\/index.php\/wp-json\/wp\/v2\/product"}],"about":[{"href":"https:\/\/roveyayinevi.com.tr\/index.php\/wp-json\/wp\/v2\/types\/product"}],"wp:attachment":[{"href":"https:\/\/roveyayinevi.com.tr\/index.php\/wp-json\/wp\/v2\/media?parent=783348"}],"wp:term":[{"taxonomy":"product_brand","embeddable":true,"href":"https:\/\/roveyayinevi.com.tr\/index.php\/wp-json\/wp\/v2\/product_brand?post=783348"},{"taxonomy":"product_cat","embeddable":true,"href":"https:\/\/roveyayinevi.com.tr\/index.php\/wp-json\/wp\/v2\/product_cat?post=783348"},{"taxonomy":"product_tag","embeddable":true,"href":"https:\/\/roveyayinevi.com.tr\/index.php\/wp-json\/wp\/v2\/product_tag?post=783348"}],"curies":[{"name":"wp","href":"https:\/\/api.w.org\/{rel}","templated":true}]}}