{"id":783346,"date":"2026-02-26T02:29:09","date_gmt":"2026-02-25T23:29:09","guid":{"rendered":"https:\/\/roveyayinevi.com.tr\/index.php\/urun\/ataturkculugun-kurtulus-savasi-bir-ozelestiri-denemesi\/"},"modified":"2026-04-16T02:20:32","modified_gmt":"2026-04-15T23:20:32","slug":"ataturkculugun-kurtulus-savasi-bir-ozelestiri-denemesi","status":"publish","type":"product","link":"https:\/\/roveyayinevi.com.tr\/index.php\/urun\/ataturkculugun-kurtulus-savasi-bir-ozelestiri-denemesi\/","title":{"rendered":"Atat\u00fcrk\u00e7\u00fcl\u00fc\u011f\u00fcn Kurtulu\u015f Sava\u015f\u0131 &#8211; Bir \u00d6zele\u015ftiri Denemesi"},"content":{"rendered":"<p>Taylan \u00d6zbay; \u00f6zg\u00fcn siyasal analizleri ve al\u0131\u015f\u0131lm\u0131\u015f\u0131n \u00f6tesindeki s\u0131radan d\u0131\u015f\u0131 sentezleriyle, yepyeni bir a\u00e7\u0131l\u0131m\u0131n sesi olmakla kalm\u0131yor ve ayn\u0131 zamanda ekonomi\/politik d\u00fc\u015f\u00fcn d\u00fcnyam\u0131z\u0131n yeni bir ke\u015ffi olmaya da aday g\u00f6z\u00fck\u00fcyor.Fikirlerini a\u00e7\u0131klarken hep evrensel \u00f6l\u00e7\u00fctlerin \u00e7er\u00e7evesinde kalma ve ele\u015ftirilerini hep bu kriterlerin \u0131\u015f\u0131\u011f\u0131na ta\u015f\u0131ma becerisini de g\u00f6steriyor. Onun i\u00e7in de\u011ferlendirmeleri kal\u0131c\u0131 ve s\u0131n\u0131r tan\u0131maz bir nitelik arz ediyor.\u0130nsan, k\u00fcrs\u00fcde konu\u015furken ya da klavyenin kar\u015f\u0131s\u0131na ge\u00e7ip yazarken, bazen ta\u015fk\u0131nl\u0131\u011f\u0131n\u0131 dizginleyemez, inand\u0131\u011f\u0131 ve savundu\u011fu idealleri izah ederken dolup ta\u015far ve hi\u00e7 de istemedi\u011fi mecralara s\u00fcr\u00fcklenir, olmad\u0131k tezlerin i\u00e7ine savrulur.Olur b\u00f6yle \u015feyler\u2026Ama dikkatle bak\u0131yorum; hi\u00e7 bu t\u00fcr sapmalar g\u00f6r\u00fclm\u00fcyor onda. O, ne dedi\u011fini, ne s\u00f6ylemek istedi\u011fini bilen ve Kemalist d\u00fc\u015f\u00fcncenin bilimsel boyutlar\u0131n\u0131n ne oldu\u011funu iyi kavram\u0131\u015f birisi.Atat\u00fcrk\u2019\u00fc, ne efsanele\u015ftirip mit h\u00e2line getiriyor, ne O\u2019na olmad\u0131k ululuklar bah\u015fedip O\u2019nu ikon h\u00e2line sokuyor, ne de tarihteki o ak\u0131l ve bilim dolu e\u015fsiz yerinden al\u0131p ba\u015fka ba\u015fka kaidelere oturtuyor.\u00c7ok iyi yap\u0131yor.\u0130\u015fte bu y\u00fczden;Atat\u00fcrk\u00e7\u00fcl\u00fc\u011f\u00fcn iyi alg\u0131lan\u0131p do\u011fru kavranmas\u0131ndaki b\u00fct\u00fcn bu \u00f6vg\u00fc dolu \u00e7abalar, O\u2019nu insanl\u0131\u011f\u0131n g\u00f6z\u00fcnde g\u00f6n\u00fcl rahatl\u0131\u011f\u0131yla yerel olmaktan \u00e7\u0131kar\u0131p evrensel k\u0131l\u0131yor.Taylan \u00d6zbay\u2019\u0131n d\u00fc\u015f\u00fcncelerinin koordinatlar\u0131n\u0131 \u00f6\u011frenince insan kendi kendine:\u201c\u0130\u015fte!\u201d diyor. \u201cAtat\u00fcrk\u00e7\u00fcl\u00fck hem b\u00f6yle savunulur, hem de e\u011fer bir g\u00fcn l\u00e2z\u0131m olacaksa bu millete Kuvay\u0131milliyecilik, o da i\u015fte b\u00f6yle olur! <\/p>\n","protected":false},"excerpt":{"rendered":"<p>Taylan \u00d6zbay; \u00f6zg\u00fcn siyasal analizleri ve al\u0131\u015f\u0131lm\u0131\u015f\u0131n \u00f6tesindeki s\u0131radan d\u0131\u015f\u0131 sentezleriyle, yepyeni bir a\u00e7\u0131l\u0131m\u0131n sesi olmakla kalm\u0131yor ve ayn\u0131 zamanda ekonomi\/politik d\u00fc\u015f\u00fcn d\u00fcnyam\u0131z\u0131n yeni bir ke\u015ffi<span class=\"excerpt-hellip\"> [\u2026]<\/span><\/p>\n","protected":false},"featured_media":0,"template":"","meta":{"_monsterinsights_skip_tracking":false,"_monsterinsights_sitenote_active":false,"_monsterinsights_sitenote_note":"","_monsterinsights_sitenote_category":0},"product_brand":[],"product_cat":[12337,14543],"product_tag":[],"class_list":{"0":"post-783346","1":"product","2":"type-product","3":"status-publish","5":"product_cat-politika-siyaset","6":"product_cat-turkiye-siyaseti-ve-politikasi","7":"pa_cilt-ciltsiz","8":"pa_tur-kitap","9":"pa_yayinevi-telgrafhane-yayinlari","10":"pa_yazar-taylan-ozbay","12":"first","13":"instock","14":"sale","15":"shipping-taxable","16":"purchasable","17":"product-type-simple"},"_links":{"self":[{"href":"https:\/\/roveyayinevi.com.tr\/index.php\/wp-json\/wp\/v2\/product\/783346","targetHints":{"allow":["GET"]}}],"collection":[{"href":"https:\/\/roveyayinevi.com.tr\/index.php\/wp-json\/wp\/v2\/product"}],"about":[{"href":"https:\/\/roveyayinevi.com.tr\/index.php\/wp-json\/wp\/v2\/types\/product"}],"wp:attachment":[{"href":"https:\/\/roveyayinevi.com.tr\/index.php\/wp-json\/wp\/v2\/media?parent=783346"}],"wp:term":[{"taxonomy":"product_brand","embeddable":true,"href":"https:\/\/roveyayinevi.com.tr\/index.php\/wp-json\/wp\/v2\/product_brand?post=783346"},{"taxonomy":"product_cat","embeddable":true,"href":"https:\/\/roveyayinevi.com.tr\/index.php\/wp-json\/wp\/v2\/product_cat?post=783346"},{"taxonomy":"product_tag","embeddable":true,"href":"https:\/\/roveyayinevi.com.tr\/index.php\/wp-json\/wp\/v2\/product_tag?post=783346"}],"curies":[{"name":"wp","href":"https:\/\/api.w.org\/{rel}","templated":true}]}}