{"id":783343,"date":"2026-02-26T02:27:45","date_gmt":"2026-02-25T23:27:45","guid":{"rendered":"https:\/\/roveyayinevi.com.tr\/index.php\/urun\/ataturk-devrimlerine-bakis-100-yil-yaklasirken\/"},"modified":"2026-02-27T02:21:20","modified_gmt":"2026-02-26T23:21:20","slug":"ataturk-devrimlerine-bakis-100-yil-yaklasirken","status":"publish","type":"product","link":"https:\/\/roveyayinevi.com.tr\/index.php\/urun\/ataturk-devrimlerine-bakis-100-yil-yaklasirken\/","title":{"rendered":"Atat\u00fcrk Devrimlerine Bak\u0131\u015f (100. Y\u0131l Yakla\u015f\u0131rken)"},"content":{"rendered":"<p>\u0130nsan haklar\u0131na sayg\u0131l\u0131 olan yazar, her bireyin e\u015fit \u015fartlarda ya\u015fam hakk\u0131na da bu sebeple sahip oldu\u011funa inanm\u0131\u015ft\u0131r. \u0130\u00e7inde yaratt\u0131\u011f\u0131 insan sevgisini, Atat\u00fcrk&#8217;\u00fcn \u00e7izdi\u011fi yol olan ilke ve ink\u0131laplar\u0131na olan sayg\u0131s\u0131ndan alm\u0131\u015ft\u0131r. Cumhuriyet&#8217;e tam ba\u011fl\u0131l\u0131\u011f\u0131 savunur. Parlamenter sisteme duydu\u011fu sayg\u0131, en \u00f6nemli ya\u015fam felsefesidir. Bu kitapta k\u0131saca ne demek istedi\u011fini sizlere kendi deyimiyle \u00f6zetlemektedir.&#8221;Atat\u00fcrk&#8217;\u00fcn kurmu\u015f oldu\u011fu T\u00fcrkiye Cumhuriyeti Devleti, parlamenter sistemle y\u00f6netilen ve halk\u0131n iradesinin tamamen milletin elinde oldu\u011fu bir rejim olan Cumhuriyet rejimiyle y\u00f6netilir.\u00dclkemizin b\u00f6yle bir devlet adam\u0131 ve dahi taraf\u0131ndan kurulmas\u0131n\u0131 ilerleyen y\u0131llarda ne yapmak istedi\u011fini anlatamad\u0131k g\u00f6r\u00fc\u015f\u00fcndeyim. Devletin y\u00f6netim \u015fekli &#8220;cumhuriyet\u00e7i&#8221; olacakt\u0131. Ancak cumhuriyet\u00e7ilik tek ba\u015f\u0131na bir anlam ifade etmiyordu, O g\u00fcnlerde de bu g\u00fcn oldu\u011fu gibi cumhuriyet rejimleri aras\u0131nda farklar vard\u0131. Fransa da bir cumhuriyetti, Sovyetler birli\u011fi de bir cumhuriyetti. Bu g\u00fcnk\u00fc \u0130ran&#8217;da bir Cumhuriyet. Bizim cumhuriyetimiz ki\u015filerin \u00f6zg\u00fcrce duygu ve d\u00fc\u015f\u00fcncelerini ifade edebilecekleri halk egemenli\u011fine dayal\u0131 bir cumhuriyet olmal\u0131yd\u0131. Kurulacak Cumhuriyet sadece se\u00e7im zaman\u0131 oy vermek anlam\u0131na gelmemeliydi. <\/p>\n","protected":false},"excerpt":{"rendered":"<p>\u0130nsan haklar\u0131na sayg\u0131l\u0131 olan yazar, her bireyin e\u015fit \u015fartlarda ya\u015fam hakk\u0131na da bu sebeple sahip oldu\u011funa inanm\u0131\u015ft\u0131r. \u0130\u00e7inde yaratt\u0131\u011f\u0131 insan sevgisini, Atat\u00fcrk&#8217;\u00fcn \u00e7izdi\u011fi yol olan ilke<span class=\"excerpt-hellip\"> [\u2026]<\/span><\/p>\n","protected":false},"featured_media":0,"template":"","meta":{"_monsterinsights_skip_tracking":false,"_monsterinsights_sitenote_active":false,"_monsterinsights_sitenote_note":"","_monsterinsights_sitenote_category":0},"product_brand":[],"product_cat":[12530,12304],"product_tag":[],"class_list":{"0":"post-783343","1":"product","2":"type-product","3":"status-publish","5":"product_cat-mustafa-kemal-ataturk","6":"product_cat-tarih","7":"pa_cilt-ciltsiz","8":"pa_tur-kitap","9":"pa_yayinevi-dorlion-yayinevi","10":"pa_yazar-erol-yildiz","12":"first","13":"instock","14":"sale","15":"shipping-taxable","16":"purchasable","17":"product-type-simple"},"_links":{"self":[{"href":"https:\/\/roveyayinevi.com.tr\/index.php\/wp-json\/wp\/v2\/product\/783343","targetHints":{"allow":["GET"]}}],"collection":[{"href":"https:\/\/roveyayinevi.com.tr\/index.php\/wp-json\/wp\/v2\/product"}],"about":[{"href":"https:\/\/roveyayinevi.com.tr\/index.php\/wp-json\/wp\/v2\/types\/product"}],"wp:attachment":[{"href":"https:\/\/roveyayinevi.com.tr\/index.php\/wp-json\/wp\/v2\/media?parent=783343"}],"wp:term":[{"taxonomy":"product_brand","embeddable":true,"href":"https:\/\/roveyayinevi.com.tr\/index.php\/wp-json\/wp\/v2\/product_brand?post=783343"},{"taxonomy":"product_cat","embeddable":true,"href":"https:\/\/roveyayinevi.com.tr\/index.php\/wp-json\/wp\/v2\/product_cat?post=783343"},{"taxonomy":"product_tag","embeddable":true,"href":"https:\/\/roveyayinevi.com.tr\/index.php\/wp-json\/wp\/v2\/product_tag?post=783343"}],"curies":[{"name":"wp","href":"https:\/\/api.w.org\/{rel}","templated":true}]}}