{"id":783342,"date":"2026-02-26T02:26:18","date_gmt":"2026-02-25T23:26:18","guid":{"rendered":"https:\/\/roveyayinevi.com.tr\/index.php\/urun\/ataturk-ve-turkiye-cumhuriyeti-tarihi-2\/"},"modified":"2026-02-27T02:20:13","modified_gmt":"2026-02-26T23:20:13","slug":"ataturk-ve-turkiye-cumhuriyeti-tarihi-2","status":"publish","type":"product","link":"https:\/\/roveyayinevi.com.tr\/index.php\/urun\/ataturk-ve-turkiye-cumhuriyeti-tarihi-2\/","title":{"rendered":"Atat\u00fcrk ve T\u00fcrkiye Cumhuriyeti Tarihi"},"content":{"rendered":"<p>Ku\u015fkusuz Atat\u00fcrk ve Cumhuriyet tarihi ve ink\u0131lap tarihi ile ilgili \u00e7ok say\u0131da yay\u0131n mevcuttur. Ancak Cumhuriyet tarihini kronolojik bir s\u0131ra ve detayl\u0131 anlat\u0131m tarz\u0131yla ele alan yay\u0131n say\u0131s\u0131 olduk\u00e7a azd\u0131r. Bu kitap ile belgelere dayal\u0131 bi\u00e7imde T\u00fcrkiye Cumhuriyeti&#8217;nin siyasi ve sosyok\u00fclt\u00fcrel tarihini b\u00fct\u00fcn y\u00f6n\u00fcyle inceleme imk\u00e2n\u0131na sahip olabilirsiniz. Eserde; T\u00fcrkiye&#8217;de demokrasinin do\u011fu\u015fu, geli\u015fimi ve T\u00fcrk demokrasisinde meydana gelen aksamalarla ilgili bilgilere kolayca ula\u015fabilece\u011finiz gibi T\u00fcrk modernle\u015fme ve Bat\u0131l\u0131la\u015fma tarihini de bulman\u0131z m\u00fcmk\u00fcnd\u00fcr. Ayr\u0131ca T\u00fcrkiye&#8217;nin sosyal ve k\u00fclt\u00fcrel tarihini \u00f6zellikle e\u011fitim tarihini bu eserden \u00f6\u011frenebilirsiniz. T\u00fcrkiye Cumhuriyeti tarihindeki e\u011fitim politikalar\u0131na dair bilgiler ve di\u011fer toplumsal olaylar\u0131n tarih\u00ee bilgisi detayl\u0131 olarak anlat\u0131lm\u0131\u015ft\u0131r. K\u0131saca, bu eser toplumun t\u00fcm kesimlerine hitap eden akademik d\u00fczeyde ancak yal\u0131n bir dille yaz\u0131lm\u0131\u015f ba\u015fucu kitab\u0131d\u0131r. Kitab\u0131n i\u00e7eri\u011fi haz\u0131rlan\u0131rken sadece \u00fcniversitelerdeki T.C. ink\u0131lap tarihi ve tarih b\u00f6l\u00fcmlerinin programlar\u0131 de\u011fil; ayn\u0131 zamanda hukuk fak\u00fcltesi, iktisadi ve idari bilimler fak\u00fcltesi (uluslararas\u0131 ili\u015fkiler, kamu y\u00f6netimi gibi b\u00f6l\u00fcmler) ders programlar\u0131 ve MEB ile Y\u00d6K&#8217;\u00fcn T.C. ink\u0131lap tarihi dersleri konusunda yapt\u0131\u011f\u0131 en son program d\u00fczenlemeleri de dikkate al\u0131nm\u0131\u015ft\u0131r. Buna ba\u011fl\u0131 olarak kitap; \u00fcniversitelerde ba\u015fta Atat\u00fcrk ilkeleri ve ink\u0131lap tarihi dersi olmak \u00fczere T\u00fcrk demokrasi tarihi, Bat\u0131l\u0131la\u015fma tarihi, T\u00fcrkiye tarihi, T\u00fcrkiye Cumhuriyeti tarihi gibi derslerde de yard\u0131mc\u0131 ders kitab\u0131 olarak kullan\u0131labilir. Bu kitap, Ba\u015fbakanl\u0131k Devlet Personel Ba\u015fkanl\u0131\u011f\u0131, MEB ve Y\u00d6K&#8217;\u00fcn yapt\u0131\u011f\u0131 s\u0131nav programlar\u0131 do\u011frultusunda (KPSS, ALES, DGS, Polis MYO, Asker\u00ee Okullar, MEB M\u00fcd\u00fcr ve M\u00fcd\u00fcr Yard\u0131mc\u0131l\u0131\u011f\u0131, \u0130htisas S\u0131navlar\u0131, Yurtd\u0131\u015f\u0131 G\u00f6revlendirme) en son g\u00fcncellenmesi yap\u0131lm\u0131\u015f iyi bir bilgi kayna\u011f\u0131d\u0131r.<\/p>\n","protected":false},"excerpt":{"rendered":"<p>Ku\u015fkusuz Atat\u00fcrk ve Cumhuriyet tarihi ve ink\u0131lap tarihi ile ilgili \u00e7ok say\u0131da yay\u0131n mevcuttur. Ancak Cumhuriyet tarihini kronolojik bir s\u0131ra ve detayl\u0131 anlat\u0131m tarz\u0131yla ele alan<span class=\"excerpt-hellip\"> [\u2026]<\/span><\/p>\n","protected":false},"featured_media":0,"template":"","meta":{"_monsterinsights_skip_tracking":false,"_monsterinsights_sitenote_active":false,"_monsterinsights_sitenote_note":"","_monsterinsights_sitenote_category":0},"product_brand":[],"product_cat":[12573,12566],"product_tag":[],"class_list":{"0":"post-783342","1":"product","2":"type-product","3":"status-publish","5":"product_cat-akademik-kitaplar","6":"product_cat-egitim","7":"pa_cilt-ciltsiz","8":"pa_tur-kitap","9":"pa_yayinevi-nobel-akademik-yayincilik","10":"pa_yazar-kolektif","12":"first","13":"instock","14":"sale","15":"shipping-taxable","16":"purchasable","17":"product-type-simple"},"_links":{"self":[{"href":"https:\/\/roveyayinevi.com.tr\/index.php\/wp-json\/wp\/v2\/product\/783342","targetHints":{"allow":["GET"]}}],"collection":[{"href":"https:\/\/roveyayinevi.com.tr\/index.php\/wp-json\/wp\/v2\/product"}],"about":[{"href":"https:\/\/roveyayinevi.com.tr\/index.php\/wp-json\/wp\/v2\/types\/product"}],"wp:attachment":[{"href":"https:\/\/roveyayinevi.com.tr\/index.php\/wp-json\/wp\/v2\/media?parent=783342"}],"wp:term":[{"taxonomy":"product_brand","embeddable":true,"href":"https:\/\/roveyayinevi.com.tr\/index.php\/wp-json\/wp\/v2\/product_brand?post=783342"},{"taxonomy":"product_cat","embeddable":true,"href":"https:\/\/roveyayinevi.com.tr\/index.php\/wp-json\/wp\/v2\/product_cat?post=783342"},{"taxonomy":"product_tag","embeddable":true,"href":"https:\/\/roveyayinevi.com.tr\/index.php\/wp-json\/wp\/v2\/product_tag?post=783342"}],"curies":[{"name":"wp","href":"https:\/\/api.w.org\/{rel}","templated":true}]}}