{"id":783332,"date":"2026-02-26T02:20:20","date_gmt":"2026-02-25T23:20:20","guid":{"rendered":"https:\/\/roveyayinevi.com.tr\/index.php\/urun\/ataturk-4\/"},"modified":"2026-02-27T02:16:42","modified_gmt":"2026-02-26T23:16:42","slug":"ataturk-4","status":"publish","type":"product","link":"https:\/\/roveyayinevi.com.tr\/index.php\/urun\/ataturk-4\/","title":{"rendered":"Atat\u00fcrk"},"content":{"rendered":"<p>Mustafa Kemal Atat\u00fcrk insanlara esin kayna\u011f\u0131 olan bir general ve vizyon sahibi bir liderdi. Osmanl\u0131 \u0130mparatorlu\u011fu par\u00e7alan\u0131rken yurdunu korumak i\u00e7in sava\u015ft\u0131 ve imparatorlu\u011fun k\u00fcllerinden modern T\u00fcrk ulusunu yaratt\u0131. Ola\u011fan\u00fcst\u00fc bir devlet adam\u0131 ve modernle\u015fmeci olarak tan\u0131nmas\u0131na ra\u011fmen liderlik vas\u0131flar\u0131 genellikle g\u00f6z ard\u0131 edildi. <\/p>\n","protected":false},"excerpt":{"rendered":"<p>Mustafa Kemal Atat\u00fcrk insanlara esin kayna\u011f\u0131 olan bir general ve vizyon sahibi bir liderdi. Osmanl\u0131 \u0130mparatorlu\u011fu par\u00e7alan\u0131rken yurdunu korumak i\u00e7in sava\u015ft\u0131 ve imparatorlu\u011fun k\u00fcllerinden modern T\u00fcrk<span class=\"excerpt-hellip\"> [\u2026]<\/span><\/p>\n","protected":false},"featured_media":0,"template":"","meta":{"_monsterinsights_skip_tracking":false,"_monsterinsights_sitenote_active":false,"_monsterinsights_sitenote_note":"","_monsterinsights_sitenote_category":0},"product_brand":[],"product_cat":[12530,12304],"product_tag":[],"class_list":{"0":"post-783332","1":"product","2":"type-product","3":"status-publish","5":"product_cat-mustafa-kemal-ataturk","6":"product_cat-tarih","7":"pa_tur-kitap","8":"pa_yayinevi-pegasus-yayinlari","9":"pa_yazar-austin-bay","11":"first","12":"instock","13":"sale","14":"shipping-taxable","15":"purchasable","16":"product-type-simple"},"_links":{"self":[{"href":"https:\/\/roveyayinevi.com.tr\/index.php\/wp-json\/wp\/v2\/product\/783332","targetHints":{"allow":["GET"]}}],"collection":[{"href":"https:\/\/roveyayinevi.com.tr\/index.php\/wp-json\/wp\/v2\/product"}],"about":[{"href":"https:\/\/roveyayinevi.com.tr\/index.php\/wp-json\/wp\/v2\/types\/product"}],"wp:attachment":[{"href":"https:\/\/roveyayinevi.com.tr\/index.php\/wp-json\/wp\/v2\/media?parent=783332"}],"wp:term":[{"taxonomy":"product_brand","embeddable":true,"href":"https:\/\/roveyayinevi.com.tr\/index.php\/wp-json\/wp\/v2\/product_brand?post=783332"},{"taxonomy":"product_cat","embeddable":true,"href":"https:\/\/roveyayinevi.com.tr\/index.php\/wp-json\/wp\/v2\/product_cat?post=783332"},{"taxonomy":"product_tag","embeddable":true,"href":"https:\/\/roveyayinevi.com.tr\/index.php\/wp-json\/wp\/v2\/product_tag?post=783332"}],"curies":[{"name":"wp","href":"https:\/\/api.w.org\/{rel}","templated":true}]}}