{"id":783331,"date":"2026-02-26T02:18:38","date_gmt":"2026-02-25T23:18:38","guid":{"rendered":"https:\/\/roveyayinevi.com.tr\/index.php\/urun\/naziler-ve-ataturk\/"},"modified":"2026-02-27T02:15:35","modified_gmt":"2026-02-26T23:15:35","slug":"naziler-ve-ataturk","status":"publish","type":"product","link":"https:\/\/roveyayinevi.com.tr\/index.php\/urun\/naziler-ve-ataturk\/","title":{"rendered":"Naziler ve Atat\u00fcrk"},"content":{"rendered":"<p>Kariyerinin ba\u015flar\u0131nda Hitler\u2019in fa\u015fizmde Benito Mussolini\u2019den ilham ald\u0131\u011f\u0131 \u00e7ok bilinir. Ama Hitler ve arkada\u015flar\u0131n\u0131n en az ayn\u0131 oranda ba\u015fka bir rol modelleri oldu\u011fu pek bilinmez: Mustafa Kemal Atat\u00fcrk, modern T\u00fcrkiye\u2019nin kurucusu. Ihrig\u2019in kitab\u0131, Nazi ideolojisi ve stratejisinin k\u00f6kenlerine dair anlay\u0131\u015f\u0131m\u0131z\u0131 de\u011fi\u015ftirecek. Hitler 1919\u2019dan sonra T\u00fcrkiye\u2019de olup bitenlerle yak\u0131ndan ilgilenmeye ba\u015flad\u0131. Atat\u00fcrk\u2019\u00fcn, I. D\u00fcnya Sava\u015f\u0131 yenilgisinin k\u00fcllerinden yeni bir ulus in\u015fa etmesine hayran kalm\u0131\u015ft\u0131. M\u00fcnih Darbesinin b\u00fcy\u00fck oranda Atat\u00fcrk\u2019\u00fcn Ankara\u2019daki isyan\u0131 \u00fczerinden modellediler. Hitler daha sonra Atat\u00fcrk\u2019\u00fc \u201ckaranl\u0131kta parlayan y\u0131ld\u0131z\u201d olarak g\u00f6rd\u00fc\u011f\u00fcn\u00fc, kendisinin ve Mussoli\u2019nin ustas\u0131 oldu\u011funu a\u00e7\u0131klad\u0131. T\u00fcrk h\u00fck\u00fcmetlerinin Ermeni ve Rum az\u0131nl\u0131klarla ba\u015f etme y\u00f6ntemini, kendisinin Alman Yahudileri sorununa model ald\u0131\u011f\u0131n\u0131 s\u00f6yledi.   \u201cBu parlak \u00e7al\u0131\u015fma Nazizmin y\u00fckseli\u015fini ve \u0131rk\u00e7\u0131l\u0131\u011f\u0131n geli\u015fmesini yeni bir bak\u0131\u015f a\u00e7\u0131s\u0131yla yorumluyor.\u201d \u2013 Christopher Clark, Cambridge \u00dcniversitesi   \u201cNazi tarih yaz\u0131m\u0131na \u00f6zg\u00fcn bir katk\u0131. Atat\u00fcrk\u2019\u00fcn ulusunu zapt\u0131rapt almas\u0131n\u0131n nas\u0131l k\u00f6t\u00fcye yorumland\u0131\u011f\u0131n\u0131 g\u00f6steriyor.\u201d \u2013 Martin Rubin, Washington Times <\/p>\n","protected":false},"excerpt":{"rendered":"<p>Kariyerinin ba\u015flar\u0131nda Hitler\u2019in fa\u015fizmde Benito Mussolini\u2019den ilham ald\u0131\u011f\u0131 \u00e7ok bilinir. Ama Hitler ve arkada\u015flar\u0131n\u0131n en az ayn\u0131 oranda ba\u015fka bir rol modelleri oldu\u011fu pek bilinmez: Mustafa<span class=\"excerpt-hellip\"> [\u2026]<\/span><\/p>\n","protected":false},"featured_media":0,"template":"","meta":{"_monsterinsights_skip_tracking":false,"_monsterinsights_sitenote_active":false,"_monsterinsights_sitenote_note":"","_monsterinsights_sitenote_category":0},"product_brand":[],"product_cat":[12305,12304],"product_tag":[],"class_list":{"0":"post-783331","1":"product","2":"type-product","3":"status-publish","5":"product_cat-dunya-tarihi","6":"product_cat-tarih","7":"pa_cilt-ciltsiz","8":"pa_tur-kitap","9":"pa_yayinevi-alfa-yayinlari","10":"pa_yazar-stefan-ihrig","12":"first","13":"instock","14":"sale","15":"shipping-taxable","16":"purchasable","17":"product-type-simple"},"_links":{"self":[{"href":"https:\/\/roveyayinevi.com.tr\/index.php\/wp-json\/wp\/v2\/product\/783331","targetHints":{"allow":["GET"]}}],"collection":[{"href":"https:\/\/roveyayinevi.com.tr\/index.php\/wp-json\/wp\/v2\/product"}],"about":[{"href":"https:\/\/roveyayinevi.com.tr\/index.php\/wp-json\/wp\/v2\/types\/product"}],"wp:attachment":[{"href":"https:\/\/roveyayinevi.com.tr\/index.php\/wp-json\/wp\/v2\/media?parent=783331"}],"wp:term":[{"taxonomy":"product_brand","embeddable":true,"href":"https:\/\/roveyayinevi.com.tr\/index.php\/wp-json\/wp\/v2\/product_brand?post=783331"},{"taxonomy":"product_cat","embeddable":true,"href":"https:\/\/roveyayinevi.com.tr\/index.php\/wp-json\/wp\/v2\/product_cat?post=783331"},{"taxonomy":"product_tag","embeddable":true,"href":"https:\/\/roveyayinevi.com.tr\/index.php\/wp-json\/wp\/v2\/product_tag?post=783331"}],"curies":[{"name":"wp","href":"https:\/\/api.w.org\/{rel}","templated":true}]}}