{"id":783329,"date":"2026-02-26T02:16:57","date_gmt":"2026-02-25T23:16:57","guid":{"rendered":"https:\/\/roveyayinevi.com.tr\/index.php\/urun\/tum-yonleriyle-ataturk\/"},"modified":"2026-04-16T02:12:28","modified_gmt":"2026-04-15T23:12:28","slug":"tum-yonleriyle-ataturk","status":"publish","type":"product","link":"https:\/\/roveyayinevi.com.tr\/index.php\/urun\/tum-yonleriyle-ataturk\/","title":{"rendered":"T\u00fcm Y\u00f6nleriyle Atat\u00fcrk"},"content":{"rendered":"<p>\u00d6n S\u00f6z Mustafa&#8217;n\u0131n \u00d6\u011frenim Hayat\u0131 Ali R\u0131za Bey ile Z\u00fcbeyde Han\u0131m aras\u0131nda Mustafa&#8217;n\u0131n gelece\u011fine ili\u015fkin g\u00f6r\u00fc\u015f ayr\u0131l\u0131klar\u0131 vard\u0131. Z\u00fcbeyde Han\u0131m, Mustafa&#8217;n\u0131n din adam\u0131 olmas\u0131n\u0131 istiyordu. Bu nedenle O&#8217;nun mahalle mektebine gitmesinde \u0131srar ediyordu. Ali R\u0131za Bey ise o\u011flunu modern e\u011fitim veren \u015eemsi Efendi Okulu&#8217;na gitmesini istiyordu. Sonunda bir \u00e7\u00f6z\u00fcm bulundu. Mustafa \u00f6nce il\u00e2hilerle mahalle mektebine ba\u015flad\u0131. B\u00f6ylece annesinin iste\u011fi yerine getirilmi\u015f oldu. Aradan \u00e7ok zaman ge\u00e7meden Mustafa mahalle mektebinden ayr\u0131larak \u015eemsi Efendi Okulu&#8217;na yaz\u0131ld\u0131. &#8230; <\/p>\n","protected":false},"excerpt":{"rendered":"<p>\u00d6n S\u00f6z Mustafa&#8217;n\u0131n \u00d6\u011frenim Hayat\u0131 Ali R\u0131za Bey ile Z\u00fcbeyde Han\u0131m aras\u0131nda Mustafa&#8217;n\u0131n gelece\u011fine ili\u015fkin g\u00f6r\u00fc\u015f ayr\u0131l\u0131klar\u0131 vard\u0131. Z\u00fcbeyde Han\u0131m, Mustafa&#8217;n\u0131n din adam\u0131 olmas\u0131n\u0131 istiyordu. Bu<span class=\"excerpt-hellip\"> [\u2026]<\/span><\/p>\n","protected":false},"featured_media":0,"template":"","meta":{"_monsterinsights_skip_tracking":false,"_monsterinsights_sitenote_active":false,"_monsterinsights_sitenote_note":"","_monsterinsights_sitenote_category":0},"product_brand":[],"product_cat":[12364],"product_tag":[],"class_list":{"0":"post-783329","1":"product","2":"type-product","3":"status-publish","5":"product_cat-genel-konular","6":"pa_tur-kitap","7":"pa_yayinevi-ozyurek-yayinlari","8":"pa_yazar-niyazi-tan","10":"first","11":"instock","12":"sale","13":"shipping-taxable","14":"purchasable","15":"product-type-simple"},"_links":{"self":[{"href":"https:\/\/roveyayinevi.com.tr\/index.php\/wp-json\/wp\/v2\/product\/783329","targetHints":{"allow":["GET"]}}],"collection":[{"href":"https:\/\/roveyayinevi.com.tr\/index.php\/wp-json\/wp\/v2\/product"}],"about":[{"href":"https:\/\/roveyayinevi.com.tr\/index.php\/wp-json\/wp\/v2\/types\/product"}],"wp:attachment":[{"href":"https:\/\/roveyayinevi.com.tr\/index.php\/wp-json\/wp\/v2\/media?parent=783329"}],"wp:term":[{"taxonomy":"product_brand","embeddable":true,"href":"https:\/\/roveyayinevi.com.tr\/index.php\/wp-json\/wp\/v2\/product_brand?post=783329"},{"taxonomy":"product_cat","embeddable":true,"href":"https:\/\/roveyayinevi.com.tr\/index.php\/wp-json\/wp\/v2\/product_cat?post=783329"},{"taxonomy":"product_tag","embeddable":true,"href":"https:\/\/roveyayinevi.com.tr\/index.php\/wp-json\/wp\/v2\/product_tag?post=783329"}],"curies":[{"name":"wp","href":"https:\/\/api.w.org\/{rel}","templated":true}]}}