{"id":783327,"date":"2026-02-26T02:14:31","date_gmt":"2026-02-25T23:14:31","guid":{"rendered":"https:\/\/roveyayinevi.com.tr\/index.php\/urun\/ataturk-ve-kurtulus-savasi\/"},"modified":"2026-04-16T02:10:50","modified_gmt":"2026-04-15T23:10:50","slug":"ataturk-ve-kurtulus-savasi","status":"publish","type":"product","link":"https:\/\/roveyayinevi.com.tr\/index.php\/urun\/ataturk-ve-kurtulus-savasi\/","title":{"rendered":"Atat\u00fcrk ve Kurtulu\u015f Sava\u015f\u0131"},"content":{"rendered":"<p>Tozlu \u00e7izmelerin terli aln\u0131nda Durmu\u015f Anadolu\u2019ya bak\u0131yorsun Yang\u0131nlardan, y\u0131k\u0131mlardan arda kalana Daha diyorsun kurtulmad\u0131k Yeni ba\u015fl\u0131yoruz daha \u00c7a\u011fda\u015f bir toplum, uygar bir \u00fclke Onurlu ya\u015fam Yola \u00e7\u0131k\u0131yorsun en g\u00fczel kararla Seni hep \u00f6yle g\u00f6r\u00fcyorum Atat\u00fcrk\u2019\u00fcm Yeni bir Kocatepe\u2019den B\u00fcy\u00fck T\u00fcrk Milleti, diye ba\u015fl\u0131yorsun Devriminde bu \u00f6z, s\u00f6yleminde bu hava Sava\u015f\u0131yorsun \u0130\u015fte g\u00fcvendi\u011fin gen\u00e7lik Yaratt\u0131\u011f\u0131n T\u00fcrkiye Ya ders veriyorsun tahta ba\u015f\u0131nda Ya \u00e7ift s\u00fcr\u00fcyorsun trakt\u00f6r\u00fcnle B\u00fcy\u00fck imecesinde halk\u0131n Ya\u015f\u0131yorsun. <\/p>\n","protected":false},"excerpt":{"rendered":"<p>Tozlu \u00e7izmelerin terli aln\u0131nda Durmu\u015f Anadolu\u2019ya bak\u0131yorsun Yang\u0131nlardan, y\u0131k\u0131mlardan arda kalana Daha diyorsun kurtulmad\u0131k Yeni ba\u015fl\u0131yoruz daha \u00c7a\u011fda\u015f bir toplum, uygar bir \u00fclke Onurlu ya\u015fam Yola<span class=\"excerpt-hellip\"> [\u2026]<\/span><\/p>\n","protected":false},"featured_media":0,"template":"","meta":{"_monsterinsights_skip_tracking":false,"_monsterinsights_sitenote_active":false,"_monsterinsights_sitenote_note":"","_monsterinsights_sitenote_category":0},"product_brand":[],"product_cat":[12274,12284],"product_tag":[],"class_list":{"0":"post-783327","1":"product","2":"type-product","3":"status-publish","5":"product_cat-cocuk-ve-genclik-kitaplari","6":"product_cat-hikayeler","7":"pa_tur-kitap","8":"pa_yayinevi-ozyurek-yayinlari","9":"pa_yazar-abbas-guzelpinar","11":"first","12":"instock","13":"sale","14":"shipping-taxable","15":"purchasable","16":"product-type-simple"},"_links":{"self":[{"href":"https:\/\/roveyayinevi.com.tr\/index.php\/wp-json\/wp\/v2\/product\/783327","targetHints":{"allow":["GET"]}}],"collection":[{"href":"https:\/\/roveyayinevi.com.tr\/index.php\/wp-json\/wp\/v2\/product"}],"about":[{"href":"https:\/\/roveyayinevi.com.tr\/index.php\/wp-json\/wp\/v2\/types\/product"}],"wp:attachment":[{"href":"https:\/\/roveyayinevi.com.tr\/index.php\/wp-json\/wp\/v2\/media?parent=783327"}],"wp:term":[{"taxonomy":"product_brand","embeddable":true,"href":"https:\/\/roveyayinevi.com.tr\/index.php\/wp-json\/wp\/v2\/product_brand?post=783327"},{"taxonomy":"product_cat","embeddable":true,"href":"https:\/\/roveyayinevi.com.tr\/index.php\/wp-json\/wp\/v2\/product_cat?post=783327"},{"taxonomy":"product_tag","embeddable":true,"href":"https:\/\/roveyayinevi.com.tr\/index.php\/wp-json\/wp\/v2\/product_tag?post=783327"}],"curies":[{"name":"wp","href":"https:\/\/api.w.org\/{rel}","templated":true}]}}