{"id":783326,"date":"2026-02-26T02:14:28","date_gmt":"2026-02-25T23:14:28","guid":{"rendered":"https:\/\/roveyayinevi.com.tr\/index.php\/urun\/ataturku-ogreniyorum\/"},"modified":"2026-02-27T02:13:13","modified_gmt":"2026-02-26T23:13:13","slug":"ataturku-ogreniyorum","status":"publish","type":"product","link":"https:\/\/roveyayinevi.com.tr\/index.php\/urun\/ataturku-ogreniyorum\/","title":{"rendered":"Atat\u00fcrk\u2019\u00fc \u00d6\u011freniyorum"},"content":{"rendered":"<p>\u00c7ocuklar bar\u0131\u015ftan yana ve sava\u015fa kar\u015f\u0131d\u0131rlar. Bunun nedeni, k\u00fc\u00e7\u00fcc\u00fck y\u00fcreklerinin sevgiyle ve dostlukla dolu olmas\u0131d\u0131r. Do\u011fru bir tarih bilinci ile d\u00fcnyam\u0131za s\u00fcrekli bir bar\u0131\u015f gelebilir. Bunu, bug\u00fcn\u00fcn k\u00fc\u00e7\u00fckleri, yar\u0131n\u0131n b\u00fcy\u00fckleri sa\u011flayacaklard\u0131r. B\u00fct\u00fcn d\u00fcnya \u00e7ocuklar\u0131 bar\u0131\u015f, sevgi ve dostlukla; el ele gelece\u011fe y\u00fcr\u00fcs\u00fcnler&#8230; <\/p>\n","protected":false},"excerpt":{"rendered":"<p>\u00c7ocuklar bar\u0131\u015ftan yana ve sava\u015fa kar\u015f\u0131d\u0131rlar. Bunun nedeni, k\u00fc\u00e7\u00fcc\u00fck y\u00fcreklerinin sevgiyle ve dostlukla dolu olmas\u0131d\u0131r. Do\u011fru bir tarih bilinci ile d\u00fcnyam\u0131za s\u00fcrekli bir bar\u0131\u015f gelebilir. Bunu,<span class=\"excerpt-hellip\"> [\u2026]<\/span><\/p>\n","protected":false},"featured_media":0,"template":"","meta":{"_monsterinsights_skip_tracking":false,"_monsterinsights_sitenote_active":false,"_monsterinsights_sitenote_note":"","_monsterinsights_sitenote_category":0},"product_brand":[],"product_cat":[12492,12274],"product_tag":[],"class_list":{"0":"post-783326","1":"product","2":"type-product","3":"status-publish","5":"product_cat-bilmece-bulmaca","6":"product_cat-cocuk-ve-genclik-kitaplari","7":"pa_tur-kitap","8":"pa_yayinevi-ozyurek-yayinlari","9":"pa_yazar-abbas-guzelpinar","11":"first","12":"instock","13":"sale","14":"shipping-taxable","15":"purchasable","16":"product-type-simple"},"_links":{"self":[{"href":"https:\/\/roveyayinevi.com.tr\/index.php\/wp-json\/wp\/v2\/product\/783326","targetHints":{"allow":["GET"]}}],"collection":[{"href":"https:\/\/roveyayinevi.com.tr\/index.php\/wp-json\/wp\/v2\/product"}],"about":[{"href":"https:\/\/roveyayinevi.com.tr\/index.php\/wp-json\/wp\/v2\/types\/product"}],"wp:attachment":[{"href":"https:\/\/roveyayinevi.com.tr\/index.php\/wp-json\/wp\/v2\/media?parent=783326"}],"wp:term":[{"taxonomy":"product_brand","embeddable":true,"href":"https:\/\/roveyayinevi.com.tr\/index.php\/wp-json\/wp\/v2\/product_brand?post=783326"},{"taxonomy":"product_cat","embeddable":true,"href":"https:\/\/roveyayinevi.com.tr\/index.php\/wp-json\/wp\/v2\/product_cat?post=783326"},{"taxonomy":"product_tag","embeddable":true,"href":"https:\/\/roveyayinevi.com.tr\/index.php\/wp-json\/wp\/v2\/product_tag?post=783326"}],"curies":[{"name":"wp","href":"https:\/\/api.w.org\/{rel}","templated":true}]}}