{"id":783325,"date":"2026-02-26T02:14:22","date_gmt":"2026-02-25T23:14:22","guid":{"rendered":"https:\/\/roveyayinevi.com.tr\/index.php\/urun\/10-kasim-oncesi-ve-sonrasi-ataturkun-vefati\/"},"modified":"2026-02-27T02:12:51","modified_gmt":"2026-02-26T23:12:51","slug":"10-kasim-oncesi-ve-sonrasi-ataturkun-vefati","status":"publish","type":"product","link":"https:\/\/roveyayinevi.com.tr\/index.php\/urun\/10-kasim-oncesi-ve-sonrasi-ataturkun-vefati\/","title":{"rendered":"10 Kas\u0131m \u00d6ncesi ve Sonras\u0131 &#8211; Atat\u00fcrk\u2019\u00fcn Vefat\u0131"},"content":{"rendered":"<p>Cumhuriyetimizin kurucusu Mustafa Kemal Atat\u00fcrk\u2019\u00fc sonsuzlu\u011fa u\u011furlay\u0131\u015f\u0131m\u0131z\u0131n 73\u2019\u00fcnc\u00fc y\u0131l\u0131nday\u0131z. <\/p>\n","protected":false},"excerpt":{"rendered":"<p>Cumhuriyetimizin kurucusu Mustafa Kemal Atat\u00fcrk\u2019\u00fc sonsuzlu\u011fa u\u011furlay\u0131\u015f\u0131m\u0131z\u0131n 73\u2019\u00fcnc\u00fc y\u0131l\u0131nday\u0131z.<\/p>\n","protected":false},"featured_media":0,"template":"","meta":{"_monsterinsights_skip_tracking":false,"_monsterinsights_sitenote_active":false,"_monsterinsights_sitenote_note":"","_monsterinsights_sitenote_category":0},"product_brand":[],"product_cat":[12370,12304],"product_tag":[],"class_list":{"0":"post-783325","1":"product","2":"type-product","3":"status-publish","5":"product_cat-arastirma-inceleme","6":"product_cat-tarih","7":"pa_tur-kitap","8":"pa_yayinevi-cumhuriyet-kitaplari","9":"pa_yazar-orhan-erinc","11":"first","12":"instock","13":"sale","14":"shipping-taxable","15":"purchasable","16":"product-type-simple"},"_links":{"self":[{"href":"https:\/\/roveyayinevi.com.tr\/index.php\/wp-json\/wp\/v2\/product\/783325","targetHints":{"allow":["GET"]}}],"collection":[{"href":"https:\/\/roveyayinevi.com.tr\/index.php\/wp-json\/wp\/v2\/product"}],"about":[{"href":"https:\/\/roveyayinevi.com.tr\/index.php\/wp-json\/wp\/v2\/types\/product"}],"wp:attachment":[{"href":"https:\/\/roveyayinevi.com.tr\/index.php\/wp-json\/wp\/v2\/media?parent=783325"}],"wp:term":[{"taxonomy":"product_brand","embeddable":true,"href":"https:\/\/roveyayinevi.com.tr\/index.php\/wp-json\/wp\/v2\/product_brand?post=783325"},{"taxonomy":"product_cat","embeddable":true,"href":"https:\/\/roveyayinevi.com.tr\/index.php\/wp-json\/wp\/v2\/product_cat?post=783325"},{"taxonomy":"product_tag","embeddable":true,"href":"https:\/\/roveyayinevi.com.tr\/index.php\/wp-json\/wp\/v2\/product_tag?post=783325"}],"curies":[{"name":"wp","href":"https:\/\/api.w.org\/{rel}","templated":true}]}}