{"id":783320,"date":"2026-02-26T02:12:37","date_gmt":"2026-02-25T23:12:37","guid":{"rendered":"https:\/\/roveyayinevi.com.tr\/index.php\/urun\/ataturk-istanbulda\/"},"modified":"2026-02-27T02:11:37","modified_gmt":"2026-02-26T23:11:37","slug":"ataturk-istanbulda","status":"publish","type":"product","link":"https:\/\/roveyayinevi.com.tr\/index.php\/urun\/ataturk-istanbulda\/","title":{"rendered":"Atat\u00fcrk \u0130stanbul\u2019da"},"content":{"rendered":"<p>Bu kitapta okuyaca\u011f\u0131n\u0131z b\u00f6l\u00fcmler aras\u0131nda en \u00f6nemlileri; K\u0131sa Atat\u00fcrk Kronolojisi, Z\u00fcbeyde Han\u0131m\u2019\u0131n Selanik\u2019ten \u0130stanbul\u2019a ka\u00e7\u0131r\u0131l\u0131\u015f\u0131, karde\u015fi Makbule Han\u0131m\u2019\u0131n a\u011fabeyisinin Samsun\u2019a gidi\u015fi konusundaki anlatt\u0131klar\u0131, Atat\u00fcrk\u2019\u00fcn \u0130stanbul Sevgisi, yeni harflerin kabul edili\u015fi hakk\u0131nda yapt\u0131\u011f\u0131 sarayburnu konu\u015fmas\u0131, sevdi\u011fi \u015fark\u0131lar, Safiye Ayla ve Deniz K\u0131z\u0131 Eftalya\u2019y\u0131 imtihan etmesi, tiyatrocu Muhsin Ertu\u011frul ve \u015eair Faruk Nafiz \u00c7aml\u0131bel\u2019le konu\u015ftuklar\u0131 Atat\u00fcrk\u2019\u00fcn T\u00fcrk Tarihi, \u0130slam dini konusundaki d\u00fc\u015f\u00fcnceleri, Beykoz imam\u0131n\u0131n Atat\u00fcrk\u2019e verdi\u011fi cevap, ba\u015f\u00f6rt\u00fcs\u00fc konusu\u2019nda bir bayana s\u00f6yledikleri ve S\u0131\u011f\u0131rtma\u00e7 Mustafa. <\/p>\n","protected":false},"excerpt":{"rendered":"<p>Bu kitapta okuyaca\u011f\u0131n\u0131z b\u00f6l\u00fcmler aras\u0131nda en \u00f6nemlileri; K\u0131sa Atat\u00fcrk Kronolojisi, Z\u00fcbeyde Han\u0131m\u2019\u0131n Selanik\u2019ten \u0130stanbul\u2019a ka\u00e7\u0131r\u0131l\u0131\u015f\u0131, karde\u015fi Makbule Han\u0131m\u2019\u0131n a\u011fabeyisinin Samsun\u2019a gidi\u015fi konusundaki anlatt\u0131klar\u0131, Atat\u00fcrk\u2019\u00fcn \u0130stanbul Sevgisi,<span class=\"excerpt-hellip\"> [\u2026]<\/span><\/p>\n","protected":false},"featured_media":0,"template":"","meta":{"_monsterinsights_skip_tracking":false,"_monsterinsights_sitenote_active":false,"_monsterinsights_sitenote_note":"","_monsterinsights_sitenote_category":0},"product_brand":[],"product_cat":[12530,12304],"product_tag":[],"class_list":{"0":"post-783320","1":"product","2":"type-product","3":"status-publish","5":"product_cat-mustafa-kemal-ataturk","6":"product_cat-tarih","7":"pa_tur-kitap","8":"pa_yayinevi-toker-yayinlari","9":"pa_yazar-yalcin-toker","11":"first","12":"instock","13":"sale","14":"shipping-taxable","15":"purchasable","16":"product-type-simple"},"_links":{"self":[{"href":"https:\/\/roveyayinevi.com.tr\/index.php\/wp-json\/wp\/v2\/product\/783320","targetHints":{"allow":["GET"]}}],"collection":[{"href":"https:\/\/roveyayinevi.com.tr\/index.php\/wp-json\/wp\/v2\/product"}],"about":[{"href":"https:\/\/roveyayinevi.com.tr\/index.php\/wp-json\/wp\/v2\/types\/product"}],"wp:attachment":[{"href":"https:\/\/roveyayinevi.com.tr\/index.php\/wp-json\/wp\/v2\/media?parent=783320"}],"wp:term":[{"taxonomy":"product_brand","embeddable":true,"href":"https:\/\/roveyayinevi.com.tr\/index.php\/wp-json\/wp\/v2\/product_brand?post=783320"},{"taxonomy":"product_cat","embeddable":true,"href":"https:\/\/roveyayinevi.com.tr\/index.php\/wp-json\/wp\/v2\/product_cat?post=783320"},{"taxonomy":"product_tag","embeddable":true,"href":"https:\/\/roveyayinevi.com.tr\/index.php\/wp-json\/wp\/v2\/product_tag?post=783320"}],"curies":[{"name":"wp","href":"https:\/\/api.w.org\/{rel}","templated":true}]}}