{"id":783319,"date":"2026-02-26T02:12:35","date_gmt":"2026-02-25T23:12:35","guid":{"rendered":"https:\/\/roveyayinevi.com.tr\/index.php\/urun\/ataturkun-kulubesi-ve-ataturk-basyazar\/"},"modified":"2026-02-27T02:11:37","modified_gmt":"2026-02-26T23:11:37","slug":"ataturkun-kulubesi-ve-ataturk-basyazar","status":"publish","type":"product","link":"https:\/\/roveyayinevi.com.tr\/index.php\/urun\/ataturkun-kulubesi-ve-ataturk-basyazar\/","title":{"rendered":"Atat\u00fcrk\u2019\u00fcn Kul\u00fcbesi ve Atat\u00fcrk Ba\u015fyazar"},"content":{"rendered":"<p>Bu k\u00fc\u00e7\u00fck kitapta, tarih\u00e7i yazar Niyazi Ahmet Bano\u011flu\u2019nun haz\u0131rlad\u0131\u011f\u0131 iki eseri yer almaktad\u0131r. Atat\u00fcrk, Ankara\u2019da Orman \u00c7iftli\u011fi yak\u0131n\u0131ndaki S\u00f6\u011f\u00fct\u00f6z\u00fc mevkiinde kendisi i\u00e7in k\u00fc\u00e7\u00fcc\u00fck bir kul\u00fcbe yapt\u0131rm\u0131\u015ft\u0131. Ulu \u00f6nder \u00e7o\u011fu gecelerini bu k\u00fc\u00e7\u00fck kul\u00fcbede ge\u00e7irirdi. kendi elleri ile lambas\u0131n\u0131 yakar, kendi elleri ile kahvesini pi\u015firir, \u00fczerinde annesinin hediyesi olan seccade \u00f6r\u00fcl\u00fc sedirde istrahat ederdi. Bu k\u00fc\u00e7\u00fck eser bu k\u00fc\u00e7\u00fck kul\u00fcbenin hikayesini anlat\u0131r&#8230; <\/p>\n","protected":false},"excerpt":{"rendered":"<p>Bu k\u00fc\u00e7\u00fck kitapta, tarih\u00e7i yazar Niyazi Ahmet Bano\u011flu\u2019nun haz\u0131rlad\u0131\u011f\u0131 iki eseri yer almaktad\u0131r. Atat\u00fcrk, Ankara\u2019da Orman \u00c7iftli\u011fi yak\u0131n\u0131ndaki S\u00f6\u011f\u00fct\u00f6z\u00fc mevkiinde kendisi i\u00e7in k\u00fc\u00e7\u00fcc\u00fck bir kul\u00fcbe yapt\u0131rm\u0131\u015ft\u0131.<span class=\"excerpt-hellip\"> [\u2026]<\/span><\/p>\n","protected":false},"featured_media":0,"template":"","meta":{"_monsterinsights_skip_tracking":false,"_monsterinsights_sitenote_active":false,"_monsterinsights_sitenote_note":"","_monsterinsights_sitenote_category":0},"product_brand":[],"product_cat":[12530,12304],"product_tag":[],"class_list":{"0":"post-783319","1":"product","2":"type-product","3":"status-publish","5":"product_cat-mustafa-kemal-ataturk","6":"product_cat-tarih","7":"pa_tur-kitap","8":"pa_yayinevi-toker-yayinlari","9":"pa_yazar-niyazi-ahmet-banoglu","11":"first","12":"instock","13":"sale","14":"shipping-taxable","15":"purchasable","16":"product-type-simple"},"_links":{"self":[{"href":"https:\/\/roveyayinevi.com.tr\/index.php\/wp-json\/wp\/v2\/product\/783319","targetHints":{"allow":["GET"]}}],"collection":[{"href":"https:\/\/roveyayinevi.com.tr\/index.php\/wp-json\/wp\/v2\/product"}],"about":[{"href":"https:\/\/roveyayinevi.com.tr\/index.php\/wp-json\/wp\/v2\/types\/product"}],"wp:attachment":[{"href":"https:\/\/roveyayinevi.com.tr\/index.php\/wp-json\/wp\/v2\/media?parent=783319"}],"wp:term":[{"taxonomy":"product_brand","embeddable":true,"href":"https:\/\/roveyayinevi.com.tr\/index.php\/wp-json\/wp\/v2\/product_brand?post=783319"},{"taxonomy":"product_cat","embeddable":true,"href":"https:\/\/roveyayinevi.com.tr\/index.php\/wp-json\/wp\/v2\/product_cat?post=783319"},{"taxonomy":"product_tag","embeddable":true,"href":"https:\/\/roveyayinevi.com.tr\/index.php\/wp-json\/wp\/v2\/product_tag?post=783319"}],"curies":[{"name":"wp","href":"https:\/\/api.w.org\/{rel}","templated":true}]}}