{"id":783313,"date":"2026-02-26T02:08:42","date_gmt":"2026-02-25T23:08:42","guid":{"rendered":"https:\/\/roveyayinevi.com.tr\/index.php\/urun\/ilkogretim-ataturk-ve-cumhuriyet-kronolojisi\/"},"modified":"2026-04-16T02:06:53","modified_gmt":"2026-04-15T23:06:53","slug":"ilkogretim-ataturk-ve-cumhuriyet-kronolojisi","status":"publish","type":"product","link":"https:\/\/roveyayinevi.com.tr\/index.php\/urun\/ilkogretim-ataturk-ve-cumhuriyet-kronolojisi\/","title":{"rendered":"\u0130lk\u00f6\u011fretim Atat\u00fcrk ve Cumhuriyet Kronolojisi"},"content":{"rendered":"","protected":false},"excerpt":{"rendered":"","protected":false},"featured_media":0,"template":"","meta":{"_monsterinsights_skip_tracking":false,"_monsterinsights_sitenote_active":false,"_monsterinsights_sitenote_note":"","_monsterinsights_sitenote_category":0},"product_brand":[],"product_cat":[12364],"product_tag":[],"class_list":{"0":"post-783313","1":"product","2":"type-product","3":"status-publish","5":"product_cat-genel-konular","6":"pa_tur-kitap","7":"pa_yayinevi-bilgi-yayinevi-cocuk","8":"pa_yazar-turgut-ozakman","10":"first","11":"instock","12":"sale","13":"shipping-taxable","14":"purchasable","15":"product-type-simple"},"_links":{"self":[{"href":"https:\/\/roveyayinevi.com.tr\/index.php\/wp-json\/wp\/v2\/product\/783313","targetHints":{"allow":["GET"]}}],"collection":[{"href":"https:\/\/roveyayinevi.com.tr\/index.php\/wp-json\/wp\/v2\/product"}],"about":[{"href":"https:\/\/roveyayinevi.com.tr\/index.php\/wp-json\/wp\/v2\/types\/product"}],"wp:attachment":[{"href":"https:\/\/roveyayinevi.com.tr\/index.php\/wp-json\/wp\/v2\/media?parent=783313"}],"wp:term":[{"taxonomy":"product_brand","embeddable":true,"href":"https:\/\/roveyayinevi.com.tr\/index.php\/wp-json\/wp\/v2\/product_brand?post=783313"},{"taxonomy":"product_cat","embeddable":true,"href":"https:\/\/roveyayinevi.com.tr\/index.php\/wp-json\/wp\/v2\/product_cat?post=783313"},{"taxonomy":"product_tag","embeddable":true,"href":"https:\/\/roveyayinevi.com.tr\/index.php\/wp-json\/wp\/v2\/product_tag?post=783313"}],"curies":[{"name":"wp","href":"https:\/\/api.w.org\/{rel}","templated":true}]}}