{"id":783312,"date":"2026-02-26T02:07:25","date_gmt":"2026-02-25T23:07:25","guid":{"rendered":"https:\/\/roveyayinevi.com.tr\/index.php\/urun\/anmaktan-anlamaya-dogru-ataturk\/"},"modified":"2026-04-16T02:05:45","modified_gmt":"2026-04-15T23:05:45","slug":"anmaktan-anlamaya-dogru-ataturk","status":"publish","type":"product","link":"https:\/\/roveyayinevi.com.tr\/index.php\/urun\/anmaktan-anlamaya-dogru-ataturk\/","title":{"rendered":"Anmaktan Anlamaya Do\u011fru Atat\u00fcrk"},"content":{"rendered":"<p>Bir g\u00fcn Atat\u00fcrk yine tarihle ilgili kal\u0131n bir kitap okuyordu.  \u00d6ylesine dalm\u0131\u015ft\u0131 ki, \u00e7evresindekileri fark etmemi\u015fti.  Yurtla ilgili bir s\u00fcr\u00fc sorun varken Devlet Ba\u015fkan\u0131&#8217;n\u0131n kendini tarihe vermesi Vas\u0131f \u00c7\u0131nar&#8217;\u0131n biraz can\u0131n\u0131 s\u0131km\u0131\u015f olacak ki, Atat\u00fcrk&#8217;e \u015f\u00f6yle dedi\u011fini duydum:  \u201cPa\u015fam! Tarihle u\u011fra\u015f\u0131p kafan\u0131 yorma. 19 May\u0131s&#8217;ta kitap okuyarak m\u0131 Samsun&#8217;a \u00e7\u0131kt\u0131n?\u201d  Atat\u00fcrk Vas\u0131f \u00c7\u0131nar&#8217;\u0131n bu \u00e7ok samimi yak\u0131nmas\u0131na g\u00fcl\u00fcmseyerek \u015f\u00f6yle bir kar\u015f\u0131l\u0131k verdi:  \u201cBen \u00e7ocukken fakirdim. E\u011fer \u00e7ocuklu\u011fumda elime ge\u00e7en iki kuru\u015ftan birini kitaplara vermeseydim; bug\u00fcn yapt\u0131klar\u0131m\u0131n hi\u00e7birini yapamazd\u0131m.\u201d  Atat\u00fcrk&#8217;\u00fcn U\u015fa\u011f\u0131 \u0130dim  Cemal Granda <\/p>\n","protected":false},"excerpt":{"rendered":"<p>Bir g\u00fcn Atat\u00fcrk yine tarihle ilgili kal\u0131n bir kitap okuyordu. \u00d6ylesine dalm\u0131\u015ft\u0131 ki, \u00e7evresindekileri fark etmemi\u015fti. Yurtla ilgili bir s\u00fcr\u00fc sorun varken Devlet Ba\u015fkan\u0131&#8217;n\u0131n kendini tarihe<span class=\"excerpt-hellip\"> [\u2026]<\/span><\/p>\n","protected":false},"featured_media":0,"template":"","meta":{"_monsterinsights_skip_tracking":false,"_monsterinsights_sitenote_active":false,"_monsterinsights_sitenote_note":"","_monsterinsights_sitenote_category":0},"product_brand":[],"product_cat":[13701,12291],"product_tag":[],"class_list":{"0":"post-783312","1":"product","2":"type-product","3":"status-publish","5":"product_cat-ani-mektup-gunluk","6":"product_cat-edebiyat","7":"pa_cilt-ciltsiz","8":"pa_tur-kitap","9":"pa_yayinevi-epsilon-ozel-urun","10":"pa_yazar-ilknur-gunturkun-kalipci","12":"first","13":"instock","14":"sale","15":"shipping-taxable","16":"purchasable","17":"product-type-simple"},"_links":{"self":[{"href":"https:\/\/roveyayinevi.com.tr\/index.php\/wp-json\/wp\/v2\/product\/783312","targetHints":{"allow":["GET"]}}],"collection":[{"href":"https:\/\/roveyayinevi.com.tr\/index.php\/wp-json\/wp\/v2\/product"}],"about":[{"href":"https:\/\/roveyayinevi.com.tr\/index.php\/wp-json\/wp\/v2\/types\/product"}],"wp:attachment":[{"href":"https:\/\/roveyayinevi.com.tr\/index.php\/wp-json\/wp\/v2\/media?parent=783312"}],"wp:term":[{"taxonomy":"product_brand","embeddable":true,"href":"https:\/\/roveyayinevi.com.tr\/index.php\/wp-json\/wp\/v2\/product_brand?post=783312"},{"taxonomy":"product_cat","embeddable":true,"href":"https:\/\/roveyayinevi.com.tr\/index.php\/wp-json\/wp\/v2\/product_cat?post=783312"},{"taxonomy":"product_tag","embeddable":true,"href":"https:\/\/roveyayinevi.com.tr\/index.php\/wp-json\/wp\/v2\/product_tag?post=783312"}],"curies":[{"name":"wp","href":"https:\/\/api.w.org\/{rel}","templated":true}]}}