{"id":783308,"date":"2026-02-26T02:06:14","date_gmt":"2026-02-25T23:06:14","guid":{"rendered":"https:\/\/roveyayinevi.com.tr\/index.php\/urun\/ataturk-ve-nutuk\/"},"modified":"2026-04-16T02:04:38","modified_gmt":"2026-04-15T23:04:38","slug":"ataturk-ve-nutuk","status":"publish","type":"product","link":"https:\/\/roveyayinevi.com.tr\/index.php\/urun\/ataturk-ve-nutuk\/","title":{"rendered":"Atat\u00fcrk ve Nutuk"},"content":{"rendered":"<p>Mustafa Kemal Pa\u015fa\u2019n\u0131n, 15-20 Ekim 1927 tarihleri aras\u0131nda Cumhuriyet Halk F\u0131rkas\u0131\u2019n\u0131n kongresinde, 36 saat 33 dakika s\u00fcreyle yapm\u0131\u015f oldu\u011fu konu\u015fma, k\u0131sa bir s\u00fcre sonra kitap haline getirilmi\u015f ve Nutuk, B\u00fcy\u00fck Nutuk, S\u00f6ylev adlar\u0131yla tarihe ge\u00e7mi\u015ftir. <\/p>\n","protected":false},"excerpt":{"rendered":"<p>Mustafa Kemal Pa\u015fa\u2019n\u0131n, 15-20 Ekim 1927 tarihleri aras\u0131nda Cumhuriyet Halk F\u0131rkas\u0131\u2019n\u0131n kongresinde, 36 saat 33 dakika s\u00fcreyle yapm\u0131\u015f oldu\u011fu konu\u015fma, k\u0131sa bir s\u00fcre sonra kitap haline<span class=\"excerpt-hellip\"> [\u2026]<\/span><\/p>\n","protected":false},"featured_media":0,"template":"","meta":{"_monsterinsights_skip_tracking":false,"_monsterinsights_sitenote_active":false,"_monsterinsights_sitenote_note":"","_monsterinsights_sitenote_category":0},"product_brand":[],"product_cat":[12530,12304],"product_tag":[],"class_list":{"0":"post-783308","1":"product","2":"type-product","3":"status-publish","5":"product_cat-mustafa-kemal-ataturk","6":"product_cat-tarih","7":"pa_tur-kitap","8":"pa_yayinevi-siyasal-kitabevi","9":"pa_yazar-hakan-uzun","11":"first","12":"instock","13":"sale","14":"shipping-taxable","15":"purchasable","16":"product-type-simple"},"_links":{"self":[{"href":"https:\/\/roveyayinevi.com.tr\/index.php\/wp-json\/wp\/v2\/product\/783308","targetHints":{"allow":["GET"]}}],"collection":[{"href":"https:\/\/roveyayinevi.com.tr\/index.php\/wp-json\/wp\/v2\/product"}],"about":[{"href":"https:\/\/roveyayinevi.com.tr\/index.php\/wp-json\/wp\/v2\/types\/product"}],"wp:attachment":[{"href":"https:\/\/roveyayinevi.com.tr\/index.php\/wp-json\/wp\/v2\/media?parent=783308"}],"wp:term":[{"taxonomy":"product_brand","embeddable":true,"href":"https:\/\/roveyayinevi.com.tr\/index.php\/wp-json\/wp\/v2\/product_brand?post=783308"},{"taxonomy":"product_cat","embeddable":true,"href":"https:\/\/roveyayinevi.com.tr\/index.php\/wp-json\/wp\/v2\/product_cat?post=783308"},{"taxonomy":"product_tag","embeddable":true,"href":"https:\/\/roveyayinevi.com.tr\/index.php\/wp-json\/wp\/v2\/product_tag?post=783308"}],"curies":[{"name":"wp","href":"https:\/\/api.w.org\/{rel}","templated":true}]}}