{"id":783306,"date":"2026-02-26T02:05:24","date_gmt":"2026-02-25T23:05:24","guid":{"rendered":"https:\/\/roveyayinevi.com.tr\/index.php\/urun\/ataturk-savaslarda\/"},"modified":"2026-02-27T02:04:45","modified_gmt":"2026-02-26T23:04:45","slug":"ataturk-savaslarda","status":"publish","type":"product","link":"https:\/\/roveyayinevi.com.tr\/index.php\/urun\/ataturk-savaslarda\/","title":{"rendered":"Atat\u00fcrk Sava\u015flarda"},"content":{"rendered":"<p>Bu kitapta, Osmanl\u0131 d\u00f6neminde Atat\u00fcrk\u2019\u00fcn kat\u0131ld\u0131\u011f\u0131 askeri hareketleri, 31 Mart Vak\u2019as\u0131n\u0131, hareket ordusu kurmayl\u0131\u011f\u0131n\u0131, Trablusgarp, Balkan Sava\u015f\u0131 ve birinci D\u00fcnya Sava\u015f\u0131\u2019ndaki g\u00f6revlerini, \u00c7anakkale Sava\u015flar\u0131\u2019ndaki ba\u015far\u0131lar\u0131n, Milli M\u00fccadele\u2019de, \u0130n\u00f6n\u00fc Sava\u015f\u0131\u2019nda, Sakarya Meydan Sava\u015f\u0131 ve B\u00fcy\u00fck Taaruz\u2019daki kahramanl\u0131klar\u0131n\u0131, Dumlup\u0131nar ve Ba\u015fkomutanl\u0131k Meydan Sava\u015f\u0131\u2019nda yaratt\u0131\u011f\u0131 mucizeleri, Mudanya Ate\u015fkes ve Lozan Bar\u0131\u015f Anla\u015fmas\u0131 konular\u0131n\u0131 bulacaks\u0131n\u0131z. <\/p>\n","protected":false},"excerpt":{"rendered":"<p>Bu kitapta, Osmanl\u0131 d\u00f6neminde Atat\u00fcrk\u2019\u00fcn kat\u0131ld\u0131\u011f\u0131 askeri hareketleri, 31 Mart Vak\u2019as\u0131n\u0131, hareket ordusu kurmayl\u0131\u011f\u0131n\u0131, Trablusgarp, Balkan Sava\u015f\u0131 ve birinci D\u00fcnya Sava\u015f\u0131\u2019ndaki g\u00f6revlerini, \u00c7anakkale Sava\u015flar\u0131\u2019ndaki ba\u015far\u0131lar\u0131n, Milli<span class=\"excerpt-hellip\"> [\u2026]<\/span><\/p>\n","protected":false},"featured_media":0,"template":"","meta":{"_monsterinsights_skip_tracking":false,"_monsterinsights_sitenote_active":false,"_monsterinsights_sitenote_note":"","_monsterinsights_sitenote_category":0},"product_brand":[],"product_cat":[12530,12304],"product_tag":[],"class_list":{"0":"post-783306","1":"product","2":"type-product","3":"status-publish","5":"product_cat-mustafa-kemal-ataturk","6":"product_cat-tarih","7":"pa_tur-kitap","8":"pa_yayinevi-toker-yayinlari","9":"pa_yazar-yalcin-toker","11":"first","12":"instock","13":"sale","14":"shipping-taxable","15":"purchasable","16":"product-type-simple"},"_links":{"self":[{"href":"https:\/\/roveyayinevi.com.tr\/index.php\/wp-json\/wp\/v2\/product\/783306","targetHints":{"allow":["GET"]}}],"collection":[{"href":"https:\/\/roveyayinevi.com.tr\/index.php\/wp-json\/wp\/v2\/product"}],"about":[{"href":"https:\/\/roveyayinevi.com.tr\/index.php\/wp-json\/wp\/v2\/types\/product"}],"wp:attachment":[{"href":"https:\/\/roveyayinevi.com.tr\/index.php\/wp-json\/wp\/v2\/media?parent=783306"}],"wp:term":[{"taxonomy":"product_brand","embeddable":true,"href":"https:\/\/roveyayinevi.com.tr\/index.php\/wp-json\/wp\/v2\/product_brand?post=783306"},{"taxonomy":"product_cat","embeddable":true,"href":"https:\/\/roveyayinevi.com.tr\/index.php\/wp-json\/wp\/v2\/product_cat?post=783306"},{"taxonomy":"product_tag","embeddable":true,"href":"https:\/\/roveyayinevi.com.tr\/index.php\/wp-json\/wp\/v2\/product_tag?post=783306"}],"curies":[{"name":"wp","href":"https:\/\/api.w.org\/{rel}","templated":true}]}}