{"id":783305,"date":"2026-02-26T02:05:20","date_gmt":"2026-02-25T23:05:20","guid":{"rendered":"https:\/\/roveyayinevi.com.tr\/index.php\/urun\/ataturkun-yakin-cevresi\/"},"modified":"2026-02-27T02:04:43","modified_gmt":"2026-02-26T23:04:43","slug":"ataturkun-yakin-cevresi","status":"publish","type":"product","link":"https:\/\/roveyayinevi.com.tr\/index.php\/urun\/ataturkun-yakin-cevresi\/","title":{"rendered":"Atat\u00fcrk\u2019\u00fcn Yak\u0131n \u00c7evresi"},"content":{"rendered":"<p>Bu kitapta, Atat\u00fcrk\u2019\u00fcn yak\u0131n \u00e7evresinde yer alan ki\u015filer ve anlat\u0131klar\u0131 ilgin\u00e7 olaylardan \u00f6rnekler okuyacaks\u0131n\u0131z. T\u00fcrk Milleti\u2019nin ulu \u00d6nder\u2019ini hayat\u0131 boyunca elbette say\u0131s\u0131z ki\u015filer g\u00f6rm\u00fc\u015f, tan\u0131m\u0131\u015f, konu\u015fmu\u015f, arkada\u015fl\u0131kkurmu\u015f, yak\u0131n \u00e7evresine girmi\u015f ve kimileri de O\u2019nun \u00fcnl\u00fc sofras\u0131nda bulunmu\u015ftur. Bunlar\u0131n aras\u0131nda asker k\u00f6kenli silah arkada\u015flar\u0131, devlet adamlar\u0131, bakanlar, milletvekilleri, gazeteciler, sanat\u00e7\u0131lar, m\u00fczisyenler gibi her meslekten insanlar&#8230;. \u00c7ocuklar, ya\u015fl\u0131lar, kad\u0131nlar, erkekler, k\u00f6yl\u00fcler, \u015fehirliler&#8230; K\u0131sacas\u0131 her kesimden vatanda\u015flar vard\u0131r. <\/p>\n","protected":false},"excerpt":{"rendered":"<p>Bu kitapta, Atat\u00fcrk\u2019\u00fcn yak\u0131n \u00e7evresinde yer alan ki\u015filer ve anlat\u0131klar\u0131 ilgin\u00e7 olaylardan \u00f6rnekler okuyacaks\u0131n\u0131z. T\u00fcrk Milleti\u2019nin ulu \u00d6nder\u2019ini hayat\u0131 boyunca elbette say\u0131s\u0131z ki\u015filer g\u00f6rm\u00fc\u015f, tan\u0131m\u0131\u015f, konu\u015fmu\u015f,<span class=\"excerpt-hellip\"> [\u2026]<\/span><\/p>\n","protected":false},"featured_media":0,"template":"","meta":{"_monsterinsights_skip_tracking":false,"_monsterinsights_sitenote_active":false,"_monsterinsights_sitenote_note":"","_monsterinsights_sitenote_category":0},"product_brand":[],"product_cat":[12530,12304],"product_tag":[],"class_list":{"0":"post-783305","1":"product","2":"type-product","3":"status-publish","5":"product_cat-mustafa-kemal-ataturk","6":"product_cat-tarih","7":"pa_tur-kitap","8":"pa_yayinevi-toker-yayinlari","9":"pa_yazar-yalcin-toker","11":"first","12":"instock","13":"sale","14":"shipping-taxable","15":"purchasable","16":"product-type-simple"},"_links":{"self":[{"href":"https:\/\/roveyayinevi.com.tr\/index.php\/wp-json\/wp\/v2\/product\/783305","targetHints":{"allow":["GET"]}}],"collection":[{"href":"https:\/\/roveyayinevi.com.tr\/index.php\/wp-json\/wp\/v2\/product"}],"about":[{"href":"https:\/\/roveyayinevi.com.tr\/index.php\/wp-json\/wp\/v2\/types\/product"}],"wp:attachment":[{"href":"https:\/\/roveyayinevi.com.tr\/index.php\/wp-json\/wp\/v2\/media?parent=783305"}],"wp:term":[{"taxonomy":"product_brand","embeddable":true,"href":"https:\/\/roveyayinevi.com.tr\/index.php\/wp-json\/wp\/v2\/product_brand?post=783305"},{"taxonomy":"product_cat","embeddable":true,"href":"https:\/\/roveyayinevi.com.tr\/index.php\/wp-json\/wp\/v2\/product_cat?post=783305"},{"taxonomy":"product_tag","embeddable":true,"href":"https:\/\/roveyayinevi.com.tr\/index.php\/wp-json\/wp\/v2\/product_tag?post=783305"}],"curies":[{"name":"wp","href":"https:\/\/api.w.org\/{rel}","templated":true}]}}