{"id":783304,"date":"2026-02-26T02:05:17","date_gmt":"2026-02-25T23:05:17","guid":{"rendered":"https:\/\/roveyayinevi.com.tr\/index.php\/urun\/ataturk-ve-bayram-siirleri\/"},"modified":"2026-02-27T02:04:43","modified_gmt":"2026-02-26T23:04:43","slug":"ataturk-ve-bayram-siirleri","status":"publish","type":"product","link":"https:\/\/roveyayinevi.com.tr\/index.php\/urun\/ataturk-ve-bayram-siirleri\/","title":{"rendered":"Atat\u00fcrk ve Bayram \u015eiirleri"},"content":{"rendered":"<p>Bu kitapta 23 Nisan, 19 May\u0131s ve 29 Ekim Cumhuriyet Bayram\u0131\u2019n\u0131 i\u015fleyen en de\u011ferli \u015fairlerimizin en de\u011ferli eserlerinden \u00f6rnekler yer almaktad\u0131r. <\/p>\n","protected":false},"excerpt":{"rendered":"<p>Bu kitapta 23 Nisan, 19 May\u0131s ve 29 Ekim Cumhuriyet Bayram\u0131\u2019n\u0131 i\u015fleyen en de\u011ferli \u015fairlerimizin en de\u011ferli eserlerinden \u00f6rnekler yer almaktad\u0131r.<\/p>\n","protected":false},"featured_media":0,"template":"","meta":{"_monsterinsights_skip_tracking":false,"_monsterinsights_sitenote_active":false,"_monsterinsights_sitenote_note":"","_monsterinsights_sitenote_category":0},"product_brand":[],"product_cat":[12291,12292],"product_tag":[],"class_list":{"0":"post-783304","1":"product","2":"type-product","3":"status-publish","5":"product_cat-edebiyat","6":"product_cat-turk-edebiyati","7":"pa_tur-kitap","8":"pa_yayinevi-toker-yayinlari","9":"pa_yazar-yalcin-toker","11":"first","12":"instock","13":"sale","14":"shipping-taxable","15":"purchasable","16":"product-type-simple"},"_links":{"self":[{"href":"https:\/\/roveyayinevi.com.tr\/index.php\/wp-json\/wp\/v2\/product\/783304","targetHints":{"allow":["GET"]}}],"collection":[{"href":"https:\/\/roveyayinevi.com.tr\/index.php\/wp-json\/wp\/v2\/product"}],"about":[{"href":"https:\/\/roveyayinevi.com.tr\/index.php\/wp-json\/wp\/v2\/types\/product"}],"wp:attachment":[{"href":"https:\/\/roveyayinevi.com.tr\/index.php\/wp-json\/wp\/v2\/media?parent=783304"}],"wp:term":[{"taxonomy":"product_brand","embeddable":true,"href":"https:\/\/roveyayinevi.com.tr\/index.php\/wp-json\/wp\/v2\/product_brand?post=783304"},{"taxonomy":"product_cat","embeddable":true,"href":"https:\/\/roveyayinevi.com.tr\/index.php\/wp-json\/wp\/v2\/product_cat?post=783304"},{"taxonomy":"product_tag","embeddable":true,"href":"https:\/\/roveyayinevi.com.tr\/index.php\/wp-json\/wp\/v2\/product_tag?post=783304"}],"curies":[{"name":"wp","href":"https:\/\/api.w.org\/{rel}","templated":true}]}}