{"id":783301,"date":"2026-02-26T02:03:36","date_gmt":"2026-02-25T23:03:36","guid":{"rendered":"https:\/\/roveyayinevi.com.tr\/index.php\/urun\/ataturk-ve-cocuklar\/"},"modified":"2026-04-16T02:02:05","modified_gmt":"2026-04-15T23:02:05","slug":"ataturk-ve-cocuklar","status":"publish","type":"product","link":"https:\/\/roveyayinevi.com.tr\/index.php\/urun\/ataturk-ve-cocuklar\/","title":{"rendered":"Atat\u00fcrk ve \u00c7ocuklar"},"content":{"rendered":"<p>Be\u015f ya\u015f\u0131ndaki k\u00fc\u00e7\u00fck \u00dclk\u00fc, Dolmabah\u00e7e Saray\u0131\u2019nda hep Atat\u00fcrk\u2019le beraberdi. \u00dclk\u00fc\u2019n\u00fcn b\u00fct\u00fcn istedikleri olurdu. Ata\u2019n\u0131n ne kadar \u00f6nemli i\u015fi olursa olsun \u00dclk\u00fc onu masas\u0131ndan kald\u0131r\u0131r, istedi\u011fi yer g\u00f6t\u00fcr\u00fcrd\u00fc. Atat\u00fcrk, \u00dclk\u00fc\u2019ye dayanamazd\u0131:  Kalk Atat\u00fcrk, gel Atat\u00fcrk!  dedi mi, Atat\u00fcrk, \u00dclk\u00fc\u2019n\u00fcn istediklerini mutlaka yapard\u0131&#8230; <\/p>\n","protected":false},"excerpt":{"rendered":"<p>Be\u015f ya\u015f\u0131ndaki k\u00fc\u00e7\u00fck \u00dclk\u00fc, Dolmabah\u00e7e Saray\u0131\u2019nda hep Atat\u00fcrk\u2019le beraberdi. \u00dclk\u00fc\u2019n\u00fcn b\u00fct\u00fcn istedikleri olurdu. Ata\u2019n\u0131n ne kadar \u00f6nemli i\u015fi olursa olsun \u00dclk\u00fc onu masas\u0131ndan kald\u0131r\u0131r, istedi\u011fi yer<span class=\"excerpt-hellip\"> [\u2026]<\/span><\/p>\n","protected":false},"featured_media":0,"template":"","meta":{"_monsterinsights_skip_tracking":false,"_monsterinsights_sitenote_active":false,"_monsterinsights_sitenote_note":"","_monsterinsights_sitenote_category":0},"product_brand":[],"product_cat":[12492,12274],"product_tag":[],"class_list":{"0":"post-783301","1":"product","2":"type-product","3":"status-publish","5":"product_cat-bilmece-bulmaca","6":"product_cat-cocuk-ve-genclik-kitaplari","7":"pa_tur-kitap","8":"pa_yayinevi-ozyurek-yayinlari","9":"pa_yazar-turhan-ugurkan","11":"first","12":"instock","13":"sale","14":"shipping-taxable","15":"purchasable","16":"product-type-simple"},"_links":{"self":[{"href":"https:\/\/roveyayinevi.com.tr\/index.php\/wp-json\/wp\/v2\/product\/783301","targetHints":{"allow":["GET"]}}],"collection":[{"href":"https:\/\/roveyayinevi.com.tr\/index.php\/wp-json\/wp\/v2\/product"}],"about":[{"href":"https:\/\/roveyayinevi.com.tr\/index.php\/wp-json\/wp\/v2\/types\/product"}],"wp:attachment":[{"href":"https:\/\/roveyayinevi.com.tr\/index.php\/wp-json\/wp\/v2\/media?parent=783301"}],"wp:term":[{"taxonomy":"product_brand","embeddable":true,"href":"https:\/\/roveyayinevi.com.tr\/index.php\/wp-json\/wp\/v2\/product_brand?post=783301"},{"taxonomy":"product_cat","embeddable":true,"href":"https:\/\/roveyayinevi.com.tr\/index.php\/wp-json\/wp\/v2\/product_cat?post=783301"},{"taxonomy":"product_tag","embeddable":true,"href":"https:\/\/roveyayinevi.com.tr\/index.php\/wp-json\/wp\/v2\/product_tag?post=783301"}],"curies":[{"name":"wp","href":"https:\/\/api.w.org\/{rel}","templated":true}]}}