{"id":783299,"date":"2026-02-26T02:02:19","date_gmt":"2026-02-25T23:02:19","guid":{"rendered":"https:\/\/roveyayinevi.com.tr\/index.php\/urun\/ataturkun-sovyetlerle-gorusmeleri\/"},"modified":"2026-04-16T02:00:19","modified_gmt":"2026-04-15T23:00:19","slug":"ataturkun-sovyetlerle-gorusmeleri","status":"publish","type":"product","link":"https:\/\/roveyayinevi.com.tr\/index.php\/urun\/ataturkun-sovyetlerle-gorusmeleri\/","title":{"rendered":"Atat\u00fcrk\u2019\u00fcn Sovyetler\u2019le G\u00f6r\u00fc\u015fmeleri"},"content":{"rendered":"<p>Atat\u00fcrk&#8217;\u00fcn, 1919-1938 y\u0131llar\u0131 aras\u0131nda Sovyet h\u00fck\u00fcmeti ve Kom\u00fcnist Enternasyonal temsilcileriyle yapt\u0131\u011f\u0131 g\u00f6r\u00fc\u015fmelerin tutanak ve raporlar\u0131 ve di\u011fer resm\u00ee belgeler ilk kez bu kitapta yay\u0131mlan\u0131yor. Mehmet Perin\u00e7ek, ba\u015fta Rusya Toplumsal-Siyasal Tarih Devlet Ar\u015fivi olmak \u00fczere, y\u0131llardan beri Rusya&#8217;daki devlet ar\u015fivlerinde yapt\u0131\u011f\u0131 \u00e7al\u0131\u015fmalar sonucu buldu\u011fu y\u00fczlerce   \u00c7ok gizli   ve   gizli   damgal\u0131 resm\u00ee belgelere dayanarak, Kurtulu\u015f Sava\u015f\u0131m\u0131z\u0131n ve Kemalist Devrim&#8217;in bilinmeyen y\u00f6nlerini ve T\u00fcrk-Sovyet ili\u015fkilerini ayd\u0131nlat\u0131yor. Bu kitap, Cumhuriyet tarihimizi yeniden yazd\u0131racak \u00f6nemdeki bilgi ve belgeleri, tarih\u00e7ilerimizin, ara\u015ft\u0131rmac\u0131lar\u0131m\u0131z\u0131n ve okuyucular\u0131n bilgisine sunmaktad\u0131r. <\/p>\n","protected":false},"excerpt":{"rendered":"<p>Atat\u00fcrk&#8217;\u00fcn, 1919-1938 y\u0131llar\u0131 aras\u0131nda Sovyet h\u00fck\u00fcmeti ve Kom\u00fcnist Enternasyonal temsilcileriyle yapt\u0131\u011f\u0131 g\u00f6r\u00fc\u015fmelerin tutanak ve raporlar\u0131 ve di\u011fer resm\u00ee belgeler ilk kez bu kitapta yay\u0131mlan\u0131yor. Mehmet Perin\u00e7ek,<span class=\"excerpt-hellip\"> [\u2026]<\/span><\/p>\n","protected":false},"featured_media":0,"template":"","meta":{"_monsterinsights_skip_tracking":false,"_monsterinsights_sitenote_active":false,"_monsterinsights_sitenote_note":"","_monsterinsights_sitenote_category":0},"product_brand":[],"product_cat":[12530,12304],"product_tag":[],"class_list":{"0":"post-783299","1":"product","2":"type-product","3":"status-publish","5":"product_cat-mustafa-kemal-ataturk","6":"product_cat-tarih","7":"pa_cilt-ciltsiz","8":"pa_tur-kitap","9":"pa_yayinevi-kaynak-yayinlari","10":"pa_yazar-mehmet-perincek","12":"first","13":"instock","14":"sale","15":"shipping-taxable","16":"purchasable","17":"product-type-simple"},"_links":{"self":[{"href":"https:\/\/roveyayinevi.com.tr\/index.php\/wp-json\/wp\/v2\/product\/783299","targetHints":{"allow":["GET"]}}],"collection":[{"href":"https:\/\/roveyayinevi.com.tr\/index.php\/wp-json\/wp\/v2\/product"}],"about":[{"href":"https:\/\/roveyayinevi.com.tr\/index.php\/wp-json\/wp\/v2\/types\/product"}],"wp:attachment":[{"href":"https:\/\/roveyayinevi.com.tr\/index.php\/wp-json\/wp\/v2\/media?parent=783299"}],"wp:term":[{"taxonomy":"product_brand","embeddable":true,"href":"https:\/\/roveyayinevi.com.tr\/index.php\/wp-json\/wp\/v2\/product_brand?post=783299"},{"taxonomy":"product_cat","embeddable":true,"href":"https:\/\/roveyayinevi.com.tr\/index.php\/wp-json\/wp\/v2\/product_cat?post=783299"},{"taxonomy":"product_tag","embeddable":true,"href":"https:\/\/roveyayinevi.com.tr\/index.php\/wp-json\/wp\/v2\/product_tag?post=783299"}],"curies":[{"name":"wp","href":"https:\/\/api.w.org\/{rel}","templated":true}]}}