{"id":783298,"date":"2026-02-26T02:01:47","date_gmt":"2026-02-25T23:01:47","guid":{"rendered":"https:\/\/roveyayinevi.com.tr\/index.php\/urun\/ataturk-devri-dergilerinde-edebiyatla-ilgili-kavramlar\/"},"modified":"2026-02-27T02:01:33","modified_gmt":"2026-02-26T23:01:33","slug":"ataturk-devri-dergilerinde-edebiyatla-ilgili-kavramlar","status":"publish","type":"product","link":"https:\/\/roveyayinevi.com.tr\/index.php\/urun\/ataturk-devri-dergilerinde-edebiyatla-ilgili-kavramlar\/","title":{"rendered":"Atat\u00fcrk Devri Dergilerinde Edebiyatla \u0130lgili Kavramlar"},"content":{"rendered":"<p>19. y\u00fczy\u0131l sonuyla 20. y\u00fczy\u0131l\u0131n ilk yar\u0131s\u0131nda imparatorluklar\u0131n y\u0131k\u0131l\u0131\u015f\u0131yla beraber insan topluluklar\u0131, tarihi k\u00f6kler ve k\u00fclt\u00fcrel kimlik konular\u0131nda \u00e7al\u0131\u015fmaya ba\u015flam\u0131\u015flar ve bu faaliyetler edebiyat sahas\u0131nda da kendini g\u00f6stermi\u015ftir. <\/p>\n","protected":false},"excerpt":{"rendered":"<p>19. y\u00fczy\u0131l sonuyla 20. y\u00fczy\u0131l\u0131n ilk yar\u0131s\u0131nda imparatorluklar\u0131n y\u0131k\u0131l\u0131\u015f\u0131yla beraber insan topluluklar\u0131, tarihi k\u00f6kler ve k\u00fclt\u00fcrel kimlik konular\u0131nda \u00e7al\u0131\u015fmaya ba\u015flam\u0131\u015flar ve bu faaliyetler edebiyat sahas\u0131nda da<span class=\"excerpt-hellip\"> [\u2026]<\/span><\/p>\n","protected":false},"featured_media":0,"template":"","meta":{"_monsterinsights_skip_tracking":false,"_monsterinsights_sitenote_active":false,"_monsterinsights_sitenote_note":"","_monsterinsights_sitenote_category":0},"product_brand":[],"product_cat":[12370,12304],"product_tag":[],"class_list":{"0":"post-783298","1":"product","2":"type-product","3":"status-publish","5":"product_cat-arastirma-inceleme","6":"product_cat-tarih","7":"pa_tur-kitap","8":"pa_yayinevi-berikan-yayinlari","9":"pa_yazar-nazli-rana-gurel","11":"first","12":"instock","13":"sale","14":"shipping-taxable","15":"purchasable","16":"product-type-simple"},"_links":{"self":[{"href":"https:\/\/roveyayinevi.com.tr\/index.php\/wp-json\/wp\/v2\/product\/783298","targetHints":{"allow":["GET"]}}],"collection":[{"href":"https:\/\/roveyayinevi.com.tr\/index.php\/wp-json\/wp\/v2\/product"}],"about":[{"href":"https:\/\/roveyayinevi.com.tr\/index.php\/wp-json\/wp\/v2\/types\/product"}],"wp:attachment":[{"href":"https:\/\/roveyayinevi.com.tr\/index.php\/wp-json\/wp\/v2\/media?parent=783298"}],"wp:term":[{"taxonomy":"product_brand","embeddable":true,"href":"https:\/\/roveyayinevi.com.tr\/index.php\/wp-json\/wp\/v2\/product_brand?post=783298"},{"taxonomy":"product_cat","embeddable":true,"href":"https:\/\/roveyayinevi.com.tr\/index.php\/wp-json\/wp\/v2\/product_cat?post=783298"},{"taxonomy":"product_tag","embeddable":true,"href":"https:\/\/roveyayinevi.com.tr\/index.php\/wp-json\/wp\/v2\/product_tag?post=783298"}],"curies":[{"name":"wp","href":"https:\/\/api.w.org\/{rel}","templated":true}]}}