{"id":783296,"date":"2026-02-26T02:01:40","date_gmt":"2026-02-25T23:01:40","guid":{"rendered":"https:\/\/roveyayinevi.com.tr\/index.php\/urun\/ataturk-ekonomisi-ve-bes-destan-adam\/"},"modified":"2026-04-16T01:59:55","modified_gmt":"2026-04-15T22:59:55","slug":"ataturk-ekonomisi-ve-bes-destan-adam","status":"publish","type":"product","link":"https:\/\/roveyayinevi.com.tr\/index.php\/urun\/ataturk-ekonomisi-ve-bes-destan-adam\/","title":{"rendered":"Atat\u00fcrk Ekonomisi ve Be\u015f Destan Adam"},"content":{"rendered":"<p>Atat\u00fcrk\u2019\u00fcn ekonomik g\u00f6r\u00fc\u015f ve uygulamalar\u0131 s\u0131r de\u011fil elbette. Dileyen diledi\u011fi kadar yay\u0131n bulabilir bu konuda. &#8220;Dilemek&#8221; ve &#8220;bulmak&#8221;&#8230; &#8220;Olsa ile bulsa, bir araya gelse&#8221; t\u00fcr\u00fcnden, \u00e7etin bir i\u015ftir bu \u00fclkede&#8230; Dilemiyor ya da dileyemiyor beyni y\u0131kanan geni\u015f kitleler. K\u00fcresel \u015fer g\u00fc\u00e7lerin ileti\u015fim organlar\u0131, halk\u0131n merak\u0131n\u0131 ba\u015fka y\u00f6nlere \u00e7ekip, engel oluyorlar Atat\u00fcrk\u2019\u00fcn gere\u011fince ve yeterince \u00f6\u011frenilmesine. Sonra ne oluyor? Dilemeyen bulam\u0131yor, bulamayan bilemiyor. Peki ne olacak? Eli, kolu, dili ve kalemi ba\u011fl\u0131 oturulacak m\u0131? Hay\u0131r elbette hay\u0131r! Dilemeyenlere diletilecek, bulam\u0131yorum diyenlerin \u00f6n\u00fcne koyulacak arad\u0131klar\u0131. Koyulacak da nas\u0131l? Atat\u00fcrk Ekonomisini hakk\u0131nda kalem oynatacak adam\u0131n, yaln\u0131zca ara\u015ft\u0131rmac\u0131 olmas\u0131 yetmiyor. Cazim G\u00fcrb\u00fcz gibi kamu ve \u00f6zel sekt\u00f6rdeki \u00f6nemli ve de\u011ferli deneyim ve birikimlerinin de olmas\u0131 gerek. Sonu\u00e7ta, eskilerin deyimiyle &#8220;tecr\u00fcbe konu\u015facakt\u0131r&#8221;. Atat\u00fcrk devlet\u00e7ili\u011finin kaleleri olan T\u00fcrkiye\u2019nin en b\u00fcy\u00fck K\u0130T\u2019lerinde \u00e7al\u0131\u015fm\u0131\u015f Cazim G\u00fcrb\u00fcz. Babas\u0131n\u0131n ekmek yedi\u011fi, Ziraat Bankas\u0131\u2019n\u0131n bursu ile okumu\u015f \u00fcniversiteyi, 4,5 y\u0131l hizmetle \u00f6demi\u015f bu bursun kar\u015f\u0131l\u0131\u011f\u0131n\u0131. Sonra, tar\u0131m\u0131na bir y\u0131ll\u0131k eme\u011fin bile az geldi\u011fi T\u00fcrk t\u00fct\u00fcn\u00fcn\u00fcn sevdal\u0131 yari Tekel\u2019de ba\u015fm\u00fcd\u00fcrl\u00fck, yine bir K\u0130T say\u0131labilecek TSE\u2019de (T\u00fcrk Standartlar\u0131 Enstit\u00fcs\u00fc) B\u00f6lge M\u00fcd\u00fcrl\u00fc\u011f\u00fc yapm\u0131\u015f. Ve son olarak, \u00f6zellikle hububat ve ha\u015fha\u015f \u00fcreten \u00e7ift\u00e7inin ger\u00e7ek kara g\u00fcn dostu Toprak Mahsulleri Ofisi (TMO) Genel M\u00fcd\u00fcrl\u00fc\u011f\u00fc Y\u00f6netim Kurulu \u00fcyeli\u011fi yaparak bir y\u0131l bu kurumun ald\u0131\u011f\u0131 kararlara imza koymu\u015f. Bu K\u0130T\u2019ler kambur mudur, kalk\u0131nmaya motor mudur, bunu en iyi bilenlerden olmas\u0131 gerek. Yaln\u0131z K\u0130T\u2019ler mi, G\u00fcrb\u00fcz, Serbest Muhasebeci Mali M\u00fc\u015favir ve Yeminli Mali M\u00fc\u015favir olarak T\u00fcrk \u00f6zel sekt\u00f6r\u00fcn\u00fcn irisiyle de, ufa\u011f\u0131yla da i\u00e7 i\u00e7e y\u0131llard\u0131r. Onlar\u0131n her halini ve derdini yak\u0131ndan biliyor. Bu bildikleri, ona, o b\u00fcy\u00fck sorumlulu\u011funu alg\u0131latt\u0131r\u0131yor. Kamu ve \u00f6zel sekt\u00f6r\u00fcn, her ikisinin de vazge\u00e7ilmezli\u011fini, karma ekonominin yani Atat\u00fcrk Ekonomisi\u2019nin en do\u011fru yol oldu\u011funu yazmak ve savunmak, onun \u00fcst\u00fcne kutsal bir g\u00f6revidir. Kitab\u0131 okudu\u011funuzda, bu vazifenin kutsall\u0131\u011f\u0131na yak\u0131\u015f\u0131r bir bi\u00e7imde yerine getirildi\u011fini g\u00f6receksiniz. Dahas\u0131, G\u00fcrb\u00fcz\u2019\u00fcn, \u015fairli\u011fini de devreye sokarak Atat\u00fcrk\u2019\u00fcn ekonomik sava\u015f\u0131m\u0131na kat\u0131lan &#8220;Ekonomik T\u00fcrk Be\u015fleri&#8221; diyebilece\u011fimiz o be\u015f \u00fclk\u00fc devi hakk\u0131nda yazd\u0131\u011f\u0131 destanlar\u0131 da zevkle okuyacaks\u0131n\u0131z. Bir S\u00fcmer \u00f6yk\u00fcs\u00fcnde &#8220;Tarih kaydeder, fakat destan g\u00fczelle\u015ftirir&#8221; der. G\u00fcrb\u00fcz\u2019\u00fcn destanlar\u0131 da g\u00fczellemi\u015f kitab\u0131n\u0131, bu g\u00fczellemeler ekonomi gibi kitlelere s\u0131k\u0131c\u0131 gelen bir alan\u0131 ilgin\u00e7 ve \u00e7ekici k\u0131lm\u0131\u015f. <\/p>\n","protected":false},"excerpt":{"rendered":"<p>Atat\u00fcrk\u2019\u00fcn ekonomik g\u00f6r\u00fc\u015f ve uygulamalar\u0131 s\u0131r de\u011fil elbette. Dileyen diledi\u011fi kadar yay\u0131n bulabilir bu konuda. &#8220;Dilemek&#8221; ve &#8220;bulmak&#8221;&#8230; &#8220;Olsa ile bulsa, bir araya gelse&#8221; t\u00fcr\u00fcnden, \u00e7etin<span class=\"excerpt-hellip\"> [\u2026]<\/span><\/p>\n","protected":false},"featured_media":0,"template":"","meta":{"_monsterinsights_skip_tracking":false,"_monsterinsights_sitenote_active":false,"_monsterinsights_sitenote_note":"","_monsterinsights_sitenote_category":0},"product_brand":[],"product_cat":[12530,12304],"product_tag":[],"class_list":{"0":"post-783296","1":"product","2":"type-product","3":"status-publish","5":"product_cat-mustafa-kemal-ataturk","6":"product_cat-tarih","7":"pa_tur-kitap","8":"pa_yayinevi-asya-safak-yayinlari","9":"pa_yazar-cazim-gurbuz","11":"first","12":"instock","13":"sale","14":"shipping-taxable","15":"purchasable","16":"product-type-simple"},"_links":{"self":[{"href":"https:\/\/roveyayinevi.com.tr\/index.php\/wp-json\/wp\/v2\/product\/783296","targetHints":{"allow":["GET"]}}],"collection":[{"href":"https:\/\/roveyayinevi.com.tr\/index.php\/wp-json\/wp\/v2\/product"}],"about":[{"href":"https:\/\/roveyayinevi.com.tr\/index.php\/wp-json\/wp\/v2\/types\/product"}],"wp:attachment":[{"href":"https:\/\/roveyayinevi.com.tr\/index.php\/wp-json\/wp\/v2\/media?parent=783296"}],"wp:term":[{"taxonomy":"product_brand","embeddable":true,"href":"https:\/\/roveyayinevi.com.tr\/index.php\/wp-json\/wp\/v2\/product_brand?post=783296"},{"taxonomy":"product_cat","embeddable":true,"href":"https:\/\/roveyayinevi.com.tr\/index.php\/wp-json\/wp\/v2\/product_cat?post=783296"},{"taxonomy":"product_tag","embeddable":true,"href":"https:\/\/roveyayinevi.com.tr\/index.php\/wp-json\/wp\/v2\/product_tag?post=783296"}],"curies":[{"name":"wp","href":"https:\/\/api.w.org\/{rel}","templated":true}]}}