{"id":783295,"date":"2026-02-26T02:01:29","date_gmt":"2026-02-25T23:01:29","guid":{"rendered":"https:\/\/roveyayinevi.com.tr\/index.php\/urun\/mahkeme-tutanaklarina-gore-izmir-suikasti-davasi\/"},"modified":"2026-02-27T02:01:22","modified_gmt":"2026-02-26T23:01:22","slug":"mahkeme-tutanaklarina-gore-izmir-suikasti-davasi","status":"publish","type":"product","link":"https:\/\/roveyayinevi.com.tr\/index.php\/urun\/mahkeme-tutanaklarina-gore-izmir-suikasti-davasi\/","title":{"rendered":"Mahkeme Tutanaklar\u0131na G\u00f6re \u0130zmir Suikasti Davas\u0131"},"content":{"rendered":"<p>Mustafa Kemal Atat\u00fcr\u2019e 1926 y\u0131l\u0131n\u0131n yaz\u0131nda \u0130zmir\u2019de d\u00fczenlenmesi planlanan \u0130zmir Suikasti, Cumhuriyet ve devrimlerinin \u00f6n\u00fcnde birikmi\u015f her t\u00fcrl\u00fc engelin temizlenmesinde ba\u015flang\u0131\u00e7 olu\u015fturdu. <\/p>\n","protected":false},"excerpt":{"rendered":"<p>Mustafa Kemal Atat\u00fcr\u2019e 1926 y\u0131l\u0131n\u0131n yaz\u0131nda \u0130zmir\u2019de d\u00fczenlenmesi planlanan \u0130zmir Suikasti, Cumhuriyet ve devrimlerinin \u00f6n\u00fcnde birikmi\u015f her t\u00fcrl\u00fc engelin temizlenmesinde ba\u015flang\u0131\u00e7 olu\u015fturdu.<\/p>\n","protected":false},"featured_media":0,"template":"","meta":{"_monsterinsights_skip_tracking":false,"_monsterinsights_sitenote_active":false,"_monsterinsights_sitenote_note":"","_monsterinsights_sitenote_category":0},"product_brand":[],"product_cat":[12530,12304],"product_tag":[],"class_list":{"0":"post-783295","1":"product","2":"type-product","3":"status-publish","5":"product_cat-mustafa-kemal-ataturk","6":"product_cat-tarih","7":"pa_tur-kitap","8":"pa_yayinevi-kastas-yayinlari","9":"pa_yazar-yasar-sahin-anil","11":"first","12":"instock","13":"sale","14":"shipping-taxable","15":"purchasable","16":"product-type-simple"},"_links":{"self":[{"href":"https:\/\/roveyayinevi.com.tr\/index.php\/wp-json\/wp\/v2\/product\/783295","targetHints":{"allow":["GET"]}}],"collection":[{"href":"https:\/\/roveyayinevi.com.tr\/index.php\/wp-json\/wp\/v2\/product"}],"about":[{"href":"https:\/\/roveyayinevi.com.tr\/index.php\/wp-json\/wp\/v2\/types\/product"}],"wp:attachment":[{"href":"https:\/\/roveyayinevi.com.tr\/index.php\/wp-json\/wp\/v2\/media?parent=783295"}],"wp:term":[{"taxonomy":"product_brand","embeddable":true,"href":"https:\/\/roveyayinevi.com.tr\/index.php\/wp-json\/wp\/v2\/product_brand?post=783295"},{"taxonomy":"product_cat","embeddable":true,"href":"https:\/\/roveyayinevi.com.tr\/index.php\/wp-json\/wp\/v2\/product_cat?post=783295"},{"taxonomy":"product_tag","embeddable":true,"href":"https:\/\/roveyayinevi.com.tr\/index.php\/wp-json\/wp\/v2\/product_tag?post=783295"}],"curies":[{"name":"wp","href":"https:\/\/api.w.org\/{rel}","templated":true}]}}