{"id":783291,"date":"2026-02-26T02:00:42","date_gmt":"2026-02-25T23:00:42","guid":{"rendered":"https:\/\/roveyayinevi.com.tr\/index.php\/urun\/cunku-biz-sayak-kalpakli-sarisin-bir-kurdun-cocuklariyiz\/"},"modified":"2026-02-27T02:00:44","modified_gmt":"2026-02-26T23:00:44","slug":"cunku-biz-sayak-kalpakli-sarisin-bir-kurdun-cocuklariyiz","status":"publish","type":"product","link":"https:\/\/roveyayinevi.com.tr\/index.php\/urun\/cunku-biz-sayak-kalpakli-sarisin-bir-kurdun-cocuklariyiz\/","title":{"rendered":"\u00c7\u00fcnk\u00fc Biz \u015eayak Kalpakl\u0131 Sar\u0131\u015f\u0131n Bir Kurdun \u00c7ocuklar\u0131y\u0131z"},"content":{"rendered":"<p>T\u00fcrkler, T\u00fcrkiye Cumhuriyeti&#8217;ni kuran ve &#8216;T\u00fcrk Milleti&#8217;ni olu\u015fturan halkt\u0131r. T\u00fcrk, soyu sopu, \u0131rk\u0131 rengi, k\u00f6k\u00fc k\u00f6keni, inanc\u0131 dini ne olursa olsun, kendini T\u00fcrk Milleti&#8217;nin bir par\u00e7as\u0131 olarak hissedebilendir. <\/p>\n","protected":false},"excerpt":{"rendered":"<p>T\u00fcrkler, T\u00fcrkiye Cumhuriyeti&#8217;ni kuran ve &#8216;T\u00fcrk Milleti&#8217;ni olu\u015fturan halkt\u0131r. T\u00fcrk, soyu sopu, \u0131rk\u0131 rengi, k\u00f6k\u00fc k\u00f6keni, inanc\u0131 dini ne olursa olsun, kendini T\u00fcrk Milleti&#8217;nin bir par\u00e7as\u0131<span class=\"excerpt-hellip\"> [\u2026]<\/span><\/p>\n","protected":false},"featured_media":0,"template":"","meta":{"_monsterinsights_skip_tracking":false,"_monsterinsights_sitenote_active":false,"_monsterinsights_sitenote_note":"","_monsterinsights_sitenote_category":0},"product_brand":[],"product_cat":[12530,12304],"product_tag":[],"class_list":{"0":"post-783291","1":"product","2":"type-product","3":"status-publish","5":"product_cat-mustafa-kemal-ataturk","6":"product_cat-tarih","7":"pa_tur-kitap","8":"pa_yayinevi-ileri-yayinlari","9":"pa_yazar-emin-sami-arisoy","11":"first","12":"instock","13":"sale","14":"shipping-taxable","15":"purchasable","16":"product-type-simple"},"_links":{"self":[{"href":"https:\/\/roveyayinevi.com.tr\/index.php\/wp-json\/wp\/v2\/product\/783291","targetHints":{"allow":["GET"]}}],"collection":[{"href":"https:\/\/roveyayinevi.com.tr\/index.php\/wp-json\/wp\/v2\/product"}],"about":[{"href":"https:\/\/roveyayinevi.com.tr\/index.php\/wp-json\/wp\/v2\/types\/product"}],"wp:attachment":[{"href":"https:\/\/roveyayinevi.com.tr\/index.php\/wp-json\/wp\/v2\/media?parent=783291"}],"wp:term":[{"taxonomy":"product_brand","embeddable":true,"href":"https:\/\/roveyayinevi.com.tr\/index.php\/wp-json\/wp\/v2\/product_brand?post=783291"},{"taxonomy":"product_cat","embeddable":true,"href":"https:\/\/roveyayinevi.com.tr\/index.php\/wp-json\/wp\/v2\/product_cat?post=783291"},{"taxonomy":"product_tag","embeddable":true,"href":"https:\/\/roveyayinevi.com.tr\/index.php\/wp-json\/wp\/v2\/product_tag?post=783291"}],"curies":[{"name":"wp","href":"https:\/\/api.w.org\/{rel}","templated":true}]}}