{"id":783277,"date":"2026-02-25T13:40:35","date_gmt":"2026-02-25T10:40:35","guid":{"rendered":"https:\/\/roveyayinevi.com.tr\/index.php\/urun\/kazananlar\/"},"modified":"2026-04-16T02:43:40","modified_gmt":"2026-04-15T23:43:40","slug":"kazananlar","status":"publish","type":"product","link":"https:\/\/roveyayinevi.com.tr\/index.php\/urun\/kazananlar\/","title":{"rendered":"Kazananlar"},"content":{"rendered":"<p>\u0130ki kad\u0131n. \u0130ki d\u00f6nem. \u0130ki hayat.Tek bir ama\u00e7: dayan\u0131\u015fma! G\u00fcn\u00fcm\u00fcz, Paris. Sol\u00e8ne hukuk kariyeri i\u00e7in hayallerini, arkada\u015fl\u0131klar\u0131n\u0131, a\u015fk\u0131n\u0131 feda etmi\u015f bir avukat. Ama art\u0131k yolunu kaybetti, t\u00fckendi\u2026 Psikiyatristi, tekrar aya\u011fa kalkmas\u0131na yard\u0131mc\u0131 olabilmesi i\u00e7in g\u00f6n\u00fcll\u00fcl\u00fck faaliyetlerinde yer almas\u0131n\u0131 \u00f6neriyor. Sol\u00e8ne \u00e7ok istekli olmasa da denemeye karar veriyor ve bir kad\u0131n s\u0131\u011f\u0131nmaevine, \u201cSaray\u201da arzuh\u00e2lci olarak gitmeye ba\u015fl\u0131yor. Toplumun d\u0131\u015f\u0131na itilmi\u015f, \u015fiddet ve kay\u0131ts\u0131zl\u0131kla h\u0131rpalanm\u0131\u015f kad\u0131nlarla i\u015fi kolay de\u011fil. Mesafeli, zor ve h\u0131r\u00e7\u0131nlar. Sol\u00e8ne ya dayanamay\u0131p eski, mutsuz hayat\u0131na geri d\u00f6necek ya da sabredip onlar\u0131 tan\u0131mak i\u00e7in kendine bir \u015fans verecek. 1925, Paris. Blanche Peyron hayat\u0131n\u0131n anlam\u0131n\u0131 ke\u015ffetmi\u015f, m\u00fccadeleci, yoksullu\u011fa sava\u015f a\u00e7m\u0131\u015f bir kad\u0131n. \u0130mk\u00e2ns\u0131z\u0131 ba\u015farmak istiyor: Paris Belediyesinin bile sat\u0131n almaya g\u00fcc\u00fcn\u00fcn yetmedi\u011fi o \u201cSaray\u201d\u0131 alarak toplumdan d\u0131\u015flanan kad\u0131nlar i\u00e7in bir yuvaya d\u00f6n\u00fc\u015ft\u00fcrmek. Laetitia Colombani, bug\u00fcn Paris\u2019in merkezinde t\u00fcm ihti\u015fam\u0131yla y\u00fckselen Kad\u0131n Saray\u0131\u2019n\u0131n kurulu\u015f hik\u00e2yesini, sakinlerinin trajedilerini, sefaletlerini; ayn\u0131 zamanda tutkular\u0131n\u0131, ya\u015fam g\u00fc\u00e7lerini ve c\u00f6mertliklerini ke\u015ffetmeye davet ediyor bizleri. \u00c7\u00fcnk\u00fc orada; eski evsizler, a\u011f\u0131r \u015fartlarda ya\u015fam\u0131\u015f, \u015fiddete ve istismara u\u011fram\u0131\u015f \u00e7aresiz kad\u0131nlar de\u011fil; al\u0131n yaz\u0131s\u0131na kafa tutan, ya\u015famak ve devam etmek arzular\u0131n\u0131 hayk\u0131ran bedenler var. Seslerini duyuyor musunuz?  Sa\u00e7 \u00d6rg\u00fcs\u00fc\u2019n\u00fcn yazar\u0131ndan. \u201cHayat veren, sars\u0131c\u0131 bir roman.\u201d \u2013Page des Libraires<\/p>\n","protected":false},"excerpt":{"rendered":"<p>\u0130ki kad\u0131n. \u0130ki d\u00f6nem. \u0130ki hayat.Tek bir ama\u00e7: dayan\u0131\u015fma! G\u00fcn\u00fcm\u00fcz, Paris. Sol\u00e8ne hukuk kariyeri i\u00e7in hayallerini, arkada\u015fl\u0131klar\u0131n\u0131, a\u015fk\u0131n\u0131 feda etmi\u015f bir avukat. Ama art\u0131k yolunu kaybetti,<span class=\"excerpt-hellip\"> [\u2026]<\/span><\/p>\n","protected":false},"featured_media":0,"template":"","meta":{"_monsterinsights_skip_tracking":false,"_monsterinsights_sitenote_active":false,"_monsterinsights_sitenote_note":"","_monsterinsights_sitenote_category":0},"product_brand":[],"product_cat":[12291,12711],"product_tag":[],"class_list":{"0":"post-783277","1":"product","2":"type-product","3":"status-publish","5":"product_cat-edebiyat","6":"product_cat-roman-oyku","7":"pa_cilt-ciltsiz","8":"pa_tur-kitap","9":"pa_yayinevi-yan-pasaj-yayinevi","10":"pa_yazar-laetitia-colombani","12":"first","13":"instock","14":"sale","15":"shipping-taxable","16":"purchasable","17":"product-type-simple"},"_links":{"self":[{"href":"https:\/\/roveyayinevi.com.tr\/index.php\/wp-json\/wp\/v2\/product\/783277","targetHints":{"allow":["GET"]}}],"collection":[{"href":"https:\/\/roveyayinevi.com.tr\/index.php\/wp-json\/wp\/v2\/product"}],"about":[{"href":"https:\/\/roveyayinevi.com.tr\/index.php\/wp-json\/wp\/v2\/types\/product"}],"wp:attachment":[{"href":"https:\/\/roveyayinevi.com.tr\/index.php\/wp-json\/wp\/v2\/media?parent=783277"}],"wp:term":[{"taxonomy":"product_brand","embeddable":true,"href":"https:\/\/roveyayinevi.com.tr\/index.php\/wp-json\/wp\/v2\/product_brand?post=783277"},{"taxonomy":"product_cat","embeddable":true,"href":"https:\/\/roveyayinevi.com.tr\/index.php\/wp-json\/wp\/v2\/product_cat?post=783277"},{"taxonomy":"product_tag","embeddable":true,"href":"https:\/\/roveyayinevi.com.tr\/index.php\/wp-json\/wp\/v2\/product_tag?post=783277"}],"curies":[{"name":"wp","href":"https:\/\/api.w.org\/{rel}","templated":true}]}}