{"id":783276,"date":"2026-02-25T13:06:52","date_gmt":"2026-02-25T10:06:52","guid":{"rendered":"https:\/\/roveyayinevi.com.tr\/index.php\/urun\/feynman-fizik-dersleri-cilt-1-mekanik-isinim-isi-yeni-milenyum-basim\/"},"modified":"2026-02-25T13:06:52","modified_gmt":"2026-02-25T10:06:52","slug":"feynman-fizik-dersleri-cilt-1-mekanik-isinim-isi-yeni-milenyum-basim","status":"publish","type":"product","link":"https:\/\/roveyayinevi.com.tr\/index.php\/urun\/feynman-fizik-dersleri-cilt-1-mekanik-isinim-isi-yeni-milenyum-basim\/","title":{"rendered":"Feynman Fizik Dersleri Cilt 1 &#8211; Mekanik I\u015f\u0131n\u0131m Is\u0131 (Yeni Milenyum Bas\u0131m)"},"content":{"rendered":"<p>Bu \u00fc\u00e7 cilt Feynman\u2019\u0131n 1961-64 y\u0131llar\u0131 aras\u0131nda, California Teknoloji Enstit\u00fcs\u00fcnde (Caltech), b\u00fct\u00fcn birinci ve ikinci s\u0131n\u0131f \u00f6\u011frencilerinin ald\u0131klar\u0131 fizik derslerinin tarihsel bir kayd\u0131d\u0131r. Derslerin 1. cildi, 1961-62 akademik y\u0131l\u0131nda California Teknoloji Enstit\u00fcs\u00fcnde (Caltech) Prof. R.P. Feynman taraf\u0131ndan giri\u015f fizi\u011fi dersi olarak verilmi\u015f olan bir konferanslar dizisine dayanmaktad\u0131r; t\u00fcm Caltech birinci ve ikinci s\u0131n\u0131f \u00f6\u011frencilerinin ald\u0131\u011f\u0131 fizik dersinin ilk y\u0131l\u0131n\u0131 kapsamaktad\u0131r; ikinci y\u0131l\u0131 kapsayan benzer bir dizi de 1962-63\u2019te bunun pe\u015finden gelmi\u015ftir. Kitap, al\u0131\u015f\u0131ld\u0131k fizi\u011fe giri\u015f konular\u0131n\u0131n d\u0131\u015f\u0131nda bir seyir izler. Kuantum fizi\u011fine giri\u015f niteli\u011fi de ta\u015f\u0131yan bu kitap, Feynman\u2019\u0131n dehas\u0131n\u0131 ve en zor konular\u0131 basite indirme becerisini yans\u0131tmaktad\u0131r. <\/p>\n","protected":false},"excerpt":{"rendered":"<p>Bu \u00fc\u00e7 cilt Feynman\u2019\u0131n 1961-64 y\u0131llar\u0131 aras\u0131nda, California Teknoloji Enstit\u00fcs\u00fcnde (Caltech), b\u00fct\u00fcn birinci ve ikinci s\u0131n\u0131f \u00f6\u011frencilerinin ald\u0131klar\u0131 fizik derslerinin tarihsel bir kayd\u0131d\u0131r. Derslerin 1. cildi,<span class=\"excerpt-hellip\"> [\u2026]<\/span><\/p>\n","protected":false},"featured_media":0,"template":"","meta":{"_monsterinsights_skip_tracking":false,"_monsterinsights_sitenote_active":false,"_monsterinsights_sitenote_note":"","_monsterinsights_sitenote_category":0},"product_brand":[],"product_cat":[13005,37328],"product_tag":[],"class_list":{"0":"post-783276","1":"product","2":"type-product","3":"status-publish","5":"product_cat-bilim-muhendislik","6":"product_cat-diger-bilim-muhendislik","7":"pa_cilt-ciltsiz","8":"pa_tur-kitap","9":"pa_yayinevi-alfa-yayinlari","10":"pa_yazar-richard-p-feynman-matthew-sands-robert-leighton","12":"first","13":"instock","14":"sale","15":"shipping-taxable","16":"purchasable","17":"product-type-simple"},"_links":{"self":[{"href":"https:\/\/roveyayinevi.com.tr\/index.php\/wp-json\/wp\/v2\/product\/783276","targetHints":{"allow":["GET"]}}],"collection":[{"href":"https:\/\/roveyayinevi.com.tr\/index.php\/wp-json\/wp\/v2\/product"}],"about":[{"href":"https:\/\/roveyayinevi.com.tr\/index.php\/wp-json\/wp\/v2\/types\/product"}],"wp:attachment":[{"href":"https:\/\/roveyayinevi.com.tr\/index.php\/wp-json\/wp\/v2\/media?parent=783276"}],"wp:term":[{"taxonomy":"product_brand","embeddable":true,"href":"https:\/\/roveyayinevi.com.tr\/index.php\/wp-json\/wp\/v2\/product_brand?post=783276"},{"taxonomy":"product_cat","embeddable":true,"href":"https:\/\/roveyayinevi.com.tr\/index.php\/wp-json\/wp\/v2\/product_cat?post=783276"},{"taxonomy":"product_tag","embeddable":true,"href":"https:\/\/roveyayinevi.com.tr\/index.php\/wp-json\/wp\/v2\/product_tag?post=783276"}],"curies":[{"name":"wp","href":"https:\/\/api.w.org\/{rel}","templated":true}]}}