{"id":783275,"date":"2026-02-25T12:45:23","date_gmt":"2026-02-25T09:45:23","guid":{"rendered":"https:\/\/roveyayinevi.com.tr\/index.php\/urun\/mekanlari-tuketmek\/"},"modified":"2026-04-16T01:59:56","modified_gmt":"2026-04-15T22:59:56","slug":"mekanlari-tuketmek","status":"publish","type":"product","link":"https:\/\/roveyayinevi.com.tr\/index.php\/urun\/mekanlari-tuketmek\/","title":{"rendered":"Mekanlar\u0131 T\u00fcketmek"},"content":{"rendered":"<p>Turizm, otantik de\u011ferlerin ve ya\u015fam bi\u00e7imlerinin yapay olarak yeniden \u00fcretilip uygun fiyatla paketlenerek geli\u015fmi\u015f Bat\u0131l\u0131lara sunulmas\u0131d\u0131r. Bu paket, yerli halk\u0131n i\u015fe giderken otantik \u00fcniformas\u0131n\u0131 giydi\u011fi, k\u0131rsal alan\u0131n i\u015faretli patikalarla do\u011fa y\u00fcr\u00fcy\u00fc\u015f\u00e7\u00fcleri i\u00e7in tanzim edildi\u011fi, yerel yiyeceklerin seri olarak \u00fcretilip ambalajland\u0131\u011f\u0131, hepimizin kredi kart\u0131yla \u00fc\u00e7 taksitte \u00f6demek ko\u015fuluyla birer ba\u015frol oyuncu olabilece\u011fimiz bir sahne performans\u0131n\u0131 i\u00e7ermektedir. John Urry, Mekanlar\u0131 T\u00fcketmek\u2019te, sanayile\u015fmeyle birlikte kentlerde geli\u015fen do\u011fadan kopuk yeni ya\u015fam tarz\u0131n\u0131n, kentsel alanda, banliy\u00f6lerde ve k\u0131rsal alanda yaratt\u0131\u011f\u0131 de\u011fi\u015fimi derinlemesine inceliyor. Ba\u011flant\u0131l\u0131 olarak, yerlerin t\u00fcketilmesini d\u00fczenleme ve te\u015fvik etmeye y\u00f6nelik olarak geli\u015fen hizmet sekt\u00f6r\u00fcn\u00fc; bu t\u00fcketim pazar\u0131n\u0131n giderek geli\u015fmesiyle yerlerin, buralarda ya\u015fayan ahalinin ve do\u011fal \u00e7evrenin nas\u0131l d\u00f6n\u00fc\u015ft\u00fc\u011f\u00fcn\u00fc ve yeniden yap\u0131land\u0131r\u0131ld\u0131\u011f\u0131n\u0131 ortaya koyuyor. Ayr\u0131ca k\u0131rsal alan\u0131n t\u00fcketilmesinin de\u011fi\u015fen bi\u00e7imleri ba\u011flam\u0131nda t\u00fcketimin do\u011fas\u0131n\u0131 ve metala\u015ft\u0131rma ile kolektif co\u015fkular aras\u0131ndaki gerilimi ara\u015ft\u0131r\u0131yor. Yazar, geli\u015fmi\u015f Bat\u0131\u2019n\u0131n el de\u011fmemi\u015f e olan kibirli ve modernist merak\u0131 sonucu, bir zamanlar tar\u0131msal \u00fcretim ve do\u011faya ev sahipli\u011fi yapan k\u0131rsal alan\u0131n, se\u00e7kinlere ve orta s\u0131n\u0131f macerac\u0131lara hizmet i\u00e7in kurulmu\u015f bir do\u011fal ortam sim\u00fclasyonuna d\u00f6n\u00fc\u015ft\u00fc\u011f\u00fcn\u00fc g\u00f6steriyor. Urry, ayr\u0131nt\u0131lar\u0131yla ele ald\u0131\u011f\u0131 bu konular\u0131, bir zaman-mekan toplumsal \u00e7\u00f6z\u00fcmlemesi \u00e7er\u00e7evesine oturtuyor. Sosyoloji disiplininin, di\u011fer sosyal bilimlerin ilgi alanlar\u0131ndan beslenme ve bu alanlar\u0131n kapsad\u0131\u011f\u0131 konular\u0131 kendi b\u00fcnyesine alarak d\u00f6n\u00fc\u015ft\u00fcrme \u00f6zelli\u011fi ba\u011flam\u0131nda asalak bir bilim oldu\u011funu vurguluyor. Urry\u2019ye g\u00f6re bu asalak karakter, bug\u00fcne dek sosyolojik alanda tutarl\u0131 ve kapsaml\u0131 bir zaman-mekan toplumsal \u00e7\u00f6z\u00fcmlemesi geli\u015ftirmenin \u00f6n\u00fcnde bir engel te\u015fkil etmekle birlikte, di\u011fer bilimlerin birbirinden kopuk olarak alg\u0131lad\u0131\u011f\u0131 zaman ve mekan\u0131n b\u00fct\u00fcnleyici bir \u00e7er\u00e7evede yeniden ele al\u0131nabilmesini olanakl\u0131 k\u0131l\u0131yor. Ger\u00e7ekten de Urry, turizm ve yerlerin t\u00fcketilmesine e\u011filirken politik, ekonomik ve k\u00fclt\u00fcrel s\u00fcre\u00e7ler \u00fczerinde \u00f6nemle durarak, bu t\u00fcrden kapsaml\u0131 bir zaman-mekan sosyolojisinin \u00f6nemli ve \u00f6zenli bir \u00f6rne\u011fini veriyor. \ufffcTan\u0131t\u0131m Metni<\/p>\n","protected":false},"excerpt":{"rendered":"<p>Turizm, otantik de\u011ferlerin ve ya\u015fam bi\u00e7imlerinin yapay olarak yeniden \u00fcretilip uygun fiyatla paketlenerek geli\u015fmi\u015f Bat\u0131l\u0131lara sunulmas\u0131d\u0131r. Bu paket, yerli halk\u0131n i\u015fe giderken otantik \u00fcniformas\u0131n\u0131 giydi\u011fi, k\u0131rsal<span class=\"excerpt-hellip\"> [\u2026]<\/span><\/p>\n","protected":false},"featured_media":0,"template":"","meta":{"_monsterinsights_skip_tracking":false,"_monsterinsights_sitenote_active":false,"_monsterinsights_sitenote_note":"","_monsterinsights_sitenote_category":0},"product_brand":[],"product_cat":[12312,12304],"product_tag":[],"class_list":{"0":"post-783275","1":"product","2":"type-product","3":"status-publish","5":"product_cat-diger","6":"product_cat-tarih","7":"pa_cilt-ciltsiz","8":"pa_tur-kitap","9":"pa_yayinevi-ayrinti-yayinlari","10":"pa_yazar-john-urry","12":"first","13":"instock","14":"sale","15":"shipping-taxable","16":"purchasable","17":"product-type-simple"},"_links":{"self":[{"href":"https:\/\/roveyayinevi.com.tr\/index.php\/wp-json\/wp\/v2\/product\/783275","targetHints":{"allow":["GET"]}}],"collection":[{"href":"https:\/\/roveyayinevi.com.tr\/index.php\/wp-json\/wp\/v2\/product"}],"about":[{"href":"https:\/\/roveyayinevi.com.tr\/index.php\/wp-json\/wp\/v2\/types\/product"}],"wp:attachment":[{"href":"https:\/\/roveyayinevi.com.tr\/index.php\/wp-json\/wp\/v2\/media?parent=783275"}],"wp:term":[{"taxonomy":"product_brand","embeddable":true,"href":"https:\/\/roveyayinevi.com.tr\/index.php\/wp-json\/wp\/v2\/product_brand?post=783275"},{"taxonomy":"product_cat","embeddable":true,"href":"https:\/\/roveyayinevi.com.tr\/index.php\/wp-json\/wp\/v2\/product_cat?post=783275"},{"taxonomy":"product_tag","embeddable":true,"href":"https:\/\/roveyayinevi.com.tr\/index.php\/wp-json\/wp\/v2\/product_tag?post=783275"}],"curies":[{"name":"wp","href":"https:\/\/api.w.org\/{rel}","templated":true}]}}