{"id":783262,"date":"2026-02-25T03:44:09","date_gmt":"2026-02-25T00:44:09","guid":{"rendered":"https:\/\/roveyayinevi.com.tr\/index.php\/urun\/fransizca-a1-a2-kelimeleri\/"},"modified":"2026-04-15T03:47:37","modified_gmt":"2026-04-15T00:47:37","slug":"fransizca-a1-a2-kelimeleri","status":"publish","type":"product","link":"https:\/\/roveyayinevi.com.tr\/index.php\/urun\/fransizca-a1-a2-kelimeleri\/","title":{"rendered":"Frans\u0131zca A1-A2 Kelimeleri"},"content":{"rendered":"<p>Bu kitap ve uygulamayla ne kazan\u0131rs\u0131n? Frans\u0131zca \u00f6\u011frenmek isteyen herkes i\u00e7in haz\u0131rlanan bu kitap ve mobil uygulama, kelime hazinenizi geli\u015ftirmek ve dil becerilerinizi g\u00fc\u00e7lendirmek amac\u0131yla haz\u0131rland\u0131. Yabanc\u0131 dil \u00f6\u011fretiminde kelime bilgisi b\u00fcy\u00fck \u00f6nem ta\u015f\u0131r. Yeni bir dili \u00f6\u011frenmek i\u00e7in \u00f6ncelikle o dilin temel d\u00fczeydeki kelimelerini \u00f6\u011frenmek gerekir. Kelime hazinesi geli\u015ftik\u00e7e dil bilgisi ve dil becerileri de geli\u015fir. Kitab\u0131n arka kapa\u011f\u0131ndaki aktivasyon kodunu kullanarak \u00fccretsiz mobil uygulamaya eri\u015febilirsin. Her g\u00fcn sadece 5 dakikan\u0131 ay\u0131rarak dinleme, okuma, yazma ve konu\u015fma becerilerini geli\u015ftirebilir, kelimeleri \u00f6\u011frenerek bilgini kal\u0131c\u0131 h\u00e2le getirebilirsin.<\/p>\n","protected":false},"excerpt":{"rendered":"<p>Bu kitap ve uygulamayla ne kazan\u0131rs\u0131n? Frans\u0131zca \u00f6\u011frenmek isteyen herkes i\u00e7in haz\u0131rlanan bu kitap ve mobil uygulama, kelime hazinenizi geli\u015ftirmek ve dil becerilerinizi g\u00fc\u00e7lendirmek amac\u0131yla haz\u0131rland\u0131.<span class=\"excerpt-hellip\"> [\u2026]<\/span><\/p>\n","protected":false},"featured_media":0,"template":"","meta":{"_monsterinsights_skip_tracking":false,"_monsterinsights_sitenote_active":false,"_monsterinsights_sitenote_note":"","_monsterinsights_sitenote_category":0},"product_brand":[],"product_cat":[12566,24016,13611],"product_tag":[],"class_list":{"0":"post-783262","1":"product","2":"type-product","3":"status-publish","5":"product_cat-egitim","6":"product_cat-fransizca-sozlukler","7":"product_cat-sozlukler-ve-konusma-kilavuzlari","8":"pa_cilt-ciltsiz","9":"pa_tur-kitap","10":"pa_yayinevi-delta-kultur-yayinevi","11":"pa_yazar-melisa-yucel","13":"first","14":"instock","15":"sale","16":"shipping-taxable","17":"purchasable","18":"product-type-simple"},"_links":{"self":[{"href":"https:\/\/roveyayinevi.com.tr\/index.php\/wp-json\/wp\/v2\/product\/783262","targetHints":{"allow":["GET"]}}],"collection":[{"href":"https:\/\/roveyayinevi.com.tr\/index.php\/wp-json\/wp\/v2\/product"}],"about":[{"href":"https:\/\/roveyayinevi.com.tr\/index.php\/wp-json\/wp\/v2\/types\/product"}],"wp:attachment":[{"href":"https:\/\/roveyayinevi.com.tr\/index.php\/wp-json\/wp\/v2\/media?parent=783262"}],"wp:term":[{"taxonomy":"product_brand","embeddable":true,"href":"https:\/\/roveyayinevi.com.tr\/index.php\/wp-json\/wp\/v2\/product_brand?post=783262"},{"taxonomy":"product_cat","embeddable":true,"href":"https:\/\/roveyayinevi.com.tr\/index.php\/wp-json\/wp\/v2\/product_cat?post=783262"},{"taxonomy":"product_tag","embeddable":true,"href":"https:\/\/roveyayinevi.com.tr\/index.php\/wp-json\/wp\/v2\/product_tag?post=783262"}],"curies":[{"name":"wp","href":"https:\/\/api.w.org\/{rel}","templated":true}]}}