{"id":783260,"date":"2026-02-25T03:44:06","date_gmt":"2026-02-25T00:44:06","guid":{"rendered":"https:\/\/roveyayinevi.com.tr\/index.php\/urun\/b1-betimlemeli-fransizca-dilbilgisi-alistirmalari-ucuncu-kitap\/"},"modified":"2026-04-15T03:47:37","modified_gmt":"2026-04-15T00:47:37","slug":"b1-betimlemeli-fransizca-dilbilgisi-alistirmalari-ucuncu-kitap","status":"publish","type":"product","link":"https:\/\/roveyayinevi.com.tr\/index.php\/urun\/b1-betimlemeli-fransizca-dilbilgisi-alistirmalari-ucuncu-kitap\/","title":{"rendered":"B1 &#8211; Betimlemeli Frans\u0131zca Dilbilgisi Al\u0131\u015ft\u0131rmalar\u0131 (\u00dc\u00e7\u00fcnc\u00fc Kitap)"},"content":{"rendered":"<p>De\u011ferli okur,  Elinizdeki kitap uzun bir deneyimin \u00fcr\u00fcn\u00fcd\u00fcr. Hem kuramsal hem de uygulay\u0131msal temellere dayanmaktad\u0131r. Kitab\u0131n \u00f6\u011frenici (Fr. apprenant) kitlesi, d\u00fczeyi, yakla\u015f\u0131m\u0131, ders ak\u0131\u015f\u0131 ve temel ilkeleri konusunda genel bilgiler a\u015fa\u011f\u0131da sunulmaktad\u0131r.  Kimler yararlanabilir?  Kitab\u0131n hedef kitlesini, A1 ve A2 d\u00fczeylerini tamamlam\u0131\u015f \u00f6\u011frenenler olu\u015fturmaktad\u0131r. Bunun yan\u0131 s\u0131ra, yard\u0131mc\u0131 bir gere\u00e7 olarak kitab\u0131n \u00fcniversitelerin Frans\u0131zca b\u00f6l\u00fcmlerinde, haz\u0131rl\u0131k okullar\u0131nda, liselerde, dil kurslar\u0131nda vb. Frans\u0131zca \u00f6\u011frenmekte ve \u00f6\u011fretmekte olan herkese yararl\u0131 olaca\u011f\u0131 d\u00fc\u015f\u00fcn\u00fclmektedir.  Hangi d\u00fczey hedeflenmi\u015ftir?  Kitapta, Avrupa Konseyi Diller \u0130\u00e7in Ortak Ba\u015fvuru Metni (Cadre europ\u00e9en commun de r\u00e9f\u00e9rence pour les langues, CECRL)\u2019nde betimlenen B1 d\u00fczeyinin gerektirdi\u011fi dilsel becerilerle ili\u015fkili dilbilgisi yap\u0131lar\u0131 ele al\u0131nm\u0131\u015ft\u0131r. 25 ba\u015fl\u0131k alt\u0131nda toplanan bu konular, alanda kullan\u0131lmakta olan Frans\u0131zca \u00f6\u011fretim kitaplar\u0131n\u0131n genellikle 3\u2019\u00fcnc\u00fclerinde yer alan konulard\u0131r.  Nas\u0131l bir yakla\u015f\u0131m benimsenmi\u015ftir?  Bu kitapta hedef kitlenin kendi kendine \u00e7al\u0131\u015fmak durumundaki ki\u015filer oldu\u011fu d\u00fc\u015f\u00fcncesiyle, belirtik (Fr. explicite) dilbilgisi \u00f6\u011fretimi yakla\u015f\u0131m\u0131 benimsenmi\u015ftir. Dolay\u0131s\u0131yla hedef yap\u0131lar bi\u00e7im, anlam ve kullan\u0131m bak\u0131m\u0131ndan a\u00e7\u0131klanmakta, ard\u0131ndan al\u0131\u015ft\u0131rmalarla peki\u015ftirilmektedir.<\/p>\n","protected":false},"excerpt":{"rendered":"<p>De\u011ferli okur, Elinizdeki kitap uzun bir deneyimin \u00fcr\u00fcn\u00fcd\u00fcr. Hem kuramsal hem de uygulay\u0131msal temellere dayanmaktad\u0131r. Kitab\u0131n \u00f6\u011frenici (Fr. apprenant) kitlesi, d\u00fczeyi, yakla\u015f\u0131m\u0131, ders ak\u0131\u015f\u0131 ve temel<span class=\"excerpt-hellip\"> [\u2026]<\/span><\/p>\n","protected":false},"featured_media":0,"template":"","meta":{"_monsterinsights_skip_tracking":false,"_monsterinsights_sitenote_active":false,"_monsterinsights_sitenote_note":"","_monsterinsights_sitenote_category":0},"product_brand":[],"product_cat":[12566,24016,13611],"product_tag":[],"class_list":{"0":"post-783260","1":"product","2":"type-product","3":"status-publish","5":"product_cat-egitim","6":"product_cat-fransizca-sozlukler","7":"product_cat-sozlukler-ve-konusma-kilavuzlari","8":"pa_cilt-ciltsiz","9":"pa_tur-kitap","10":"pa_yayinevi-delta-kultur-yayinevi","11":"pa_yazar-ozkan-gungor","12":"pa_yazar-yusuf-polat","14":"first","15":"instock","16":"sale","17":"shipping-taxable","18":"purchasable","19":"product-type-simple"},"_links":{"self":[{"href":"https:\/\/roveyayinevi.com.tr\/index.php\/wp-json\/wp\/v2\/product\/783260","targetHints":{"allow":["GET"]}}],"collection":[{"href":"https:\/\/roveyayinevi.com.tr\/index.php\/wp-json\/wp\/v2\/product"}],"about":[{"href":"https:\/\/roveyayinevi.com.tr\/index.php\/wp-json\/wp\/v2\/types\/product"}],"wp:attachment":[{"href":"https:\/\/roveyayinevi.com.tr\/index.php\/wp-json\/wp\/v2\/media?parent=783260"}],"wp:term":[{"taxonomy":"product_brand","embeddable":true,"href":"https:\/\/roveyayinevi.com.tr\/index.php\/wp-json\/wp\/v2\/product_brand?post=783260"},{"taxonomy":"product_cat","embeddable":true,"href":"https:\/\/roveyayinevi.com.tr\/index.php\/wp-json\/wp\/v2\/product_cat?post=783260"},{"taxonomy":"product_tag","embeddable":true,"href":"https:\/\/roveyayinevi.com.tr\/index.php\/wp-json\/wp\/v2\/product_tag?post=783260"}],"curies":[{"name":"wp","href":"https:\/\/api.w.org\/{rel}","templated":true}]}}