{"id":783259,"date":"2026-02-25T03:44:02","date_gmt":"2026-02-25T00:44:02","guid":{"rendered":"https:\/\/roveyayinevi.com.tr\/index.php\/urun\/kucuk-annem-tezgulum\/"},"modified":"2026-04-15T03:47:37","modified_gmt":"2026-04-15T00:47:37","slug":"kucuk-annem-tezgulum","status":"publish","type":"product","link":"https:\/\/roveyayinevi.com.tr\/index.php\/urun\/kucuk-annem-tezgulum\/","title":{"rendered":"K\u00fc\u00e7\u00fck Annem Tezg\u00fcl\u2019\u00fcm"},"content":{"rendered":"<p>Sana bir mektup yazd\u0131mA\u011fac\u0131n yapra\u011fa olan sevgisini K\u00f6klerin topra\u011fa olan a\u015fk\u0131n\u0131\u015eiirin dilinde yazd\u0131mGitti\u011fin g\u00fcnden beri zamana k\u0131rg\u0131n\u0131mKalbimin i\u00e7indeki derdin tarifi yokAma sen yine de oku Seni nas\u0131l \u00f6zledi\u011fimi anlayacaks\u0131n Senin mutlu oldu\u011funu biliyorumBenden daha \u00e7ok sevenin yan\u0131ndas\u0131n Bu da bana bir tesellidir K\u00fc\u00e7\u00fck Annem<\/p>\n","protected":false},"excerpt":{"rendered":"<p>Sana bir mektup yazd\u0131mA\u011fac\u0131n yapra\u011fa olan sevgisini K\u00f6klerin topra\u011fa olan a\u015fk\u0131n\u0131\u015eiirin dilinde yazd\u0131mGitti\u011fin g\u00fcnden beri zamana k\u0131rg\u0131n\u0131mKalbimin i\u00e7indeki derdin tarifi yokAma sen yine de oku Seni<span class=\"excerpt-hellip\"> [\u2026]<\/span><\/p>\n","protected":false},"featured_media":0,"template":"","meta":{"_monsterinsights_skip_tracking":false,"_monsterinsights_sitenote_active":false,"_monsterinsights_sitenote_note":"","_monsterinsights_sitenote_category":0},"product_brand":[],"product_cat":[12291,12509],"product_tag":[],"class_list":{"0":"post-783259","1":"product","2":"type-product","3":"status-publish","5":"product_cat-edebiyat","6":"product_cat-siir","7":"pa_cilt-ciltsiz","8":"pa_tur-kitap","9":"pa_yayinevi-imla-yayinevi","10":"pa_yazar-huseyin-saltik","12":"first","13":"instock","14":"sale","15":"shipping-taxable","16":"purchasable","17":"product-type-simple"},"_links":{"self":[{"href":"https:\/\/roveyayinevi.com.tr\/index.php\/wp-json\/wp\/v2\/product\/783259","targetHints":{"allow":["GET"]}}],"collection":[{"href":"https:\/\/roveyayinevi.com.tr\/index.php\/wp-json\/wp\/v2\/product"}],"about":[{"href":"https:\/\/roveyayinevi.com.tr\/index.php\/wp-json\/wp\/v2\/types\/product"}],"wp:attachment":[{"href":"https:\/\/roveyayinevi.com.tr\/index.php\/wp-json\/wp\/v2\/media?parent=783259"}],"wp:term":[{"taxonomy":"product_brand","embeddable":true,"href":"https:\/\/roveyayinevi.com.tr\/index.php\/wp-json\/wp\/v2\/product_brand?post=783259"},{"taxonomy":"product_cat","embeddable":true,"href":"https:\/\/roveyayinevi.com.tr\/index.php\/wp-json\/wp\/v2\/product_cat?post=783259"},{"taxonomy":"product_tag","embeddable":true,"href":"https:\/\/roveyayinevi.com.tr\/index.php\/wp-json\/wp\/v2\/product_tag?post=783259"}],"curies":[{"name":"wp","href":"https:\/\/api.w.org\/{rel}","templated":true}]}}