{"id":783246,"date":"2026-02-25T03:21:04","date_gmt":"2026-02-25T00:21:04","guid":{"rendered":"https:\/\/roveyayinevi.com.tr\/index.php\/urun\/lineer-cebir-muhendislik-ve-istatistik-bolumleri-icin\/"},"modified":"2026-04-16T03:10:44","modified_gmt":"2026-04-16T00:10:44","slug":"lineer-cebir-muhendislik-ve-istatistik-bolumleri-icin","status":"publish","type":"product","link":"https:\/\/roveyayinevi.com.tr\/index.php\/urun\/lineer-cebir-muhendislik-ve-istatistik-bolumleri-icin\/","title":{"rendered":"Lineer Cebir &#8211; M\u00fchendislik ve \u0130statistik B\u00f6l\u00fcmleri \u0130\u00e7in"},"content":{"rendered":"<p>Bu kitap, yazar\u0131n \u201cM\u00fchendisler ve \u0130statistik\u00e7iler i\u00e7in Lineer Cebir\u201d adl\u0131 kitab\u0131ndaki al\u0131\u015ft\u0131rmalar\u0131n \u00e7\u00f6z\u00fcmlerini kapsamaktad\u0131r. \u00dcniversitelerin m\u00fchendislik ve \u0130statistik b\u00f6l\u00fcmlerinde birinci (veya ikinci) s\u0131n\u0131fta okutulmakta olan \u201cLineer Cebir\u201d derslerinde \u00f6\u011frencilere yard\u0131mc\u0131 olmak amac\u0131yla haz\u0131rlanm\u0131\u015ft\u0131r. Matematikte bir konunun yeterince alg\u0131lanabilmesi i\u00e7in o konunun okunup ge\u00e7ilmesi yeterli olmamaktad\u0131r. O konuyla ilgili olarak \u00e7ok say\u0131da problemin \u00e7\u00f6z\u00fclmesi gerekmektedir. Lineer Cebir derslerindeki baz\u0131 kavramlar \u00f6\u011frencinin kar\u015f\u0131s\u0131na ilk kez \u00e7\u0131kmaktad\u0131r. Bundan dolay\u0131 bir \u00f6\u011frencinin bir konuyu okuduktan (veya dinledikten) sonra bu konuyla ilgili problemleri \u00e7\u00f6zebilmesi zor olmaktad\u0131r. Zaman zaman da \u00e7\u00f6z\u00fcml\u00fc problemleri okuduk\u00e7a konu daha iyi anla\u015f\u0131labilmektedir. Bu y\u00fczden ders kitab\u0131ndaki problemlerin t\u00fcm\u00fcn\u00fcn \u00e7\u00f6z\u00fcm\u00fc bu kitaba konulmu\u015ftur. Problemler kolaydan zora do\u011fru s\u0131ralanm\u0131\u015f, soyut problemler sonlara konulmu\u015ftur. Matematik dal\u0131ndaki \u00f6\u011frenciler, ileri s\u0131n\u0131flardaki derslerde m\u00fchendislik ve istatistik dallar\u0131ndaki \u00f6\u011frencilere g\u00f6re daha \u00e7ok Lineer Cebir bilgisine ihtiya\u00e7 duymaktad\u0131r. Onun i\u00e7in bu kitaba, matematik\u00e7iler i\u00e7in haz\u0131rlanan lineer cebir kitaplar\u0131ndaki baz\u0131 konular al\u0131nmam\u0131\u015ft\u0131r. Kitaba al\u0131nan problemler bu alandaki \u00e7ok \u00f6zel problemlerden \u00e7ok, \u00f6\u011frencilerin kolayca anlayabilecekleri, \u00f6\u011frencilere Lineer Cebir dersini sevdirecek ve ileri s\u0131n\u0131flarda okuyacaklar\u0131 derslere temel olu\u015fturacak lineer cebir bilgilerini daha iyi kavratacak ve peki\u015ftirecek t\u00fcrde sorulard\u0131r. Problemlerin sonu\u00e7lar\u0131 ve bu sonu\u00e7lar\u0131 elde ederken yap\u0131lmas\u0131 gereken i\u015flemler okuyucu yormayacak bi\u00e7imde se\u00e7ilmi\u015ftir.<\/p>\n","protected":false},"excerpt":{"rendered":"<p>Bu kitap, yazar\u0131n \u201cM\u00fchendisler ve \u0130statistik\u00e7iler i\u00e7in Lineer Cebir\u201d adl\u0131 kitab\u0131ndaki al\u0131\u015ft\u0131rmalar\u0131n \u00e7\u00f6z\u00fcmlerini kapsamaktad\u0131r. \u00dcniversitelerin m\u00fchendislik ve \u0130statistik b\u00f6l\u00fcmlerinde birinci (veya ikinci) s\u0131n\u0131fta okutulmakta olan \u201cLineer<span class=\"excerpt-hellip\"> [\u2026]<\/span><\/p>\n","protected":false},"featured_media":0,"template":"","meta":{"_monsterinsights_skip_tracking":false,"_monsterinsights_sitenote_active":false,"_monsterinsights_sitenote_note":"","_monsterinsights_sitenote_category":0},"product_brand":[],"product_cat":[13005],"product_tag":[],"class_list":{"0":"post-783246","1":"product","2":"type-product","3":"status-publish","5":"product_cat-bilim-muhendislik","6":"pa_cilt-ciltsiz","7":"pa_tur-kitap","8":"pa_yayinevi-nobel-akademik-yayincilik","9":"pa_yazar-arif-sabuncuoglu","11":"first","12":"instock","13":"sale","14":"shipping-taxable","15":"purchasable","16":"product-type-simple"},"_links":{"self":[{"href":"https:\/\/roveyayinevi.com.tr\/index.php\/wp-json\/wp\/v2\/product\/783246","targetHints":{"allow":["GET"]}}],"collection":[{"href":"https:\/\/roveyayinevi.com.tr\/index.php\/wp-json\/wp\/v2\/product"}],"about":[{"href":"https:\/\/roveyayinevi.com.tr\/index.php\/wp-json\/wp\/v2\/types\/product"}],"wp:attachment":[{"href":"https:\/\/roveyayinevi.com.tr\/index.php\/wp-json\/wp\/v2\/media?parent=783246"}],"wp:term":[{"taxonomy":"product_brand","embeddable":true,"href":"https:\/\/roveyayinevi.com.tr\/index.php\/wp-json\/wp\/v2\/product_brand?post=783246"},{"taxonomy":"product_cat","embeddable":true,"href":"https:\/\/roveyayinevi.com.tr\/index.php\/wp-json\/wp\/v2\/product_cat?post=783246"},{"taxonomy":"product_tag","embeddable":true,"href":"https:\/\/roveyayinevi.com.tr\/index.php\/wp-json\/wp\/v2\/product_tag?post=783246"}],"curies":[{"name":"wp","href":"https:\/\/api.w.org\/{rel}","templated":true}]}}