{"id":783245,"date":"2026-02-25T03:13:32","date_gmt":"2026-02-25T00:13:32","guid":{"rendered":"https:\/\/roveyayinevi.com.tr\/index.php\/urun\/kerkuk-horyatlarim\/"},"modified":"2026-04-16T03:04:39","modified_gmt":"2026-04-16T00:04:39","slug":"kerkuk-horyatlarim","status":"publish","type":"product","link":"https:\/\/roveyayinevi.com.tr\/index.php\/urun\/kerkuk-horyatlarim\/","title":{"rendered":"Kerk\u00fck Horyatlar\u0131m"},"content":{"rendered":"<p>Irak T\u00fcrkmen Edebiyat\u0131nda, \u015fiirin ba\u015flang\u0131c\u0131 say\u0131lan Hoyrat-Horyat-Koyrat-Koryat bir duygu ve d\u00fc\u015f\u00fcnceyi \u00f6zg\u00fcn yollar\u0131yla dile getiren, yedi heceli, d\u00f6rt veya da fazla m\u0131sral\u0131 bir halk \u015fiiri t\u00fcr\u00fcd\u00fcr. Horyat sadece Irak T\u00fcrkmen edebiyat\u0131nda de\u011fil. T\u00fcrk edebiyat\u0131nda da \u00f6zg\u00fc bir yeri vard\u0131r.   \u015eair \u015e\u0259ms\u0259ddin K\u00fcz\u0259\u00e7i \u0259d\u0259biyyata horyat yazmaqla g\u0259lib. Horyat, xalq\u0131n \u00fcr\u0259yind\u0259n \u00e7\u0131x\u0131b xalq\u0131n \u00fcr\u0259yin\u0259 ged\u0259n bir sevgi \u015feiridir. Babalardan qalan bir yadigar olan horyat, analar\u0131n s\u00fcd\u00fcn\u0259 qar\u0131\u015fan bir n\u0259\u011fm\u0259dir. Anas\u0131ndan dinl\u0259diyi bu n\u0259\u011fm\u0259l\u0259r, K\u00fcz\u0259\u00e7inin \u0259d\u0259biyyatda q\u0259l\u0259m oynatma\u011f\u0131na g\u0259tirib \u00e7\u0131xard\u0131. Onun horyatlar\u0131nda e\u015fq, sevgi v\u0259 dostlu\u011fa s\u0259sl\u0259ni\u015fi; z\u00fclm\u0259,haqs\u0131zl\u0131\u011fa hayq\u0131rt\u0131 kimi m\u0259fhumlar v\u0259 duy\u011fular dil\u0259 g\u0259lir.   Onun \u015feirl\u0259ri ah\u0259ngli, duy\u011fulu, k\u00f6n\u00fcld\u0259n g\u0259ldiyin\u0259 g\u00f6r\u0259 sad\u0259v\u0259 s\u0259mimidir v\u0259 buna g\u00f6r\u0259d\u0259, dost k\u00f6n\u00fcll\u0259rd\u0259 \u00f6z yerini tap\u0131b.Yazd\u0131\u011f\u0131 horyatlar\u0131, \u0259sas\u0259n, \u0130raqda n\u0259\u015fr edil\u0259n \u201cYurd\u201d q\u0259zeti, \u201cQarda\u015fl\u0131q\u201d v\u0259 \u201cBirlik S\u0259si\u201d jurnallar\u0131nda yay\u0131mlan\u0131r. <\/p>\n","protected":false},"excerpt":{"rendered":"<p>Irak T\u00fcrkmen Edebiyat\u0131nda, \u015fiirin ba\u015flang\u0131c\u0131 say\u0131lan Hoyrat-Horyat-Koyrat-Koryat bir duygu ve d\u00fc\u015f\u00fcnceyi \u00f6zg\u00fcn yollar\u0131yla dile getiren, yedi heceli, d\u00f6rt veya da fazla m\u0131sral\u0131 bir halk \u015fiiri t\u00fcr\u00fcd\u00fcr.<span class=\"excerpt-hellip\"> [\u2026]<\/span><\/p>\n","protected":false},"featured_media":0,"template":"","meta":{"_monsterinsights_skip_tracking":false,"_monsterinsights_sitenote_active":false,"_monsterinsights_sitenote_note":"","_monsterinsights_sitenote_category":0},"product_brand":[],"product_cat":[12291,12509],"product_tag":[],"class_list":{"0":"post-783245","1":"product","2":"type-product","3":"status-publish","5":"product_cat-edebiyat","6":"product_cat-siir","7":"pa_cilt-ciltsiz","8":"pa_tur-kitap","9":"pa_yayinevi-gulnar-yayinlari","10":"pa_yazar-semsettin-kuzeci","12":"first","13":"instock","14":"sale","15":"shipping-taxable","16":"purchasable","17":"product-type-simple"},"_links":{"self":[{"href":"https:\/\/roveyayinevi.com.tr\/index.php\/wp-json\/wp\/v2\/product\/783245","targetHints":{"allow":["GET"]}}],"collection":[{"href":"https:\/\/roveyayinevi.com.tr\/index.php\/wp-json\/wp\/v2\/product"}],"about":[{"href":"https:\/\/roveyayinevi.com.tr\/index.php\/wp-json\/wp\/v2\/types\/product"}],"wp:attachment":[{"href":"https:\/\/roveyayinevi.com.tr\/index.php\/wp-json\/wp\/v2\/media?parent=783245"}],"wp:term":[{"taxonomy":"product_brand","embeddable":true,"href":"https:\/\/roveyayinevi.com.tr\/index.php\/wp-json\/wp\/v2\/product_brand?post=783245"},{"taxonomy":"product_cat","embeddable":true,"href":"https:\/\/roveyayinevi.com.tr\/index.php\/wp-json\/wp\/v2\/product_cat?post=783245"},{"taxonomy":"product_tag","embeddable":true,"href":"https:\/\/roveyayinevi.com.tr\/index.php\/wp-json\/wp\/v2\/product_tag?post=783245"}],"curies":[{"name":"wp","href":"https:\/\/api.w.org\/{rel}","templated":true}]}}