{"id":783244,"date":"2026-02-25T02:45:01","date_gmt":"2026-02-24T23:45:01","guid":{"rendered":"https:\/\/roveyayinevi.com.tr\/index.php\/urun\/kimse-mukemmel-degildir\/"},"modified":"2026-04-16T02:36:40","modified_gmt":"2026-04-15T23:36:40","slug":"kimse-mukemmel-degildir","status":"publish","type":"product","link":"https:\/\/roveyayinevi.com.tr\/index.php\/urun\/kimse-mukemmel-degildir\/","title":{"rendered":"Kimse M\u00fckemmel De\u011fildir"},"content":{"rendered":"<p>\u00c7ocuklar \u0130\u00e7in M\u00fckemmelliyet\u00e7ilik Hakk\u0131nda Bir Hikaye Ellen Flanagan Burns   Yapt\u0131\u011f\u0131 her i\u015fin m\u00fckemmel olmas\u0131 i\u00e7in a\u015f\u0131r\u0131 \u00e7aba sarf eden ve bu nedenle t\u00fcm e\u011flenceyi ka\u00e7\u0131ran, \u00e7ocuk olmaktan uzakla\u015fan ve arkada\u015flar\u0131n\u0131 kendisi gibi olmad\u0131\u011f\u0131 i\u00e7in su\u00e7layan S\u0131la\u2019n\u0131n hikayesi size \u00e7ok tan\u0131d\u0131k gelecek.   Toplum bask\u0131s\u0131 ve ba\u015far\u0131s\u0131zl\u0131\u011fa u\u011frama korkusu ile kendisini yetersiz biri olarak g\u00f6rme alg\u0131s\u0131 S\u0131la\u2019n\u0131n okul hayat\u0131n\u0131 olumsuz bir \u015fekilde etkiler. Piyano \u00e7alarken yapt\u0131\u011f\u0131 k\u00fc\u00e7\u00fck hatadan dolay\u0131 mutsuz olmas\u0131, tiyatro oyununda ba\u015frol\u00fc alamad\u0131\u011f\u0131 i\u00e7in verilen g\u00f6revden vazge\u00e7mesi, basit bir \u00f6dev i\u00e7in beklenenin \u00e7ok \u00fczerinde bir performans sergilemesi, \u00e7ok iyi oynayamayaca\u011f\u0131 korkusuyla futbol tak\u0131m\u0131na girmemesi ve daha neler neler\u2026   T\u00fcm bu m\u00fckemmeliyet\u00e7i aray\u0131\u015f\u0131n arkas\u0131nda S\u0131la, arkada\u015flar\u0131 ve ailesi sayesinde merak\u0131n\u0131n pe\u015finden gider ve tedirgin edici bile olsa i\u00e7indeki \u00f6zg\u00fcrl\u00fck hissini serbest b\u0131rakarak e\u011flenmeye ba\u015flar.    Didaktik dilden uzak, e\u011flenceli, yard\u0131mc\u0131, e\u011fitici ve bazen de mizahi bir bak\u0131\u015f a\u00e7\u0131s\u0131 sunan Okuyan Koala serisinin bu kitab\u0131, Erica Palton Villnave\u2019in ill\u00fcstrasyonlar\u0131 ve Hayriye Selen \u0130yicil\u2019in \u00e7evirisiyle zenginle\u015firken ayn\u0131 zamanda Psikolojik Dan\u0131\u015fman Petek Halman\u2019\u0131n haz\u0131rlad\u0131\u011f\u0131 \u00f6ns\u00f6z ile hem \u00e7ocuklara yol g\u00f6steriyor hem de ebeveyn ve e\u011fitimcilere \u0131\u015f\u0131k tutuyor. <\/p>\n","protected":false},"excerpt":{"rendered":"<p>\u00c7ocuklar \u0130\u00e7in M\u00fckemmelliyet\u00e7ilik Hakk\u0131nda Bir Hikaye Ellen Flanagan Burns Yapt\u0131\u011f\u0131 her i\u015fin m\u00fckemmel olmas\u0131 i\u00e7in a\u015f\u0131r\u0131 \u00e7aba sarf eden ve bu nedenle t\u00fcm e\u011flenceyi ka\u00e7\u0131ran, \u00e7ocuk<span class=\"excerpt-hellip\"> [\u2026]<\/span><\/p>\n","protected":false},"featured_media":0,"template":"","meta":{"_monsterinsights_skip_tracking":false,"_monsterinsights_sitenote_active":false,"_monsterinsights_sitenote_note":"","_monsterinsights_sitenote_category":0},"product_brand":[],"product_cat":[12275,12274],"product_tag":[],"class_list":{"0":"post-783244","1":"product","2":"type-product","3":"status-publish","5":"product_cat-6-12-yas-kitaplari","6":"product_cat-cocuk-ve-genclik-kitaplari","7":"pa_cilt-ciltsiz","8":"pa_tur-kitap","9":"pa_yayinevi-okuyan-koala","10":"pa_yazar-ellen-flanagan-burns","12":"first","13":"instock","14":"sale","15":"shipping-taxable","16":"purchasable","17":"product-type-simple"},"_links":{"self":[{"href":"https:\/\/roveyayinevi.com.tr\/index.php\/wp-json\/wp\/v2\/product\/783244","targetHints":{"allow":["GET"]}}],"collection":[{"href":"https:\/\/roveyayinevi.com.tr\/index.php\/wp-json\/wp\/v2\/product"}],"about":[{"href":"https:\/\/roveyayinevi.com.tr\/index.php\/wp-json\/wp\/v2\/types\/product"}],"wp:attachment":[{"href":"https:\/\/roveyayinevi.com.tr\/index.php\/wp-json\/wp\/v2\/media?parent=783244"}],"wp:term":[{"taxonomy":"product_brand","embeddable":true,"href":"https:\/\/roveyayinevi.com.tr\/index.php\/wp-json\/wp\/v2\/product_brand?post=783244"},{"taxonomy":"product_cat","embeddable":true,"href":"https:\/\/roveyayinevi.com.tr\/index.php\/wp-json\/wp\/v2\/product_cat?post=783244"},{"taxonomy":"product_tag","embeddable":true,"href":"https:\/\/roveyayinevi.com.tr\/index.php\/wp-json\/wp\/v2\/product_tag?post=783244"}],"curies":[{"name":"wp","href":"https:\/\/api.w.org\/{rel}","templated":true}]}}