{"id":783243,"date":"2026-02-25T02:00:35","date_gmt":"2026-02-24T23:00:35","guid":{"rendered":"https:\/\/roveyayinevi.com.tr\/index.php\/urun\/nasreddin-hoca-7\/"},"modified":"2026-04-16T01:59:25","modified_gmt":"2026-04-15T22:59:25","slug":"nasreddin-hoca-7","status":"publish","type":"product","link":"https:\/\/roveyayinevi.com.tr\/index.php\/urun\/nasreddin-hoca-7\/","title":{"rendered":"Nasreddin Hoca"},"content":{"rendered":"<p>Nasreddin Hoca \u00f6yle bir ki\u015filiktir ki hi\u00e7bir zaman tamamlan\u0131p bitmi\u015f denemez, y\u00fczlerce kez yeni ba\u015ftan tasarlanmakta ve yaln\u0131zca kendisini yaratanlara benzemektedir. O, bu f\u0131kralar\u0131nda, hoyrat iktidar tutkusu kar\u015f\u0131s\u0131nda g\u00fclery\u00fczl\u00fc y\u00fcreklili\u011fin, serinkanl\u0131 bir g\u00fc\u00e7 ve mertli\u011fin, a\u011f\u0131rba\u015fl\u0131l\u0131\u011f\u0131n ve \u00f6zenli olman\u0131n neler yapabilece\u011fini g\u00f6steren ulusal bir simgedir&#8230; Bu kitapta, Hoca\u2019n\u0131n inan\u0131\u015flarla, sosyal hayatla ve Tem\u00fcr\u2019le ilgili f\u0131kralar\u0131 ile di\u011fer f\u0131kralar\u0131ndan 295\u2019i yer al\u0131yor.Abd\u00fclb\u00e2ki G\u00f6lp\u0131narl\u0131, 1900 y\u0131l\u0131nda \u0130stanbul\u2019da do\u011fdu. Orta\u00f6\u011frenimini \u0130stanbul Erkek Muallim Mektebinde, y\u00fcksek\u00f6\u011frenimini \u0130stanbul Edebiyat Fak\u00fcltesinde tamamlad\u0131. Bir\u00e7ok lisede edebiyat \u00f6\u011fretmenli\u011fiyle, Ankara Dil-Tarih-Co\u011frafya Fak\u00fcltesinde T\u00fcrk Edebiyat Tarihi ve Metinler \u015eerhi derslerini vermi\u015f ve de\u011fi\u015fik gazetelerde \u00e7al\u0131\u015fm\u0131\u015ft\u0131r. 25 A\u011fustos 1982\u2019de \u0130stanbul\u2019da yitirdi\u011fimiz yazar\u0131n, elinizdeki Nasreddin Hoca d\u0131\u015f\u0131nda Yunus Emre, Fuzuli, Mevl\u00e2n\u00e2 ve Mesnevi \u00fczerine de kitaplar\u0131 bulunuyor.<\/p>\n","protected":false},"excerpt":{"rendered":"<p>Nasreddin Hoca \u00f6yle bir ki\u015filiktir ki hi\u00e7bir zaman tamamlan\u0131p bitmi\u015f denemez, y\u00fczlerce kez yeni ba\u015ftan tasarlanmakta ve yaln\u0131zca kendisini yaratanlara benzemektedir. O, bu f\u0131kralar\u0131nda, hoyrat iktidar<span class=\"excerpt-hellip\"> [\u2026]<\/span><\/p>\n","protected":false},"featured_media":0,"template":"","meta":{"_monsterinsights_skip_tracking":false,"_monsterinsights_sitenote_active":false,"_monsterinsights_sitenote_note":"","_monsterinsights_sitenote_category":0},"product_brand":[],"product_cat":[12291,14825],"product_tag":[],"class_list":{"0":"post-783243","1":"product","2":"type-product","3":"status-publish","5":"product_cat-edebiyat","6":"product_cat-mizah","7":"pa_cilt-ciltsiz","8":"pa_tur-kitap","9":"pa_yayinevi-inkilap-kitabevi","10":"pa_yazar-abdulbaki-golpinarli","12":"first","13":"instock","14":"sale","15":"shipping-taxable","16":"purchasable","17":"product-type-simple"},"_links":{"self":[{"href":"https:\/\/roveyayinevi.com.tr\/index.php\/wp-json\/wp\/v2\/product\/783243","targetHints":{"allow":["GET"]}}],"collection":[{"href":"https:\/\/roveyayinevi.com.tr\/index.php\/wp-json\/wp\/v2\/product"}],"about":[{"href":"https:\/\/roveyayinevi.com.tr\/index.php\/wp-json\/wp\/v2\/types\/product"}],"wp:attachment":[{"href":"https:\/\/roveyayinevi.com.tr\/index.php\/wp-json\/wp\/v2\/media?parent=783243"}],"wp:term":[{"taxonomy":"product_brand","embeddable":true,"href":"https:\/\/roveyayinevi.com.tr\/index.php\/wp-json\/wp\/v2\/product_brand?post=783243"},{"taxonomy":"product_cat","embeddable":true,"href":"https:\/\/roveyayinevi.com.tr\/index.php\/wp-json\/wp\/v2\/product_cat?post=783243"},{"taxonomy":"product_tag","embeddable":true,"href":"https:\/\/roveyayinevi.com.tr\/index.php\/wp-json\/wp\/v2\/product_tag?post=783243"}],"curies":[{"name":"wp","href":"https:\/\/api.w.org\/{rel}","templated":true}]}}