{"id":783242,"date":"2026-02-25T02:00:19","date_gmt":"2026-02-24T23:00:19","guid":{"rendered":"https:\/\/roveyayinevi.com.tr\/index.php\/urun\/beyaz-geceler-24\/"},"modified":"2026-02-25T12:44:10","modified_gmt":"2026-02-25T09:44:10","slug":"beyaz-geceler-24","status":"publish","type":"product","link":"https:\/\/roveyayinevi.com.tr\/index.php\/urun\/beyaz-geceler-24\/","title":{"rendered":"Beyaz Geceler"},"content":{"rendered":"<p>\u0130simsiz bir anlat\u0131c\u0131n\u0131n a\u011fz\u0131ndan yaln\u0131zl\u0131\u011f\u0131 ve kar\u015f\u0131l\u0131ks\u0131z a\u015fk\u0131 dinledi\u011fimiz d\u00f6rt gece ve bir sabahl\u0131k yal\u0131n bir hik\u00e2ye. Dostoyevski\u2019nin gen\u00e7lik d\u00f6neminde yazd\u0131\u011f\u0131 bu yal\u0131n ve lirik \u00f6yk\u00fcn\u00fcn isimsiz, i\u00e7ine kapan\u0131k ve hayalci kahraman\u0131, geceleri Petersburg\u2019un kanallar\u0131 ve caddeleri aras\u0131nda tek ba\u015f\u0131na dola\u015f\u0131r. Derken bir k\u00f6pr\u00fcde a\u011flayan Nastenka\u2019y\u0131 bulur ve bir adam\u0131n tacizinden kurtard\u0131\u011f\u0131 gen\u00e7 k\u0131za \u00e2\u015f\u0131k olur. Peki daha \u00f6nce hi\u00e7bir kad\u0131nla beraber olmam\u0131\u015f, kendisini hayattan soyutlam\u0131\u015f bu adam, hayat\u0131n\u0131n merkezine koydu\u011fu gen\u00e7 k\u0131zda arad\u0131\u011f\u0131 mutlulu\u011fu bulabilecek midir? En farkl\u0131 Dostoyevski \u00f6yk\u00fclerinden biri olan Beyaz Geceler, 1957 y\u0131l\u0131nda \u0130talyan y\u00f6netmen Luchino Visconti taraf\u0131ndan filme uyarland\u0131\u011f\u0131ndan beri ger\u00e7ek\u00fcst\u00fc ve sinematografik anlat\u0131m\u0131yla pek \u00e7ok kez beyazperdeye ta\u015f\u0131nm\u0131\u015ft\u0131r. \u201cBir Dostoyevski kitab\u0131 okumak, bilmedi\u011fimiz muazzam bir \u015fehre girmek, bir sava\u015f\u0131n g\u00f6lgesine tan\u0131k olmak gibidir.\u201d JORGE LUIS BORGES<\/p>\n","protected":false},"excerpt":{"rendered":"<p>\u0130simsiz bir anlat\u0131c\u0131n\u0131n a\u011fz\u0131ndan yaln\u0131zl\u0131\u011f\u0131 ve kar\u015f\u0131l\u0131ks\u0131z a\u015fk\u0131 dinledi\u011fimiz d\u00f6rt gece ve bir sabahl\u0131k yal\u0131n bir hik\u00e2ye. Dostoyevski\u2019nin gen\u00e7lik d\u00f6neminde yazd\u0131\u011f\u0131 bu yal\u0131n ve lirik \u00f6yk\u00fcn\u00fcn<span class=\"excerpt-hellip\"> [\u2026]<\/span><\/p>\n","protected":false},"featured_media":0,"template":"","meta":{"_monsterinsights_skip_tracking":false,"_monsterinsights_sitenote_active":false,"_monsterinsights_sitenote_note":"","_monsterinsights_sitenote_category":0},"product_brand":[],"product_cat":[12291,13570],"product_tag":[],"class_list":{"0":"post-783242","1":"product","2":"type-product","3":"status-publish","5":"product_cat-edebiyat","6":"product_cat-rus-edebiyati","7":"pa_cilt-ciltsiz","8":"pa_tur-kitap","9":"pa_yayinevi-iletisim-yayinlari","10":"pa_yazar-fyodor-mihaylovic-dostoyevski","12":"first","13":"instock","14":"sale","15":"shipping-taxable","16":"purchasable","17":"product-type-simple"},"_links":{"self":[{"href":"https:\/\/roveyayinevi.com.tr\/index.php\/wp-json\/wp\/v2\/product\/783242","targetHints":{"allow":["GET"]}}],"collection":[{"href":"https:\/\/roveyayinevi.com.tr\/index.php\/wp-json\/wp\/v2\/product"}],"about":[{"href":"https:\/\/roveyayinevi.com.tr\/index.php\/wp-json\/wp\/v2\/types\/product"}],"wp:attachment":[{"href":"https:\/\/roveyayinevi.com.tr\/index.php\/wp-json\/wp\/v2\/media?parent=783242"}],"wp:term":[{"taxonomy":"product_brand","embeddable":true,"href":"https:\/\/roveyayinevi.com.tr\/index.php\/wp-json\/wp\/v2\/product_brand?post=783242"},{"taxonomy":"product_cat","embeddable":true,"href":"https:\/\/roveyayinevi.com.tr\/index.php\/wp-json\/wp\/v2\/product_cat?post=783242"},{"taxonomy":"product_tag","embeddable":true,"href":"https:\/\/roveyayinevi.com.tr\/index.php\/wp-json\/wp\/v2\/product_tag?post=783242"}],"curies":[{"name":"wp","href":"https:\/\/api.w.org\/{rel}","templated":true}]}}