{"id":783240,"date":"2026-02-24T03:44:39","date_gmt":"2026-02-24T00:44:39","guid":{"rendered":"https:\/\/roveyayinevi.com.tr\/index.php\/urun\/cocuk-psikanalizi-yilligi-2025\/"},"modified":"2026-02-28T04:08:22","modified_gmt":"2026-02-28T01:08:22","slug":"cocuk-psikanalizi-yilligi-2025","status":"publish","type":"product","link":"https:\/\/roveyayinevi.com.tr\/index.php\/urun\/cocuk-psikanalizi-yilligi-2025\/","title":{"rendered":"\u00c7ocuk Psikanalizi Y\u0131ll\u0131\u011f\u0131 2025"},"content":{"rendered":"<p>\u201cKendim oldu\u011fumu s\u00f6yl\u00fcyorum, ama kim oldu\u011fum her defas\u0131nda ba\u015fka bir c\u00fcmleye ba\u011fl\u0131.\u201d &#8211; Jorge Luis Borges \u00c7ocuk Psikanalizi Y\u0131ll\u0131klar\u0131, \u00fclkemizde \u00e7ocuklarla \u00e7al\u0131\u015fan ruh sa\u011fl\u0131\u011f\u0131 uzmanlar\u0131n\u0131n \u00e7ocuklarla psikanalitik \u00e7al\u0131\u015fma alan\u0131nda bilgi ve tecr\u00fcbe aktar\u0131m\u0131na katk\u0131da bulunmak, \u00e7ocuk psikanalizinin geli\u015fimini desteklemek, tart\u0131\u015fmalar\u0131 zenginle\u015ftirmek ve yeni d\u00fc\u015f\u00fcnce alanlar\u0131 a\u00e7mak amac\u0131yla tasarlanm\u0131\u015ft\u0131r. Y\u0131ll\u0131klar\u0131n bu yedinci say\u0131s\u0131, \u00e7ocuk cinselli\u011finden ergenlikte beden, kimlik ve cinsel kimlik in\u015fas\u0131na uzanan, kesin tan\u0131mlar kurmak yerine \u00f6znenin tekilli\u011fine kulak veren, klinik deneyimlerle kuramsal d\u00fc\u015f\u00fcncenin kesi\u015fti\u011fi bir yerden cinsiyet ho\u015fnutsuzlu\u011fu, transseks\u00fcellik ve transgender\u2019l\u0131k kavramlar\u0131 i\u00e7in bir tart\u0131\u015fma zemini sunmaktad\u0131r. Psikanalitik kurama g\u00f6re \u201cyeni cinsellikler\u201d olarak adland\u0131r\u0131lan deneyimleri yaln\u0131zca toplumsal d\u00f6n\u00fc\u015f\u00fcmlerle a\u00e7\u0131klamak yeterli de\u011fildir; bu deneyimler \u00f6znenin arzusunun, eksiklik deneyiminin ve \u00f6teki ile kurdu\u011fu ili\u015fkinin ifadesidir. Cinsiyet, sabit bir kimlikten ziyade bedensel duyumlar ve bilin\u00e7d\u0131\u015f\u0131 d\u00fc\u015flemlerle s\u00fcrekli yeniden kurulan bir konumlan\u0131\u015f olarak d\u00fc\u015f\u00fcn\u00fclmektedir. Anatomi kader midir?<\/p>\n","protected":false},"excerpt":{"rendered":"<p>\u201cKendim oldu\u011fumu s\u00f6yl\u00fcyorum, ama kim oldu\u011fum her defas\u0131nda ba\u015fka bir c\u00fcmleye ba\u011fl\u0131.\u201d &#8211; Jorge Luis Borges \u00c7ocuk Psikanalizi Y\u0131ll\u0131klar\u0131, \u00fclkemizde \u00e7ocuklarla \u00e7al\u0131\u015fan ruh sa\u011fl\u0131\u011f\u0131 uzmanlar\u0131n\u0131n \u00e7ocuklarla<span class=\"excerpt-hellip\"> [\u2026]<\/span><\/p>\n","protected":false},"featured_media":0,"template":"","meta":{"_monsterinsights_skip_tracking":false,"_monsterinsights_sitenote_active":false,"_monsterinsights_sitenote_note":"","_monsterinsights_sitenote_category":0},"product_brand":[],"product_cat":[141304],"product_tag":[],"class_list":{"0":"post-783240","1":"product","2":"type-product","3":"status-publish","5":"product_cat-yeni-cikanlar","6":"pa_cilt-ciltsiz","7":"pa_tur-kitap","8":"pa_yayinevi-sfenks-kitap","9":"pa_yazar-kolektif","11":"first","12":"instock","13":"sale","14":"shipping-taxable","15":"purchasable","16":"product-type-simple"},"_links":{"self":[{"href":"https:\/\/roveyayinevi.com.tr\/index.php\/wp-json\/wp\/v2\/product\/783240","targetHints":{"allow":["GET"]}}],"collection":[{"href":"https:\/\/roveyayinevi.com.tr\/index.php\/wp-json\/wp\/v2\/product"}],"about":[{"href":"https:\/\/roveyayinevi.com.tr\/index.php\/wp-json\/wp\/v2\/types\/product"}],"wp:attachment":[{"href":"https:\/\/roveyayinevi.com.tr\/index.php\/wp-json\/wp\/v2\/media?parent=783240"}],"wp:term":[{"taxonomy":"product_brand","embeddable":true,"href":"https:\/\/roveyayinevi.com.tr\/index.php\/wp-json\/wp\/v2\/product_brand?post=783240"},{"taxonomy":"product_cat","embeddable":true,"href":"https:\/\/roveyayinevi.com.tr\/index.php\/wp-json\/wp\/v2\/product_cat?post=783240"},{"taxonomy":"product_tag","embeddable":true,"href":"https:\/\/roveyayinevi.com.tr\/index.php\/wp-json\/wp\/v2\/product_tag?post=783240"}],"curies":[{"name":"wp","href":"https:\/\/api.w.org\/{rel}","templated":true}]}}