{"id":783236,"date":"2026-02-24T03:44:27","date_gmt":"2026-02-24T00:44:27","guid":{"rendered":"https:\/\/roveyayinevi.com.tr\/index.php\/urun\/emanet-gelin-1-ciltli\/"},"modified":"2026-04-15T03:47:35","modified_gmt":"2026-04-15T00:47:35","slug":"emanet-gelin-1-ciltli","status":"publish","type":"product","link":"https:\/\/roveyayinevi.com.tr\/index.php\/urun\/emanet-gelin-1-ciltli\/","title":{"rendered":"Emanet Gelin &#8211; 1 Ciltli"},"content":{"rendered":"<p>T\u00f6re, kimli\u011fe bakmaz! \u0130stanbul\u2019un ars\u0131z Erkut\u2019u, Mardin\u2019in Barzan A\u011fa\u2019s\u0131 olarak bilinen Hezero\u011flu A\u015fireti\u2019nin zalim o\u011flunu kimli\u011finden koparan k\u0131yamet, bir d\u00fc\u011f\u00fcnde ger\u00e7ekle\u015fir. Bu d\u00fc\u011f\u00fcn a\u011fabeyi Ciwan Hezero\u011flu\u2019nun ve sevdi\u011fi kad\u0131n Ber\u00e7em Da\u011fdelen\u2019in d\u00fc\u011f\u00fcn\u00fcd\u00fcr. G\u00fczel Ber\u00e7em, baht\u0131na t\u00f6renin zalim karar\u0131 d\u00fc\u015fen Ber\u00e7em, g\u00fcnahk\u00e2r ve kimsesiz Ber\u00e7em&#8230; D\u00fc\u011f\u00fcn g\u00fcn\u00fc kocas\u0131n\u0131 kaybetmenin yas\u0131n\u0131 tutarken kay\u0131nbiraderiyle evlendirilece\u011fi h\u00fckm\u00fcyle yeniden y\u0131k\u0131ma u\u011frar. Karara kar\u015f\u0131 \u00e7\u0131kamayan kad\u0131n, do\u011fdu\u011fu topraklardan kopar\u0131larak bilmedi\u011fi bir \u015fehre, hi\u00e7 bilmedi\u011fi bir adamla getirilir ve kendini nefretten do\u011fan bir evcilik oyununun i\u00e7inde bulur. Nefret, kar\u015f\u0131 konulmaz bir \u00e7ekime, gizli bo\u015fanma oyunu ciddi bir evlili\u011fe yol ald\u0131\u011f\u0131nda, ars\u0131z Erkut\u2019un sevgilisi Azra Bolatl\u0131 olaya dahil olur ve emanet edilen gelin i\u00e7in evcilik oyunu tam zamanl\u0131 bir k\u00e2busa d\u00f6n\u00fc\u015f\u00fcr. Barzan Hezero\u011flu t\u00f6reye boyun e\u011ferken iki kad\u0131na ya\u015fatt\u0131\u011f\u0131 ac\u0131lar\u0131n hesab\u0131n\u0131 bo\u015fanmalar\u0131 h\u00fckm\u00fcn\u00fc veren a\u015firet b\u00fcy\u00fcklerine vermek zorunda kal\u0131r. Ya bo\u015fanma h\u00fckm\u00fcne kar\u015f\u0131 gelecektir ya da yollar\u0131n\u0131 ay\u0131racakt\u0131r.<\/p>\n","protected":false},"excerpt":{"rendered":"<p>T\u00f6re, kimli\u011fe bakmaz! \u0130stanbul\u2019un ars\u0131z Erkut\u2019u, Mardin\u2019in Barzan A\u011fa\u2019s\u0131 olarak bilinen Hezero\u011flu A\u015fireti\u2019nin zalim o\u011flunu kimli\u011finden koparan k\u0131yamet, bir d\u00fc\u011f\u00fcnde ger\u00e7ekle\u015fir. Bu d\u00fc\u011f\u00fcn a\u011fabeyi Ciwan Hezero\u011flu\u2019nun<span class=\"excerpt-hellip\"> [\u2026]<\/span><\/p>\n","protected":false},"featured_media":0,"template":"","meta":{"_monsterinsights_skip_tracking":false,"_monsterinsights_sitenote_active":false,"_monsterinsights_sitenote_note":"","_monsterinsights_sitenote_category":0},"product_brand":[],"product_cat":[12291,12711],"product_tag":[],"class_list":{"0":"post-783236","1":"product","2":"type-product","3":"status-publish","5":"product_cat-edebiyat","6":"product_cat-roman-oyku","7":"pa_cilt-ciltli","8":"pa_tur-kitap","9":"pa_yayinevi-lapis-kitap","10":"pa_yazar-sehnaz-gulsen","12":"first","13":"instock","14":"sale","15":"shipping-taxable","16":"purchasable","17":"product-type-simple"},"_links":{"self":[{"href":"https:\/\/roveyayinevi.com.tr\/index.php\/wp-json\/wp\/v2\/product\/783236","targetHints":{"allow":["GET"]}}],"collection":[{"href":"https:\/\/roveyayinevi.com.tr\/index.php\/wp-json\/wp\/v2\/product"}],"about":[{"href":"https:\/\/roveyayinevi.com.tr\/index.php\/wp-json\/wp\/v2\/types\/product"}],"wp:attachment":[{"href":"https:\/\/roveyayinevi.com.tr\/index.php\/wp-json\/wp\/v2\/media?parent=783236"}],"wp:term":[{"taxonomy":"product_brand","embeddable":true,"href":"https:\/\/roveyayinevi.com.tr\/index.php\/wp-json\/wp\/v2\/product_brand?post=783236"},{"taxonomy":"product_cat","embeddable":true,"href":"https:\/\/roveyayinevi.com.tr\/index.php\/wp-json\/wp\/v2\/product_cat?post=783236"},{"taxonomy":"product_tag","embeddable":true,"href":"https:\/\/roveyayinevi.com.tr\/index.php\/wp-json\/wp\/v2\/product_tag?post=783236"}],"curies":[{"name":"wp","href":"https:\/\/api.w.org\/{rel}","templated":true}]}}