{"id":783235,"date":"2026-02-24T03:44:02","date_gmt":"2026-02-24T00:44:02","guid":{"rendered":"https:\/\/roveyayinevi.com.tr\/index.php\/urun\/bolgesel-kalkinma-ve-turizm-iliskisi\/"},"modified":"2026-04-15T03:47:32","modified_gmt":"2026-04-15T00:47:32","slug":"bolgesel-kalkinma-ve-turizm-iliskisi","status":"publish","type":"product","link":"https:\/\/roveyayinevi.com.tr\/index.php\/urun\/bolgesel-kalkinma-ve-turizm-iliskisi\/","title":{"rendered":"B\u00f6lgesel Kalk\u0131nma ve Turizm \u0130li\u015fkisi"},"content":{"rendered":"<p>\u2022 MAKRODAN M\u0130KROYA B\u00d6LGESEL KALKINMA TEOR\u0130LER\u0130, K\u00dcRESELLE\u015eME, B\u00d6LGESEL \u0130NOVASYON S\u0130STEMLER\u0130 VE YEN\u0130 B\u00d6LGESELC\u0130L\u0130K \u2022 B\u00d6LGESEL KALKINMA VE TUR\u0130ZM \u0130L\u0130\u015eK\u0130S\u0130 \u2022 TUR\u0130ZM\u0130N B\u00d6LGESEL KALKINMA \u00dcZER\u0130NDEK\u0130 SOSYO K\u00dcLT\u00dcREL ETK\u0130LER\u0130\u2022 TUR\u0130ZM\u0130N B\u00d6LGESEL KALKINMA \u00dcZER\u0130NDEK\u0130 \u00c7EVRESEL ETK\u0130LER\u0130 \u2022 TUR\u0130ZM\u0130N B\u00d6LGESEL KALKINMA \u00dcZER\u0130NDEK\u0130 EKONOM\u0130K ETK\u0130LER\u0130\u2022 TUR\u0130ZM\u0130N S\u00dcRD\u00dcR\u00dcLEB\u0130L\u0130R KALKINMA \u00dcZER\u0130NDEK\u0130 ROL\u00dc \u2022 ALTERNAT\u0130F TUR\u0130ZM\u0130N B\u00d6LGESEL KALKINMA \u00dcZER\u0130NDEK\u0130 ROL\u00dc\u2022 D\u00dcNYADA B\u00d6LGESEL KALKINMA VE TUR\u0130ZM \u0130L\u0130\u015eK\u0130S\u0130 \u2022 T\u00dcRK\u0130YE\u2019DE TUR\u0130ZM ODAKLI B\u00d6LGESEL KALKINMA \u00d6RNEKLER\u0130 \u2022 B\u00d6LGESEL KALKINMA VE TEMALI PARKLAR\u2022 KALKINMA AJANSLARININ TUR\u0130ZM\u0130N GEL\u0130\u015e\u0130M\u0130 \u00dcZER\u0130NDEK\u0130 ETK\u0130S\u0130 \u2022 TUR\u0130ZM\u0130N B\u00d6LGESEL KALKINMA POTANS\u0130YEL\u0130N\u0130 SINIRLAYAN FAKT\u00d6RLER<\/p>\n","protected":false},"excerpt":{"rendered":"<p>\u2022 MAKRODAN M\u0130KROYA B\u00d6LGESEL KALKINMA TEOR\u0130LER\u0130, K\u00dcRESELLE\u015eME, B\u00d6LGESEL \u0130NOVASYON S\u0130STEMLER\u0130 VE YEN\u0130 B\u00d6LGESELC\u0130L\u0130K \u2022 B\u00d6LGESEL KALKINMA VE TUR\u0130ZM \u0130L\u0130\u015eK\u0130S\u0130 \u2022 TUR\u0130ZM\u0130N B\u00d6LGESEL KALKINMA \u00dcZER\u0130NDEK\u0130 SOSYO K\u00dcLT\u00dcREL<span class=\"excerpt-hellip\"> [\u2026]<\/span><\/p>\n","protected":false},"featured_media":0,"template":"","meta":{"_monsterinsights_skip_tracking":false,"_monsterinsights_sitenote_active":false,"_monsterinsights_sitenote_note":"","_monsterinsights_sitenote_category":0},"product_brand":[],"product_cat":[13059,12337],"product_tag":[],"class_list":{"0":"post-783235","1":"product","2":"type-product","3":"status-publish","5":"product_cat-diger-politika-siyaset","6":"product_cat-politika-siyaset","7":"pa_cilt-ciltsiz","8":"pa_tur-kitap","9":"pa_yayinevi-gazi-kitabevi","10":"pa_yazar-kolektif","12":"first","13":"instock","14":"sale","15":"shipping-taxable","16":"purchasable","17":"product-type-simple"},"_links":{"self":[{"href":"https:\/\/roveyayinevi.com.tr\/index.php\/wp-json\/wp\/v2\/product\/783235","targetHints":{"allow":["GET"]}}],"collection":[{"href":"https:\/\/roveyayinevi.com.tr\/index.php\/wp-json\/wp\/v2\/product"}],"about":[{"href":"https:\/\/roveyayinevi.com.tr\/index.php\/wp-json\/wp\/v2\/types\/product"}],"wp:attachment":[{"href":"https:\/\/roveyayinevi.com.tr\/index.php\/wp-json\/wp\/v2\/media?parent=783235"}],"wp:term":[{"taxonomy":"product_brand","embeddable":true,"href":"https:\/\/roveyayinevi.com.tr\/index.php\/wp-json\/wp\/v2\/product_brand?post=783235"},{"taxonomy":"product_cat","embeddable":true,"href":"https:\/\/roveyayinevi.com.tr\/index.php\/wp-json\/wp\/v2\/product_cat?post=783235"},{"taxonomy":"product_tag","embeddable":true,"href":"https:\/\/roveyayinevi.com.tr\/index.php\/wp-json\/wp\/v2\/product_tag?post=783235"}],"curies":[{"name":"wp","href":"https:\/\/api.w.org\/{rel}","templated":true}]}}