{"id":783233,"date":"2026-02-24T03:43:54","date_gmt":"2026-02-24T00:43:54","guid":{"rendered":"https:\/\/roveyayinevi.com.tr\/index.php\/urun\/antik-misir-tarihi-2\/"},"modified":"2026-04-15T03:47:31","modified_gmt":"2026-04-15T00:47:31","slug":"antik-misir-tarihi-2","status":"publish","type":"product","link":"https:\/\/roveyayinevi.com.tr\/index.php\/urun\/antik-misir-tarihi-2\/","title":{"rendered":"Antik M\u0131s\u0131r tarihi"},"content":{"rendered":"<p>M\u0131s\u0131rl\u0131lar k\u00f6kleri tarih-\u00f6ncesine uzanan bir uygarl\u0131k yaratt\u0131lar ve Antik d\u00fcnyada ad\u0131n\u0131 duyuran hemen her tarihsel akt\u00f6r\u00fcn \u00e7a\u011fda\u015f\u0131yd\u0131lar. S\u00fcmerler, Elamlar, Akkadlar, Asurlular, Hititler, Babilliler, Mitanniler, Persler ve Yunanlarla ayn\u0131 tarihleri payla\u015ft\u0131lar; hepsiyle do\u011frudan yahut dolayl\u0131 ili\u015fkiler kurdular; siyaset, ticaret, sava\u015f ve bar\u0131\u015f yapt\u0131lar.   M\u0131s\u0131r tanr\u0131lar\u0131, krallar\u0131, mimarisi, gelenekleri, inan\u00e7lar\u0131, d\u00fc\u015f\u00fcnceleri ve ya\u015fam tarz\u0131yla modern d\u00f6nemde b\u00fcy\u00fck bir ilgi ve ilham kayna\u011f\u0131 olmu\u015ftur. Fakat t\u0131pk\u0131 bizim gibi Antik d\u00fcnya da, \u00f6zellikle Yunanlar ve Romal\u0131lar Antik M\u0131s\u0131r\u2019\u0131 merak etmi\u015f, gidip bizzat g\u00f6rm\u00fc\u015f, ondan etkilenmi\u015ftir. Antik insanlar\u0131 dahi cezbeden daha antik bir varl\u0131kt\u0131r M\u0131s\u0131r! \u0130\u015fte bu kitap b\u00f6ylesine kadim ve etkileyici bir kimli\u011fi olan M\u0131s\u0131r\u2019\u0131n hik\u00e2yesini sunuyor. \u0130lk insan yerle\u015fimlerinden B\u00fcy\u00fck \u0130skender\u2019in fethine dek uzanan bu g\u00f6rkemli zaman yolculu\u011funda bir yandan b\u00fcy\u00fck tarihsel evreler, d\u00f6n\u00fc\u015f\u00fcmler, olaylar ve ki\u015filer anlat\u0131l\u0131rken, bir yandan da M\u0131s\u0131r zihniyeti, evren, d\u00fcnya, toplum, insan, ya\u015fam ve \u00f6l\u00fcm, cenaze merasimleri gibi konulara dair tutum ve pratikler aktar\u0131l\u0131yor. Efsaneler, masallar ve hik\u00e2yeler, toplumsal hayata, ekonomik faaliyete, siyasete ve sava\u015f alanlar\u0131na dair anlat\u0131 ve tasvirler kitab\u0131 zenginle\u015ftiriyor; tanr\u0131lar\u0131n, firavunlar\u0131n ve kahramanlar\u0131n yan\u0131nda i\u015f\u00e7inin, \u00e7ift\u00e7inin, s\u0131radan insan\u0131n hik\u00e2yesi de kitapta yerini buluyor.   Derin birikimini hemen her sat\u0131rda sergileyen Nicolas Grimal, M\u0131s\u0131r tarihi \u00fczerine \u00f6zellikle bu ba\u015fyap\u0131t\u0131yla d\u00fcnyada tan\u0131nm\u0131\u015f en \u00f6nemli isimlerden biridir.<\/p>\n","protected":false},"excerpt":{"rendered":"<p>M\u0131s\u0131rl\u0131lar k\u00f6kleri tarih-\u00f6ncesine uzanan bir uygarl\u0131k yaratt\u0131lar ve Antik d\u00fcnyada ad\u0131n\u0131 duyuran hemen her tarihsel akt\u00f6r\u00fcn \u00e7a\u011fda\u015f\u0131yd\u0131lar. S\u00fcmerler, Elamlar, Akkadlar, Asurlular, Hititler, Babilliler, Mitanniler, Persler ve<span class=\"excerpt-hellip\"> [\u2026]<\/span><\/p>\n","protected":false},"featured_media":0,"template":"","meta":{"_monsterinsights_skip_tracking":false,"_monsterinsights_sitenote_active":false,"_monsterinsights_sitenote_note":"","_monsterinsights_sitenote_category":0},"product_brand":[],"product_cat":[12305,12304],"product_tag":[],"class_list":{"0":"post-783233","1":"product","2":"type-product","3":"status-publish","5":"product_cat-dunya-tarihi","6":"product_cat-tarih","7":"pa_cilt-ciltsiz","8":"pa_tur-kitap","9":"pa_yayinevi-dogu-bati-yayinlari","10":"pa_yazar-nicolas-grimal","12":"first","13":"instock","14":"sale","15":"shipping-taxable","16":"purchasable","17":"product-type-simple"},"_links":{"self":[{"href":"https:\/\/roveyayinevi.com.tr\/index.php\/wp-json\/wp\/v2\/product\/783233","targetHints":{"allow":["GET"]}}],"collection":[{"href":"https:\/\/roveyayinevi.com.tr\/index.php\/wp-json\/wp\/v2\/product"}],"about":[{"href":"https:\/\/roveyayinevi.com.tr\/index.php\/wp-json\/wp\/v2\/types\/product"}],"wp:attachment":[{"href":"https:\/\/roveyayinevi.com.tr\/index.php\/wp-json\/wp\/v2\/media?parent=783233"}],"wp:term":[{"taxonomy":"product_brand","embeddable":true,"href":"https:\/\/roveyayinevi.com.tr\/index.php\/wp-json\/wp\/v2\/product_brand?post=783233"},{"taxonomy":"product_cat","embeddable":true,"href":"https:\/\/roveyayinevi.com.tr\/index.php\/wp-json\/wp\/v2\/product_cat?post=783233"},{"taxonomy":"product_tag","embeddable":true,"href":"https:\/\/roveyayinevi.com.tr\/index.php\/wp-json\/wp\/v2\/product_tag?post=783233"}],"curies":[{"name":"wp","href":"https:\/\/api.w.org\/{rel}","templated":true}]}}